{"id":1037,"date":"2021-02-01T11:31:19","date_gmt":"2021-02-01T10:31:19","guid":{"rendered":"https:\/\/annonspartner.se\/?page_id=1037"},"modified":"2021-10-15T12:38:13","modified_gmt":"2021-10-15T10:38:13","slug":"rorligt-media","status":"publish","type":"page","link":"https:\/\/annonspartner.se\/en\/vara-tjanster\/rorligt-media\/","title":{"rendered":"Mobile media"},"content":{"rendered":"<h1><span style=\"color: #db901f;\">Moving media in your advertising!<\/span><\/h1>\n<p>Our brain has a much easier time processing information that is moving and prefers moving images to still images. In fact, 90% of all information that enters your brain is visual, so for these two reasons alone, you should consider involving moving media in your company's communication and visibility.<\/p>\n<p>YouTube has become the biggest on mobile media and younger generations use it as their primary mobile channel. But video and moving media are really on the rise! Video is currently gaining ground in most channels, everything from Facebook, Instagram, Websites to e-mail to search engine optimization.<\/p>\n<p>&nbsp;<\/p>\n<p><iframe loading=\"lazy\" title=\"YouTube video player\" src=\"https:\/\/www.youtube.com\/embed\/Ayc4sLkIaQc\" width=\"560\" height=\"315\" frameborder=\"0\" allowfullscreen=\"allowfullscreen\"><\/iframe>\u00a0 \u00a0 <iframe loading=\"lazy\" title=\"YouTube video player\" src=\"https:\/\/www.youtube.com\/embed\/G2Fd5wMCAdA\" width=\"560\" height=\"315\" frameborder=\"0\" allowfullscreen=\"allowfullscreen\"><\/iframe><br \/>\n<iframe loading=\"lazy\" title=\"YouTube video player\" src=\"https:\/\/www.youtube.com\/embed\/cksA6FIUf6s\" width=\"560\" height=\"315\" frameborder=\"0\" allowfullscreen=\"allowfullscreen\"><\/iframe>\u00a0 \u00a0\u00a0<iframe loading=\"lazy\" title=\"YouTube video player\" src=\"https:\/\/www.youtube.com\/embed\/cD_5NojvkLo\" width=\"560\" height=\"315\" frameborder=\"0\" allowfullscreen=\"allowfullscreen\"><\/iframe><\/p>\n<p>&nbsp;<\/p>\n<div style=\"width: 1920px;\" class=\"wp-video\"><!--[if lt IE 9]><script>document.createElement('video');<\/script><![endif]-->\n<video class=\"wp-video-shortcode\" id=\"video-1037-1\" width=\"1920\" height=\"1080\" preload=\"metadata\" controls=\"controls\"><source type=\"video\/mp4\" src=\"https:\/\/annonspartner.se\/wp-content\/uploads\/2021\/02\/AP-Vinjett.mp4?_=1\" \/><a href=\"https:\/\/annonspartner.se\/wp-content\/uploads\/2021\/02\/AP-Vinjett.mp4\">https:\/\/annonspartner.se\/wp-content\/uploads\/2021\/02\/AP-Vinjett.mp4<\/a><\/video><\/div>","protected":false},"excerpt":{"rendered":"<p>R\u00f6rligt media i din annonsering! V\u00e5r hj\u00e4rna har mycket l\u00e4ttare att hantera information som \u00e4r r\u00f6rligt och f\u00f6redrar r\u00f6rliga bilder framf\u00f6r stillbilder. Faktum \u00e4r att 90% av all information som kommer till din hj\u00e4rna \u00e4r visuell, s\u00e5 bara av dessa tv\u00e5 anledningar b\u00f6r du t\u00e4nka p\u00e5 att involvera r\u00f6rligt media i f\u00f6retagets kommunikation och synlighet. [&hellip;]<\/p>","protected":false},"author":4,"featured_media":0,"parent":700,"menu_order":0,"comment_status":"closed","ping_status":"closed","template":"","meta":{"_acf_changed":false,"footnotes":""},"class_list":["post-1037","page","type-page","status-publish","hentry"],"acf":[],"yoast_head":"<!-- This site is optimized with the Yoast SEO plugin v26.8 - https:\/\/yoast.com\/product\/yoast-seo-wordpress\/ -->\n<title>R\u00f6rligt media - Annonspartner Sverige AB<\/title>\n<meta name=\"robots\" content=\"index, follow, max-snippet:-1, max-image-preview:large, max-video-preview:-1\" \/>\n<link rel=\"canonical\" href=\"https:\/\/annonspartner.se\/en\/vara-tjanster\/rorligt-media\/\" \/>\n<meta property=\"og:locale\" content=\"en_US\" \/>\n<meta property=\"og:type\" content=\"article\" \/>\n<meta property=\"og:title\" content=\"R\u00f6rligt media - Annonspartner Sverige AB\" \/>\n<meta property=\"og:description\" content=\"R\u00f6rligt media i din annonsering! V\u00e5r hj\u00e4rna har mycket l\u00e4ttare att hantera information som \u00e4r r\u00f6rligt och f\u00f6redrar r\u00f6rliga bilder framf\u00f6r stillbilder. Faktum \u00e4r att 90% av all information som kommer till din hj\u00e4rna \u00e4r visuell, s\u00e5 bara av dessa tv\u00e5 anledningar b\u00f6r du t\u00e4nka p\u00e5 att involvera r\u00f6rligt media i f\u00f6retagets kommunikation och synlighet. [&hellip;]\" \/>\n<meta property=\"og:url\" content=\"https:\/\/annonspartner.se\/en\/vara-tjanster\/rorligt-media\/\" \/>\n<meta property=\"og:site_name\" content=\"Annonspartner Sverige AB\" \/>\n<meta property=\"article:modified_time\" content=\"2021-10-15T10:38:13+00:00\" \/>\n<meta name=\"twitter:card\" content=\"summary_large_image\" \/>\n<meta name=\"twitter:label1\" content=\"Est. reading time\" \/>\n\t<meta name=\"twitter:data1\" content=\"1 minute\" \/>\n<script type=\"application\/ld+json\" class=\"yoast-schema-graph\">{\"@context\":\"https:\/\/schema.org\",\"@graph\":[{\"@type\":\"WebPage\",\"@id\":\"https:\/\/annonspartner.se\/vara-tjanster\/rorligt-media\/\",\"url\":\"https:\/\/annonspartner.se\/vara-tjanster\/rorligt-media\/\",\"name\":\"R\u00f6rligt media - Annonspartner Sverige AB\",\"isPartOf\":{\"@id\":\"https:\/\/annonspartner.se\/#website\"},\"datePublished\":\"2021-02-01T10:31:19+00:00\",\"dateModified\":\"2021-10-15T10:38:13+00:00\",\"breadcrumb\":{\"@id\":\"https:\/\/annonspartner.se\/vara-tjanster\/rorligt-media\/#breadcrumb\"},\"inLanguage\":\"en-US\",\"potentialAction\":[{\"@type\":\"ReadAction\",\"target\":[\"https:\/\/annonspartner.se\/vara-tjanster\/rorligt-media\/\"]}]},{\"@type\":\"BreadcrumbList\",\"@id\":\"https:\/\/annonspartner.se\/vara-tjanster\/rorligt-media\/#breadcrumb\",\"itemListElement\":[{\"@type\":\"ListItem\",\"position\":1,\"name\":\"Hem\",\"item\":\"https:\/\/annonspartner.se\/\"},{\"@type\":\"ListItem\",\"position\":2,\"name\":\"V\u00e5ra tj\u00e4nster\",\"item\":\"https:\/\/annonspartner.se\/vara-tjanster\/\"},{\"@type\":\"ListItem\",\"position\":3,\"name\":\"R\u00f6rligt media\"}]},{\"@type\":\"WebSite\",\"@id\":\"https:\/\/annonspartner.se\/#website\",\"url\":\"https:\/\/annonspartner.se\/\",\"name\":\"Annonspartner Sverige AB\",\"description\":\"Reklambyr\u00e5\",\"potentialAction\":[{\"@type\":\"SearchAction\",\"target\":{\"@type\":\"EntryPoint\",\"urlTemplate\":\"https:\/\/annonspartner.se\/?s={search_term_string}\"},\"query-input\":{\"@type\":\"PropertyValueSpecification\",\"valueRequired\":true,\"valueName\":\"search_term_string\"}}],\"inLanguage\":\"en-US\"}]}<\/script>\n<!-- \/ Yoast SEO plugin. -->","yoast_head_json":{"title":"R\u00f6rligt media - Annonspartner Sverige AB","robots":{"index":"index","follow":"follow","max-snippet":"max-snippet:-1","max-image-preview":"max-image-preview:large","max-video-preview":"max-video-preview:-1"},"canonical":"https:\/\/annonspartner.se\/en\/vara-tjanster\/rorligt-media\/","og_locale":"en_US","og_type":"article","og_title":"R\u00f6rligt media - Annonspartner Sverige AB","og_description":"R\u00f6rligt media i din annonsering! V\u00e5r hj\u00e4rna har mycket l\u00e4ttare att hantera information som \u00e4r r\u00f6rligt och f\u00f6redrar r\u00f6rliga bilder framf\u00f6r stillbilder. Faktum \u00e4r att 90% av all information som kommer till din hj\u00e4rna \u00e4r visuell, s\u00e5 bara av dessa tv\u00e5 anledningar b\u00f6r du t\u00e4nka p\u00e5 att involvera r\u00f6rligt media i f\u00f6retagets kommunikation och synlighet. [&hellip;]","og_url":"https:\/\/annonspartner.se\/en\/vara-tjanster\/rorligt-media\/","og_site_name":"Annonspartner Sverige AB","article_modified_time":"2021-10-15T10:38:13+00:00","twitter_card":"summary_large_image","twitter_misc":{"Est. reading time":"1 minute"},"schema":{"@context":"https:\/\/schema.org","@graph":[{"@type":"WebPage","@id":"https:\/\/annonspartner.se\/vara-tjanster\/rorligt-media\/","url":"https:\/\/annonspartner.se\/vara-tjanster\/rorligt-media\/","name":"R\u00f6rligt media - Annonspartner Sverige AB","isPartOf":{"@id":"https:\/\/annonspartner.se\/#website"},"datePublished":"2021-02-01T10:31:19+00:00","dateModified":"2021-10-15T10:38:13+00:00","breadcrumb":{"@id":"https:\/\/annonspartner.se\/vara-tjanster\/rorligt-media\/#breadcrumb"},"inLanguage":"en-US","potentialAction":[{"@type":"ReadAction","target":["https:\/\/annonspartner.se\/vara-tjanster\/rorligt-media\/"]}]},{"@type":"BreadcrumbList","@id":"https:\/\/annonspartner.se\/vara-tjanster\/rorligt-media\/#breadcrumb","itemListElement":[{"@type":"ListItem","position":1,"name":"Hem","item":"https:\/\/annonspartner.se\/"},{"@type":"ListItem","position":2,"name":"V\u00e5ra tj\u00e4nster","item":"https:\/\/annonspartner.se\/vara-tjanster\/"},{"@type":"ListItem","position":3,"name":"R\u00f6rligt media"}]},{"@type":"WebSite","@id":"https:\/\/annonspartner.se\/#website","url":"https:\/\/annonspartner.se\/","name":"Advertising Partner","description":"Reklambyr\u00e5","potentialAction":[{"@type":"SearchAction","target":{"@type":"EntryPoint","urlTemplate":"https:\/\/annonspartner.se\/?s={search_term_string}"},"query-input":{"@type":"PropertyValueSpecification","valueRequired":true,"valueName":"search_term_string"}}],"inLanguage":"en-US"}]}},"_links":{"self":[{"href":"https:\/\/annonspartner.se\/en\/wp-json\/wp\/v2\/pages\/1037","targetHints":{"allow":["GET"]}}],"collection":[{"href":"https:\/\/annonspartner.se\/en\/wp-json\/wp\/v2\/pages"}],"about":[{"href":"https:\/\/annonspartner.se\/en\/wp-json\/wp\/v2\/types\/page"}],"author":[{"embeddable":true,"href":"https:\/\/annonspartner.se\/en\/wp-json\/wp\/v2\/users\/4"}],"replies":[{"embeddable":true,"href":"https:\/\/annonspartner.se\/en\/wp-json\/wp\/v2\/comments?post=1037"}],"version-history":[{"count":0,"href":"https:\/\/annonspartner.se\/en\/wp-json\/wp\/v2\/pages\/1037\/revisions"}],"up":[{"embeddable":true,"href":"https:\/\/annonspartner.se\/en\/wp-json\/wp\/v2\/pages\/700"}],"wp:attachment":[{"href":"https:\/\/annonspartner.se\/en\/wp-json\/wp\/v2\/media?parent=1037"}],"curies":[{"name":"wp","href":"https:\/\/api.w.org\/{rel}","templated":true}]}}