{"id":1059,"date":"2021-02-20T16:25:49","date_gmt":"2021-02-20T15:25:49","guid":{"rendered":"https:\/\/annonspartner.se\/?page_id=1059"},"modified":"2026-02-24T17:24:01","modified_gmt":"2026-02-24T16:24:01","slug":"faq_media","status":"publish","type":"page","link":"https:\/\/annonspartner.se\/en\/faq_media\/","title":{"rendered":"FAQ Marketing"},"content":{"rendered":"<div class='content-column one_half'><strong>Can you help me reduce marketing costs?<\/strong><br \/>\n- We make sure that you are seen in the right place at the right price. We negotiate with the respective actor and optimize the marketing.<\/p>\n<p><strong>How quickly can you deliver me a new website?<\/strong><br \/>\n- The website is usually complete and completed within 20 days.<\/p>\n<p><strong>If I buy a website from you, will you also manage the operation of the site?<\/strong><br \/>\n- We provide web hosting for the site and install SSL Certificates.<\/p>\n<p><strong>Can I make changes to the website myself?<\/strong><br \/>\n\u2013 Yes, you can make changes yourself if you wish, otherwise we will help you with changes\non an ongoing basis with advantageous support agreements.<\/p>\n<p><strong>Can you help me get better rankings on Google?<\/strong><br \/>\n&#8211; Med hj\u00e4lp av SEO och Google Ads s\u00e5 f\u00f6rb\u00e4ttrar vi era placeringar, vilket ger r\u00e4tt m\u00e5lgrupp f\u00f6r leads och f\u00f6rb\u00e4ttrar trafiken till hemsidan.<\/p>\n<p><strong>Can you help me to be visible on Facebook and Instagram?<\/strong><br \/>\n&#8211; Vi hj\u00e4lper dig med annonser i sociala medier s\u00e5som Facebook, Instagram, LinkedIn, Youtube, TikTok, Snapchat m.fl. Vi riktar annonserna mot den m\u00e5lgrupp som du s\u00f6ker. Har du t.ex. en veterin\u00e4rklinik?<br \/>\nD\u00e5 annonserar vi med r\u00e4tt digitala strategier mot djur\u00e4gare.<\/p>\n<p><strong>Can you help me dispute and follow up fraudulent invoices?<\/strong><br \/>\n- We dispute and follow up on all such matters during the ongoing process.<\/p>\n<p><strong>Can you help me with all the different ads? Also newspapers etc.?<\/strong><br \/>\n- Our designers help you design an ad from scratch based on your wishes.<\/p>\n<p><strong>Can you help me with all the telemarketers and meetings so I save time?<\/strong><br \/>\n- We help you manage all sellers and meetings with them. We then go through<br \/>\nthe information with you and based on the agreed budget\/plan.<\/p>\n<p><strong> Why should I choose you as a Media Agency?<\/strong><br \/>\n\u2013 We have over 20 years of experience in marketing and we are a private agency that always\ngoes the extra mile for you as a customer and builds strong customer relationships.<br \/>\nOur watchwords are \"Quality, Safety, Flexibility\"<br \/>\nWe are always available to you as a customer for all types of matters.<\/p><\/div>\n<div class='content-column one_half'><img loading=\"lazy\" decoding=\"async\" class=\"alignnone wp-image-1067 size-large\" src=\"https:\/\/annonspartner.se\/wp-content\/uploads\/2021\/02\/Reklambyra-Gavle-678x1024.jpg\" alt=\"\" width=\"678\" height=\"1024\" srcset=\"https:\/\/annonspartner.se\/wp-content\/uploads\/2021\/02\/Reklambyra-Gavle-678x1024.jpg 678w, https:\/\/annonspartner.se\/wp-content\/uploads\/2021\/02\/Reklambyra-Gavle-199x300.jpg 199w, https:\/\/annonspartner.se\/wp-content\/uploads\/2021\/02\/Reklambyra-Gavle-768x1160.jpg 768w, https:\/\/annonspartner.se\/wp-content\/uploads\/2021\/02\/Reklambyra-Gavle-1017x1536.jpg 1017w, https:\/\/annonspartner.se\/wp-content\/uploads\/2021\/02\/Reklambyra-Gavle-1356x2048.jpg 1356w, https:\/\/annonspartner.se\/wp-content\/uploads\/2021\/02\/Reklambyra-Gavle-scaled.jpg 1695w\" sizes=\"auto, (max-width: 678px) 100vw, 678px\" \/><br \/><\/div>","protected":false},"excerpt":{"rendered":"","protected":false},"author":4,"featured_media":0,"parent":0,"menu_order":0,"comment_status":"closed","ping_status":"closed","template":"","meta":{"_acf_changed":false,"footnotes":""},"class_list":["post-1059","page","type-page","status-publish","hentry"],"acf":[],"yoast_head":"<!-- This site is optimized with the Yoast SEO plugin v26.8 - https:\/\/yoast.com\/product\/yoast-seo-wordpress\/ -->\n<title>FAQ Marknadsf\u00f6ring - Annonspartner Sverige AB<\/title>\n<meta name=\"description\" content=\"Kan ni hj\u00e4lpa mig att s\u00e4nka kostnaderna f\u00f6r marknadsf\u00f6ring? Vi ser till att ni syns p\u00e5 r\u00e4tt plats till r\u00e4tt pris.\" \/>\n<meta name=\"robots\" content=\"index, follow, max-snippet:-1, max-image-preview:large, max-video-preview:-1\" \/>\n<link rel=\"canonical\" href=\"https:\/\/annonspartner.se\/en\/faq_media\/\" \/>\n<meta property=\"og:locale\" content=\"en_US\" \/>\n<meta property=\"og:type\" content=\"article\" \/>\n<meta property=\"og:title\" content=\"FAQ Marknadsf\u00f6ring - Annonspartner Sverige AB\" \/>\n<meta property=\"og:description\" content=\"Kan ni hj\u00e4lpa mig att s\u00e4nka kostnaderna f\u00f6r marknadsf\u00f6ring? Vi ser till att ni syns p\u00e5 r\u00e4tt plats till r\u00e4tt pris.\" \/>\n<meta property=\"og:url\" content=\"https:\/\/annonspartner.se\/en\/faq_media\/\" \/>\n<meta property=\"og:site_name\" content=\"Annonspartner Sverige AB\" \/>\n<meta property=\"article:modified_time\" content=\"2026-02-24T16:24:01+00:00\" \/>\n<meta property=\"og:image\" content=\"https:\/\/annonspartner.se\/wp-content\/uploads\/2021\/02\/Reklambyra-Gavle-scaled.jpg\" \/>\n\t<meta property=\"og:image:width\" content=\"1695\" \/>\n\t<meta property=\"og:image:height\" content=\"2560\" \/>\n\t<meta property=\"og:image:type\" content=\"image\/jpeg\" \/>\n<meta name=\"twitter:card\" content=\"summary_large_image\" \/>\n<meta name=\"twitter:label1\" content=\"Est. reading time\" \/>\n\t<meta name=\"twitter:data1\" content=\"2 minutes\" \/>\n<script type=\"application\/ld+json\" class=\"yoast-schema-graph\">{\"@context\":\"https:\/\/schema.org\",\"@graph\":[{\"@type\":\"WebPage\",\"@id\":\"https:\/\/annonspartner.se\/faq_media\/\",\"url\":\"https:\/\/annonspartner.se\/faq_media\/\",\"name\":\"FAQ Marknadsf\u00f6ring - Annonspartner Sverige AB\",\"isPartOf\":{\"@id\":\"https:\/\/annonspartner.se\/#website\"},\"primaryImageOfPage\":{\"@id\":\"https:\/\/annonspartner.se\/faq_media\/#primaryimage\"},\"image\":{\"@id\":\"https:\/\/annonspartner.se\/faq_media\/#primaryimage\"},\"thumbnailUrl\":\"https:\/\/annonspartner.se\/wp-content\/uploads\/2021\/02\/Reklambyra-Gavle-678x1024.jpg\",\"datePublished\":\"2021-02-20T15:25:49+00:00\",\"dateModified\":\"2026-02-24T16:24:01+00:00\",\"description\":\"Kan ni hj\u00e4lpa mig att s\u00e4nka kostnaderna f\u00f6r marknadsf\u00f6ring? Vi ser till att ni syns p\u00e5 r\u00e4tt plats till r\u00e4tt pris.\",\"breadcrumb\":{\"@id\":\"https:\/\/annonspartner.se\/faq_media\/#breadcrumb\"},\"inLanguage\":\"en-US\",\"potentialAction\":[{\"@type\":\"ReadAction\",\"target\":[\"https:\/\/annonspartner.se\/faq_media\/\"]}]},{\"@type\":\"ImageObject\",\"inLanguage\":\"en-US\",\"@id\":\"https:\/\/annonspartner.se\/faq_media\/#primaryimage\",\"url\":\"https:\/\/annonspartner.se\/wp-content\/uploads\/2021\/02\/Reklambyra-Gavle-678x1024.jpg\",\"contentUrl\":\"https:\/\/annonspartner.se\/wp-content\/uploads\/2021\/02\/Reklambyra-Gavle-678x1024.jpg\"},{\"@type\":\"BreadcrumbList\",\"@id\":\"https:\/\/annonspartner.se\/faq_media\/#breadcrumb\",\"itemListElement\":[{\"@type\":\"ListItem\",\"position\":1,\"name\":\"Hem\",\"item\":\"https:\/\/annonspartner.se\/\"},{\"@type\":\"ListItem\",\"position\":2,\"name\":\"FAQ Marknadsf\u00f6ring\"}]},{\"@type\":\"WebSite\",\"@id\":\"https:\/\/annonspartner.se\/#website\",\"url\":\"https:\/\/annonspartner.se\/\",\"name\":\"Annonspartner Sverige AB\",\"description\":\"Reklambyr\u00e5\",\"potentialAction\":[{\"@type\":\"SearchAction\",\"target\":{\"@type\":\"EntryPoint\",\"urlTemplate\":\"https:\/\/annonspartner.se\/?s={search_term_string}\"},\"query-input\":{\"@type\":\"PropertyValueSpecification\",\"valueRequired\":true,\"valueName\":\"search_term_string\"}}],\"inLanguage\":\"en-US\"}]}<\/script>\n<!-- \/ Yoast SEO plugin. -->","yoast_head_json":{"title":"FAQ Marknadsf\u00f6ring - Annonspartner Sverige AB","description":"Kan ni hj\u00e4lpa mig att s\u00e4nka kostnaderna f\u00f6r marknadsf\u00f6ring? Vi ser till att ni syns p\u00e5 r\u00e4tt plats till r\u00e4tt pris.","robots":{"index":"index","follow":"follow","max-snippet":"max-snippet:-1","max-image-preview":"max-image-preview:large","max-video-preview":"max-video-preview:-1"},"canonical":"https:\/\/annonspartner.se\/en\/faq_media\/","og_locale":"en_US","og_type":"article","og_title":"FAQ Marknadsf\u00f6ring - Annonspartner Sverige AB","og_description":"Kan ni hj\u00e4lpa mig att s\u00e4nka kostnaderna f\u00f6r marknadsf\u00f6ring? Vi ser till att ni syns p\u00e5 r\u00e4tt plats till r\u00e4tt pris.","og_url":"https:\/\/annonspartner.se\/en\/faq_media\/","og_site_name":"Annonspartner Sverige AB","article_modified_time":"2026-02-24T16:24:01+00:00","og_image":[{"width":1695,"height":2560,"url":"https:\/\/annonspartner.se\/wp-content\/uploads\/2021\/02\/Reklambyra-Gavle-scaled.jpg","type":"image\/jpeg"}],"twitter_card":"summary_large_image","twitter_misc":{"Est. reading time":"2 minutes"},"schema":{"@context":"https:\/\/schema.org","@graph":[{"@type":"WebPage","@id":"https:\/\/annonspartner.se\/faq_media\/","url":"https:\/\/annonspartner.se\/faq_media\/","name":"FAQ Marknadsf\u00f6ring - Annonspartner Sverige AB","isPartOf":{"@id":"https:\/\/annonspartner.se\/#website"},"primaryImageOfPage":{"@id":"https:\/\/annonspartner.se\/faq_media\/#primaryimage"},"image":{"@id":"https:\/\/annonspartner.se\/faq_media\/#primaryimage"},"thumbnailUrl":"https:\/\/annonspartner.se\/wp-content\/uploads\/2021\/02\/Reklambyra-Gavle-678x1024.jpg","datePublished":"2021-02-20T15:25:49+00:00","dateModified":"2026-02-24T16:24:01+00:00","description":"Kan ni hj\u00e4lpa mig att s\u00e4nka kostnaderna f\u00f6r marknadsf\u00f6ring? Vi ser till att ni syns p\u00e5 r\u00e4tt plats till r\u00e4tt pris.","breadcrumb":{"@id":"https:\/\/annonspartner.se\/faq_media\/#breadcrumb"},"inLanguage":"en-US","potentialAction":[{"@type":"ReadAction","target":["https:\/\/annonspartner.se\/faq_media\/"]}]},{"@type":"ImageObject","inLanguage":"en-US","@id":"https:\/\/annonspartner.se\/faq_media\/#primaryimage","url":"https:\/\/annonspartner.se\/wp-content\/uploads\/2021\/02\/Reklambyra-Gavle-678x1024.jpg","contentUrl":"https:\/\/annonspartner.se\/wp-content\/uploads\/2021\/02\/Reklambyra-Gavle-678x1024.jpg"},{"@type":"BreadcrumbList","@id":"https:\/\/annonspartner.se\/faq_media\/#breadcrumb","itemListElement":[{"@type":"ListItem","position":1,"name":"Hem","item":"https:\/\/annonspartner.se\/"},{"@type":"ListItem","position":2,"name":"FAQ Marknadsf\u00f6ring"}]},{"@type":"WebSite","@id":"https:\/\/annonspartner.se\/#website","url":"https:\/\/annonspartner.se\/","name":"Advertising Partner","description":"Reklambyr\u00e5","potentialAction":[{"@type":"SearchAction","target":{"@type":"EntryPoint","urlTemplate":"https:\/\/annonspartner.se\/?s={search_term_string}"},"query-input":{"@type":"PropertyValueSpecification","valueRequired":true,"valueName":"search_term_string"}}],"inLanguage":"en-US"}]}},"_links":{"self":[{"href":"https:\/\/annonspartner.se\/en\/wp-json\/wp\/v2\/pages\/1059","targetHints":{"allow":["GET"]}}],"collection":[{"href":"https:\/\/annonspartner.se\/en\/wp-json\/wp\/v2\/pages"}],"about":[{"href":"https:\/\/annonspartner.se\/en\/wp-json\/wp\/v2\/types\/page"}],"author":[{"embeddable":true,"href":"https:\/\/annonspartner.se\/en\/wp-json\/wp\/v2\/users\/4"}],"replies":[{"embeddable":true,"href":"https:\/\/annonspartner.se\/en\/wp-json\/wp\/v2\/comments?post=1059"}],"version-history":[{"count":5,"href":"https:\/\/annonspartner.se\/en\/wp-json\/wp\/v2\/pages\/1059\/revisions"}],"predecessor-version":[{"id":2001,"href":"https:\/\/annonspartner.se\/en\/wp-json\/wp\/v2\/pages\/1059\/revisions\/2001"}],"wp:attachment":[{"href":"https:\/\/annonspartner.se\/en\/wp-json\/wp\/v2\/media?parent=1059"}],"curies":[{"name":"wp","href":"https:\/\/api.w.org\/{rel}","templated":true}]}}