{"id":1254,"date":"2025-08-19T14:02:16","date_gmt":"2025-08-19T12:02:16","guid":{"rendered":"https:\/\/annonspartner.se\/?page_id=1254"},"modified":"2025-08-19T14:11:51","modified_gmt":"2025-08-19T12:11:51","slug":"annonsering-e-handel","status":"publish","type":"page","link":"https:\/\/annonspartner.se\/en\/vara-tjanster\/annonsering-e-handel\/","title":{"rendered":"Advertising E-commerce"},"content":{"rendered":"<h1><span style=\"color: #eb8d00;\">We help your e-commerce grow globally<\/span><\/h1>\n<p>Are you ready to take your e-commerce to the next level? If you already run an online store and dream of expanding globally, we are your trusted partner for growth!<\/p>\n<p>We are specialized in international marketing that reaches the right audiences across borders \u2013 from strategic social media campaigns and SEO-optimized content to targeted advertising on platforms like Google Ads and Facebook. With our expertise, we help you increase visibility, attract new customers and boost your sales worldwide.<\/p>\n<p>In addition, we can build or optimize your e-commerce store from scratch on popular platforms like Shopify or WooCommerce. We create user-friendly, scalable stores with beautiful designs, smooth payment solutions, and integrated tools for managing inventory and orders \u2013 all tailored to your needs.<\/p>\n<p>Contact us today for a free consultation and let us realize your global success together!<\/p>","protected":false},"excerpt":{"rendered":"<p>Vi hj\u00e4lper din E-handel att v\u00e4xa globalt \u00c4r du redo att ta din e-handel till n\u00e4sta niv\u00e5? Om du redan driver en onlinebutik och dr\u00f6mmer om att expandera globalt, \u00e4r vi din p\u00e5litliga partner f\u00f6r tillv\u00e4xt! Vi \u00e4r specialiserade p\u00e5 internationell marknadsf\u00f6ring som n\u00e5r r\u00e4tt m\u00e5lgrupper \u00f6ver gr\u00e4nserna \u2013 fr\u00e5n strategiska kampanjer p\u00e5 sociala medier [&hellip;]<\/p>","protected":false},"author":4,"featured_media":0,"parent":700,"menu_order":0,"comment_status":"closed","ping_status":"closed","template":"","meta":{"_acf_changed":false,"footnotes":""},"class_list":["post-1254","page","type-page","status-publish","hentry"],"acf":[],"yoast_head":"<!-- This site is optimized with the Yoast SEO plugin v26.8 - https:\/\/yoast.com\/product\/yoast-seo-wordpress\/ -->\n<title>Annonsering E-handel - Annonspartner Sverige AB<\/title>\n<meta name=\"robots\" content=\"index, follow, max-snippet:-1, max-image-preview:large, max-video-preview:-1\" \/>\n<link rel=\"canonical\" href=\"https:\/\/annonspartner.se\/en\/vara-tjanster\/annonsering-e-handel\/\" \/>\n<meta property=\"og:locale\" content=\"en_US\" \/>\n<meta property=\"og:type\" content=\"article\" \/>\n<meta property=\"og:title\" content=\"Annonsering E-handel - Annonspartner Sverige AB\" \/>\n<meta property=\"og:description\" content=\"Vi hj\u00e4lper din E-handel att v\u00e4xa globalt \u00c4r du redo att ta din e-handel till n\u00e4sta niv\u00e5? Om du redan driver en onlinebutik och dr\u00f6mmer om att expandera globalt, \u00e4r vi din p\u00e5litliga partner f\u00f6r tillv\u00e4xt! Vi \u00e4r specialiserade p\u00e5 internationell marknadsf\u00f6ring som n\u00e5r r\u00e4tt m\u00e5lgrupper \u00f6ver gr\u00e4nserna \u2013 fr\u00e5n strategiska kampanjer p\u00e5 sociala medier [&hellip;]\" \/>\n<meta property=\"og:url\" content=\"https:\/\/annonspartner.se\/en\/vara-tjanster\/annonsering-e-handel\/\" \/>\n<meta property=\"og:site_name\" content=\"Annonspartner Sverige AB\" \/>\n<meta property=\"article:modified_time\" content=\"2025-08-19T12:11:51+00:00\" \/>\n<meta name=\"twitter:card\" content=\"summary_large_image\" \/>\n<meta name=\"twitter:label1\" content=\"Est. reading time\" \/>\n\t<meta name=\"twitter:data1\" content=\"1 minute\" \/>\n<script type=\"application\/ld+json\" class=\"yoast-schema-graph\">{\"@context\":\"https:\/\/schema.org\",\"@graph\":[{\"@type\":\"WebPage\",\"@id\":\"https:\/\/annonspartner.se\/vara-tjanster\/annonsering-e-handel\/\",\"url\":\"https:\/\/annonspartner.se\/vara-tjanster\/annonsering-e-handel\/\",\"name\":\"Annonsering E-handel - Annonspartner Sverige AB\",\"isPartOf\":{\"@id\":\"https:\/\/annonspartner.se\/#website\"},\"datePublished\":\"2025-08-19T12:02:16+00:00\",\"dateModified\":\"2025-08-19T12:11:51+00:00\",\"breadcrumb\":{\"@id\":\"https:\/\/annonspartner.se\/vara-tjanster\/annonsering-e-handel\/#breadcrumb\"},\"inLanguage\":\"en-US\",\"potentialAction\":[{\"@type\":\"ReadAction\",\"target\":[\"https:\/\/annonspartner.se\/vara-tjanster\/annonsering-e-handel\/\"]}]},{\"@type\":\"BreadcrumbList\",\"@id\":\"https:\/\/annonspartner.se\/vara-tjanster\/annonsering-e-handel\/#breadcrumb\",\"itemListElement\":[{\"@type\":\"ListItem\",\"position\":1,\"name\":\"Hem\",\"item\":\"https:\/\/annonspartner.se\/\"},{\"@type\":\"ListItem\",\"position\":2,\"name\":\"V\u00e5ra tj\u00e4nster\",\"item\":\"https:\/\/annonspartner.se\/vara-tjanster\/\"},{\"@type\":\"ListItem\",\"position\":3,\"name\":\"Annonsering E-handel\"}]},{\"@type\":\"WebSite\",\"@id\":\"https:\/\/annonspartner.se\/#website\",\"url\":\"https:\/\/annonspartner.se\/\",\"name\":\"Annonspartner Sverige AB\",\"description\":\"Reklambyr\u00e5\",\"potentialAction\":[{\"@type\":\"SearchAction\",\"target\":{\"@type\":\"EntryPoint\",\"urlTemplate\":\"https:\/\/annonspartner.se\/?s={search_term_string}\"},\"query-input\":{\"@type\":\"PropertyValueSpecification\",\"valueRequired\":true,\"valueName\":\"search_term_string\"}}],\"inLanguage\":\"en-US\"}]}<\/script>\n<!-- \/ Yoast SEO plugin. -->","yoast_head_json":{"title":"Annonsering E-handel - Annonspartner Sverige AB","robots":{"index":"index","follow":"follow","max-snippet":"max-snippet:-1","max-image-preview":"max-image-preview:large","max-video-preview":"max-video-preview:-1"},"canonical":"https:\/\/annonspartner.se\/en\/vara-tjanster\/annonsering-e-handel\/","og_locale":"en_US","og_type":"article","og_title":"Annonsering E-handel - Annonspartner Sverige AB","og_description":"Vi hj\u00e4lper din E-handel att v\u00e4xa globalt \u00c4r du redo att ta din e-handel till n\u00e4sta niv\u00e5? Om du redan driver en onlinebutik och dr\u00f6mmer om att expandera globalt, \u00e4r vi din p\u00e5litliga partner f\u00f6r tillv\u00e4xt! Vi \u00e4r specialiserade p\u00e5 internationell marknadsf\u00f6ring som n\u00e5r r\u00e4tt m\u00e5lgrupper \u00f6ver gr\u00e4nserna \u2013 fr\u00e5n strategiska kampanjer p\u00e5 sociala medier [&hellip;]","og_url":"https:\/\/annonspartner.se\/en\/vara-tjanster\/annonsering-e-handel\/","og_site_name":"Annonspartner Sverige AB","article_modified_time":"2025-08-19T12:11:51+00:00","twitter_card":"summary_large_image","twitter_misc":{"Est. reading time":"1 minute"},"schema":{"@context":"https:\/\/schema.org","@graph":[{"@type":"WebPage","@id":"https:\/\/annonspartner.se\/vara-tjanster\/annonsering-e-handel\/","url":"https:\/\/annonspartner.se\/vara-tjanster\/annonsering-e-handel\/","name":"Annonsering E-handel - Annonspartner Sverige AB","isPartOf":{"@id":"https:\/\/annonspartner.se\/#website"},"datePublished":"2025-08-19T12:02:16+00:00","dateModified":"2025-08-19T12:11:51+00:00","breadcrumb":{"@id":"https:\/\/annonspartner.se\/vara-tjanster\/annonsering-e-handel\/#breadcrumb"},"inLanguage":"en-US","potentialAction":[{"@type":"ReadAction","target":["https:\/\/annonspartner.se\/vara-tjanster\/annonsering-e-handel\/"]}]},{"@type":"BreadcrumbList","@id":"https:\/\/annonspartner.se\/vara-tjanster\/annonsering-e-handel\/#breadcrumb","itemListElement":[{"@type":"ListItem","position":1,"name":"Hem","item":"https:\/\/annonspartner.se\/"},{"@type":"ListItem","position":2,"name":"V\u00e5ra tj\u00e4nster","item":"https:\/\/annonspartner.se\/vara-tjanster\/"},{"@type":"ListItem","position":3,"name":"Annonsering E-handel"}]},{"@type":"WebSite","@id":"https:\/\/annonspartner.se\/#website","url":"https:\/\/annonspartner.se\/","name":"Advertising Partner","description":"Reklambyr\u00e5","potentialAction":[{"@type":"SearchAction","target":{"@type":"EntryPoint","urlTemplate":"https:\/\/annonspartner.se\/?s={search_term_string}"},"query-input":{"@type":"PropertyValueSpecification","valueRequired":true,"valueName":"search_term_string"}}],"inLanguage":"en-US"}]}},"_links":{"self":[{"href":"https:\/\/annonspartner.se\/en\/wp-json\/wp\/v2\/pages\/1254","targetHints":{"allow":["GET"]}}],"collection":[{"href":"https:\/\/annonspartner.se\/en\/wp-json\/wp\/v2\/pages"}],"about":[{"href":"https:\/\/annonspartner.se\/en\/wp-json\/wp\/v2\/types\/page"}],"author":[{"embeddable":true,"href":"https:\/\/annonspartner.se\/en\/wp-json\/wp\/v2\/users\/4"}],"replies":[{"embeddable":true,"href":"https:\/\/annonspartner.se\/en\/wp-json\/wp\/v2\/comments?post=1254"}],"version-history":[{"count":4,"href":"https:\/\/annonspartner.se\/en\/wp-json\/wp\/v2\/pages\/1254\/revisions"}],"predecessor-version":[{"id":1261,"href":"https:\/\/annonspartner.se\/en\/wp-json\/wp\/v2\/pages\/1254\/revisions\/1261"}],"up":[{"embeddable":true,"href":"https:\/\/annonspartner.se\/en\/wp-json\/wp\/v2\/pages\/700"}],"wp:attachment":[{"href":"https:\/\/annonspartner.se\/en\/wp-json\/wp\/v2\/media?parent=1254"}],"curies":[{"name":"wp","href":"https:\/\/api.w.org\/{rel}","templated":true}]}}