{"id":1308,"date":"2026-01-20T19:10:00","date_gmt":"2026-01-20T18:10:00","guid":{"rendered":"https:\/\/annonspartner.se\/?page_id=1308"},"modified":"2026-03-13T08:42:09","modified_gmt":"2026-03-13T07:42:09","slug":"ny-hemsida-borlange","status":"publish","type":"page","link":"https:\/\/annonspartner.se\/en\/vara-tjanster\/ny-hemsida-borlange\/","title":{"rendered":"Ny hemsida Borl\u00e4nge"},"content":{"rendered":"<p><pre class=\"ti-widget\" style=\"display: none\"><template id=\"trustindex-google-widget-html\"><div class=\"ti-widget  ti-goog ti-review-text-mode-readmore ti-text-align-left\" data-no-translation=\"true\" data-time-locale=\"%d %s sedan|i dag|dag|dagar|vecka|veckor|m\u00e5nad|m\u00e5nader|\u00e5r|\u00e5r\" data-plugin-version=\"13.2.7\" data-layout-id=\"97\" data-layout-category=\"badge, top-rated-badge\" data-set-id=\"ligth-border\" data-pid=\"\" data-language=\"sv\" data-close-locale=\"St\u00e4nga\" data-css-version=\"2\" data-size=\"1\"> <div class=\"ti-widget-container\"> <div class=\"ti-header source-Google\"> <div class=\"ti-profile-details\"> <div class=\"ti-large-logo\"> <div class=\"ti-v-center\"> <trustindex-image class=\"ti-logo-fb\" data-imgurl=\"https:\/\/cdn.trustindex.io\/assets\/platform\/Google\/logo.svg\" width=\"150\" height=\"25\" loading=\"lazy\" alt=\"Google\"><\/trustindex-image> <\/div> <\/div> <div class=\"ti-stars\"><trustindex-image class=\"ti-star\" data-imgurl=\"https:\/\/cdn.trustindex.io\/assets\/platform\/Google\/star\/f.svg\" alt=\"Google\" width=\"17\" height=\"17\" loading=\"lazy\"><\/trustindex-image><trustindex-image class=\"ti-star\" data-imgurl=\"https:\/\/cdn.trustindex.io\/assets\/platform\/Google\/star\/f.svg\" alt=\"Google\" width=\"17\" height=\"17\" loading=\"lazy\"><\/trustindex-image><trustindex-image class=\"ti-star\" data-imgurl=\"https:\/\/cdn.trustindex.io\/assets\/platform\/Google\/star\/f.svg\" alt=\"Google\" width=\"17\" height=\"17\" loading=\"lazy\"><\/trustindex-image><trustindex-image class=\"ti-star\" data-imgurl=\"https:\/\/cdn.trustindex.io\/assets\/platform\/Google\/star\/f.svg\" alt=\"Google\" width=\"17\" height=\"17\" loading=\"lazy\"><\/trustindex-image><trustindex-image class=\"ti-star\" data-imgurl=\"https:\/\/cdn.trustindex.io\/assets\/platform\/Google\/star\/f.svg\" alt=\"Google\" width=\"17\" height=\"17\" loading=\"lazy\"><\/trustindex-image><\/div> <span class=\"ti-rating\">5.0<\/span> <\/div> <div class=\"ti-top-rated-title\">Topprankad  tj\u00e4nst 2026<\/div> <div class=\"ti-verified-by\">verifierad av: Trustindex <span class=\"ti-info-icon\"><\/span><\/div> <div class=\"ti-disclaimer\">Trustindex verifierar att f\u00f6retaget har en recensionsbetyg \u00f6ver 4.5, baserat p\u00e5 recensioner som samlats in p\u00e5 Google under de senaste 12 m\u00e5naderna, vilket kvalificerar det f\u00f6r att f\u00e5 det <a href=\"https:\/\/www.trustindex.io\/?a=sys&amp;c=wp-top-rated-badge&amp;url=\/the-trustindex-verified-badge\/\" target=\"_blank\">h\u00f6gst betygsatta certifikatet<\/a>.<\/div> <\/div> <\/div> <\/div> <\/template><\/pre><div data-src=\"https:\/\/cdn.trustindex.io\/loader.js?wp-widget\" data-template-id=\"trustindex-google-widget-html\" data-css-url=\"https:\/\/annonspartner.se\/wp-content\/uploads\/trustindex-google-widget.css?1770717049\"><\/div><br \/>\nVi tar hand om allt som r\u00f6r din nya hemsida i Borl\u00e4nge. Beh\u00f6ver ni en ny mobilanpassad hemsida till ert f\u00f6retag, f\u00f6rening eller verksamhet s\u00e5 \u00e4r vi din leverant\u00f6r av hemsida i Borl\u00e4nge. Vi har \u00f6ver 20 \u00e5rs erfarenhet av grafisk design, webbutveckling och programmering. Vi ger dig ett designf\u00f6rslag, sk\u00f6ter uppbyggnad, ser \u00f6ver webbplatsprestanda och erbjuder dom\u00e4n och hosting f\u00f6r din hemsida i Borl\u00e4nge.<\/p>\n<h2><span style=\"color: #eb9400;\">Hur vi bygger din nya hemsida i Borl\u00e4nge<\/span><\/h2>\n<p>Vi utvecklar din nya hemsida i Borl\u00e4nge. V\u00e5r webbproduktion och webbyr\u00e5 finns n\u00e4ra Borl\u00e4nge. Vill du ha en personlig kontakt och ett m\u00f6te f\u00f6r att veta mer s\u00e5 kontakta g\u00e4rna oss! Vi gillar att ses \u00f6ver en kopp kaffe och kommer ut till dig. Beh\u00f6ver du ocks\u00e5 marknadsf\u00f6ra din nya hemsida i Borl\u00e4nge har vi helhetsl\u00f6sningar f\u00f6r annonsering. Se mer h\u00e4r! <a href=\"https:\/\/annonspartner.se\/en\/vara-tjanster\/\"><em><strong>Services<\/strong><\/em><\/a><\/p>\n<h2><span style=\"color: #eb9400;\">Webbdesign och anv\u00e4ndarupplevelse i Borl\u00e4nge<\/span><\/h2>\n<p>Inom webbdesign \u00e4r trenderna i st\u00e4ndig f\u00f6r\u00e4ndring, att bygga p\u00e5 en modern plattform och med h\u00e4nsyn till UI\/UX \u00e4r viktiga aspekter n\u00e4r vi bygger din nya hemsida i Borl\u00e4nge. Skr\u00e4ddarsydd hemsida att matcha dagens krav. Du f\u00e5r en skiss utifr\u00e5n din grafiska profil och verksamhet eller utvecklar er befintliga hemsida. Vi skapar en smart och tilltalande layout som speglar f\u00f6retagets profil. Vi finns ocks\u00e5 tillhands om ni beh\u00f6ver hj\u00e4lp med er logotype eller \u00f6vriga reklam i f\u00f6retaget i Borl\u00e4nge.<\/p>\n<h2><span style=\"color: #eb9400;\">Hemsida i wordpress i Borl\u00e4nge<\/span><\/h2>\n<p>Att enkelt kunna uppdatera hemsidan sj\u00e4lva? Vi har en smart l\u00f6sning d\u00e5 vi bygger upp hemsidan i WordPress som \u00e4r ett enkelt system att sk\u00f6ta och uppdatera. Alla hemsidor vi producerar i Borl\u00e4nge \u00e4r responsiva vilket betyder att dom fungerar lika bra i dator, mobil och surfplatta. Om hemsidor och kontrollpaneler k\u00e4nns som en djungel eller om ni helt enkelt inte har tid s\u00e5 har vi f\u00f6rm\u00e5nliga supportavtal. Vi erbjuder l\u00f6pande support, drift och uppdateringar s\u00e5 ni kan fokusera p\u00e5 verksamheten och enkelt skicka era korrigeringar till oss.<\/p>\n<h2><span style=\"color: #eb9400;\">SSL Certificate<\/span><\/h2>\n<p>An SSL Certificate is an extra security service for your website that ensures that all information that your visitors fill in on your website, such as usernames, passwords and credit details, is forwarded to your database or invoicing system safely and encrypted. It is an important addition to have on your website so that your visitors feel safe. Google also \u201clikes\u201d secure websites with SSL, which makes you rank higher than a competitor that does not have SSL.<\/p>\n<h2>See some of our websites here:<\/h2>","protected":false},"excerpt":{"rendered":"<p>Vi tar hand om allt som r\u00f6r din nya hemsida i Borl\u00e4nge. Beh\u00f6ver ni en ny mobilanpassad hemsida till ert f\u00f6retag, f\u00f6rening eller verksamhet s\u00e5 \u00e4r vi din leverant\u00f6r av hemsida i Borl\u00e4nge. Vi har \u00f6ver 20 \u00e5rs erfarenhet av grafisk design, webbutveckling och programmering. Vi ger dig ett designf\u00f6rslag, sk\u00f6ter uppbyggnad, ser \u00f6ver webbplatsprestanda [&hellip;]<\/p>","protected":false},"author":4,"featured_media":0,"parent":700,"menu_order":0,"comment_status":"closed","ping_status":"closed","template":"","meta":{"_acf_changed":false,"footnotes":""},"class_list":["post-1308","page","type-page","status-publish","hentry"],"acf":[],"yoast_head":"<!-- This site is optimized with the Yoast SEO plugin v26.8 - https:\/\/yoast.com\/product\/yoast-seo-wordpress\/ -->\n<title>Ny hemsida Borl\u00e4nge - Annonspartner Sverige AB<\/title>\n<meta name=\"description\" content=\"&quot;Beh\u00f6ver du ny hemsida i Borl\u00e4nge? Vi bygger moderna, responsiva och SEO-optimerade hemsidor f\u00f6r f\u00f6retag i Borl\u00e4nge.\" \/>\n<meta name=\"robots\" content=\"index, follow, max-snippet:-1, max-image-preview:large, max-video-preview:-1\" \/>\n<link rel=\"canonical\" href=\"https:\/\/annonspartner.se\/en\/vara-tjanster\/ny-hemsida-borlange\/\" \/>\n<meta property=\"og:locale\" content=\"en_US\" \/>\n<meta property=\"og:type\" content=\"article\" \/>\n<meta property=\"og:title\" content=\"Ny hemsida Borl\u00e4nge - Annonspartner Sverige AB\" \/>\n<meta property=\"og:description\" content=\"&quot;Beh\u00f6ver du ny hemsida i Borl\u00e4nge? Vi bygger moderna, responsiva och SEO-optimerade hemsidor f\u00f6r f\u00f6retag i Borl\u00e4nge.\" \/>\n<meta property=\"og:url\" content=\"https:\/\/annonspartner.se\/en\/vara-tjanster\/ny-hemsida-borlange\/\" \/>\n<meta property=\"og:site_name\" content=\"Annonspartner Sverige AB\" \/>\n<meta property=\"article:modified_time\" content=\"2026-03-13T07:42:09+00:00\" \/>\n<meta name=\"twitter:card\" content=\"summary_large_image\" \/>\n<meta name=\"twitter:label1\" content=\"Est. reading time\" \/>\n\t<meta name=\"twitter:data1\" content=\"2 minutes\" \/>\n<script type=\"application\/ld+json\" class=\"yoast-schema-graph\">{\"@context\":\"https:\/\/schema.org\",\"@graph\":[{\"@type\":\"WebPage\",\"@id\":\"https:\/\/annonspartner.se\/vara-tjanster\/ny-hemsida-borlange\/\",\"url\":\"https:\/\/annonspartner.se\/vara-tjanster\/ny-hemsida-borlange\/\",\"name\":\"Ny hemsida Borl\u00e4nge - Annonspartner Sverige AB\",\"isPartOf\":{\"@id\":\"https:\/\/annonspartner.se\/#website\"},\"datePublished\":\"2026-01-20T18:10:00+00:00\",\"dateModified\":\"2026-03-13T07:42:09+00:00\",\"description\":\"\\\"Beh\u00f6ver du ny hemsida i Borl\u00e4nge? Vi bygger moderna, responsiva och SEO-optimerade hemsidor f\u00f6r f\u00f6retag i Borl\u00e4nge.\",\"breadcrumb\":{\"@id\":\"https:\/\/annonspartner.se\/vara-tjanster\/ny-hemsida-borlange\/#breadcrumb\"},\"inLanguage\":\"en-US\",\"potentialAction\":[{\"@type\":\"ReadAction\",\"target\":[\"https:\/\/annonspartner.se\/vara-tjanster\/ny-hemsida-borlange\/\"]}]},{\"@type\":\"BreadcrumbList\",\"@id\":\"https:\/\/annonspartner.se\/vara-tjanster\/ny-hemsida-borlange\/#breadcrumb\",\"itemListElement\":[{\"@type\":\"ListItem\",\"position\":1,\"name\":\"Hem\",\"item\":\"https:\/\/annonspartner.se\/\"},{\"@type\":\"ListItem\",\"position\":2,\"name\":\"V\u00e5ra tj\u00e4nster\",\"item\":\"https:\/\/annonspartner.se\/vara-tjanster\/\"},{\"@type\":\"ListItem\",\"position\":3,\"name\":\"Ny hemsida Borl\u00e4nge\"}]},{\"@type\":\"WebSite\",\"@id\":\"https:\/\/annonspartner.se\/#website\",\"url\":\"https:\/\/annonspartner.se\/\",\"name\":\"Annonspartner Sverige AB\",\"description\":\"Reklambyr\u00e5\",\"potentialAction\":[{\"@type\":\"SearchAction\",\"target\":{\"@type\":\"EntryPoint\",\"urlTemplate\":\"https:\/\/annonspartner.se\/?s={search_term_string}\"},\"query-input\":{\"@type\":\"PropertyValueSpecification\",\"valueRequired\":true,\"valueName\":\"search_term_string\"}}],\"inLanguage\":\"en-US\"}]}<\/script>\n<!-- \/ Yoast SEO plugin. -->","yoast_head_json":{"title":"Ny hemsida Borl\u00e4nge - Annonspartner Sverige AB","description":"\"Beh\u00f6ver du ny hemsida i Borl\u00e4nge? Vi bygger moderna, responsiva och SEO-optimerade hemsidor f\u00f6r f\u00f6retag i Borl\u00e4nge.","robots":{"index":"index","follow":"follow","max-snippet":"max-snippet:-1","max-image-preview":"max-image-preview:large","max-video-preview":"max-video-preview:-1"},"canonical":"https:\/\/annonspartner.se\/en\/vara-tjanster\/ny-hemsida-borlange\/","og_locale":"en_US","og_type":"article","og_title":"Ny hemsida Borl\u00e4nge - Annonspartner Sverige AB","og_description":"\"Beh\u00f6ver du ny hemsida i Borl\u00e4nge? Vi bygger moderna, responsiva och SEO-optimerade hemsidor f\u00f6r f\u00f6retag i Borl\u00e4nge.","og_url":"https:\/\/annonspartner.se\/en\/vara-tjanster\/ny-hemsida-borlange\/","og_site_name":"Annonspartner Sverige AB","article_modified_time":"2026-03-13T07:42:09+00:00","twitter_card":"summary_large_image","twitter_misc":{"Est. reading time":"2 minutes"},"schema":{"@context":"https:\/\/schema.org","@graph":[{"@type":"WebPage","@id":"https:\/\/annonspartner.se\/vara-tjanster\/ny-hemsida-borlange\/","url":"https:\/\/annonspartner.se\/vara-tjanster\/ny-hemsida-borlange\/","name":"Ny hemsida Borl\u00e4nge - Annonspartner Sverige AB","isPartOf":{"@id":"https:\/\/annonspartner.se\/#website"},"datePublished":"2026-01-20T18:10:00+00:00","dateModified":"2026-03-13T07:42:09+00:00","description":"\"Beh\u00f6ver du ny hemsida i Borl\u00e4nge? Vi bygger moderna, responsiva och SEO-optimerade hemsidor f\u00f6r f\u00f6retag i Borl\u00e4nge.","breadcrumb":{"@id":"https:\/\/annonspartner.se\/vara-tjanster\/ny-hemsida-borlange\/#breadcrumb"},"inLanguage":"en-US","potentialAction":[{"@type":"ReadAction","target":["https:\/\/annonspartner.se\/vara-tjanster\/ny-hemsida-borlange\/"]}]},{"@type":"BreadcrumbList","@id":"https:\/\/annonspartner.se\/vara-tjanster\/ny-hemsida-borlange\/#breadcrumb","itemListElement":[{"@type":"ListItem","position":1,"name":"Hem","item":"https:\/\/annonspartner.se\/"},{"@type":"ListItem","position":2,"name":"V\u00e5ra tj\u00e4nster","item":"https:\/\/annonspartner.se\/vara-tjanster\/"},{"@type":"ListItem","position":3,"name":"Ny hemsida Borl\u00e4nge"}]},{"@type":"WebSite","@id":"https:\/\/annonspartner.se\/#website","url":"https:\/\/annonspartner.se\/","name":"Advertising Partner","description":"Reklambyr\u00e5","potentialAction":[{"@type":"SearchAction","target":{"@type":"EntryPoint","urlTemplate":"https:\/\/annonspartner.se\/?s={search_term_string}"},"query-input":{"@type":"PropertyValueSpecification","valueRequired":true,"valueName":"search_term_string"}}],"inLanguage":"en-US"}]}},"_links":{"self":[{"href":"https:\/\/annonspartner.se\/en\/wp-json\/wp\/v2\/pages\/1308","targetHints":{"allow":["GET"]}}],"collection":[{"href":"https:\/\/annonspartner.se\/en\/wp-json\/wp\/v2\/pages"}],"about":[{"href":"https:\/\/annonspartner.se\/en\/wp-json\/wp\/v2\/types\/page"}],"author":[{"embeddable":true,"href":"https:\/\/annonspartner.se\/en\/wp-json\/wp\/v2\/users\/4"}],"replies":[{"embeddable":true,"href":"https:\/\/annonspartner.se\/en\/wp-json\/wp\/v2\/comments?post=1308"}],"version-history":[{"count":5,"href":"https:\/\/annonspartner.se\/en\/wp-json\/wp\/v2\/pages\/1308\/revisions"}],"predecessor-version":[{"id":2070,"href":"https:\/\/annonspartner.se\/en\/wp-json\/wp\/v2\/pages\/1308\/revisions\/2070"}],"up":[{"embeddable":true,"href":"https:\/\/annonspartner.se\/en\/wp-json\/wp\/v2\/pages\/700"}],"wp:attachment":[{"href":"https:\/\/annonspartner.se\/en\/wp-json\/wp\/v2\/media?parent=1308"}],"curies":[{"name":"wp","href":"https:\/\/api.w.org\/{rel}","templated":true}]}}