{"id":1333,"date":"2026-01-23T10:11:40","date_gmt":"2026-01-23T09:11:40","guid":{"rendered":"https:\/\/annonspartner.se\/?page_id=1333"},"modified":"2026-02-10T12:56:19","modified_gmt":"2026-02-10T11:56:19","slug":"annonsering-google-vasteras","status":"publish","type":"page","link":"https:\/\/annonspartner.se\/en\/vara-tjanster\/annonsering-google-vasteras\/","title":{"rendered":"Annonsering Google V\u00e4ster\u00e5s"},"content":{"rendered":"<pre class=\"ti-widget\" style=\"display: none\"><template id=\"trustindex-google-widget-html\"><div class=\"ti-widget  ti-goog ti-review-text-mode-readmore ti-text-align-left\" data-no-translation=\"true\" data-time-locale=\"%d %s sedan|i dag|dag|dagar|vecka|veckor|m\u00e5nad|m\u00e5nader|\u00e5r|\u00e5r\" data-plugin-version=\"13.2.7\" data-layout-id=\"97\" data-layout-category=\"badge, top-rated-badge\" data-set-id=\"ligth-border\" data-pid=\"\" data-language=\"sv\" data-close-locale=\"St\u00e4nga\" data-css-version=\"2\" data-size=\"1\"> <div class=\"ti-widget-container\"> <div class=\"ti-header source-Google\"> <div class=\"ti-profile-details\"> <div class=\"ti-large-logo\"> <div class=\"ti-v-center\"> <trustindex-image class=\"ti-logo-fb\" data-imgurl=\"https:\/\/cdn.trustindex.io\/assets\/platform\/Google\/logo.svg\" width=\"150\" height=\"25\" loading=\"lazy\" alt=\"Google\"><\/trustindex-image> <\/div> <\/div> <div class=\"ti-stars\"><trustindex-image class=\"ti-star\" data-imgurl=\"https:\/\/cdn.trustindex.io\/assets\/platform\/Google\/star\/f.svg\" alt=\"Google\" width=\"17\" height=\"17\" loading=\"lazy\"><\/trustindex-image><trustindex-image class=\"ti-star\" data-imgurl=\"https:\/\/cdn.trustindex.io\/assets\/platform\/Google\/star\/f.svg\" alt=\"Google\" width=\"17\" height=\"17\" loading=\"lazy\"><\/trustindex-image><trustindex-image class=\"ti-star\" data-imgurl=\"https:\/\/cdn.trustindex.io\/assets\/platform\/Google\/star\/f.svg\" alt=\"Google\" width=\"17\" height=\"17\" loading=\"lazy\"><\/trustindex-image><trustindex-image class=\"ti-star\" data-imgurl=\"https:\/\/cdn.trustindex.io\/assets\/platform\/Google\/star\/f.svg\" alt=\"Google\" width=\"17\" height=\"17\" loading=\"lazy\"><\/trustindex-image><trustindex-image class=\"ti-star\" data-imgurl=\"https:\/\/cdn.trustindex.io\/assets\/platform\/Google\/star\/f.svg\" alt=\"Google\" width=\"17\" height=\"17\" loading=\"lazy\"><\/trustindex-image><\/div> <span class=\"ti-rating\">5.0<\/span> <\/div> <div class=\"ti-top-rated-title\">Topprankad  tj\u00e4nst 2026<\/div> <div class=\"ti-verified-by\">verifierad av: Trustindex <span class=\"ti-info-icon\"><\/span><\/div> <div class=\"ti-disclaimer\">Trustindex verifierar att f\u00f6retaget har en recensionsbetyg \u00f6ver 4.5, baserat p\u00e5 recensioner som samlats in p\u00e5 Google under de senaste 12 m\u00e5naderna, vilket kvalificerar det f\u00f6r att f\u00e5 det <a href=\"https:\/\/www.trustindex.io\/?a=sys&amp;c=wp-top-rated-badge&amp;url=\/the-trustindex-verified-badge\/\" target=\"_blank\">h\u00f6gst betygsatta certifikatet<\/a>.<\/div> <\/div> <\/div> <\/div> <\/template><\/pre><div data-src=\"https:\/\/cdn.trustindex.io\/loader.js?wp-widget\" data-template-id=\"trustindex-google-widget-html\" data-css-url=\"https:\/\/annonspartner.se\/wp-content\/uploads\/trustindex-google-widget.css?1770717049\"><\/div>\n<h1><span style=\"color: #eb9400;\">Annonsering Google V\u00e4ster\u00e5s<\/span><\/h1>\n<p>Hur hamnar man h\u00f6gst upp i Googles s\u00f6k? Vi hj\u00e4lper ditt f\u00f6retag i V\u00e4ster\u00e5s att synas f\u00f6r kunder n\u00e4r de s\u00f6ker p\u00e5 Google och i Google Maps. Du betalar bara f\u00f6r resultat, som n\u00e4r n\u00e5gon klickar f\u00f6r att bes\u00f6ka din webbplats eller ringer till ditt f\u00f6retag. Vi st\u00e4mmer av detta l\u00f6pande tillsammans i V\u00e4ster\u00e5s med dig som kund.<\/p>\n<h2><span style=\"color: #eb9400;\">SEO &amp; SEM V\u00e4ster\u00e5s<\/span><\/h2>\n<p>Beh\u00f6ver ditt f\u00f6retag i V\u00e4ster\u00e5s ha b\u00e4ttre placering p\u00e5 Google? \u00d6ver 95 procent av svenskarna anv\u00e4nder idag Google som s\u00f6kmotor och varje dag genomf\u00f6rs o\u00e4ndligt med s\u00f6kningar. D\u00e4rf\u00f6r ser vi till att matcha era erbjudanden och information med specifika s\u00f6kningar. Vi m\u00e4ter och analyserar s\u00f6kvolymen i just ert f\u00f6retag i V\u00e4ster\u00e5s l\u00f6pande. Den gamla klassikern &#8220;Syns du inte finns du inte&#8221; passar v\u00e4l in h\u00e4r.<\/p>\n<h2><span style=\"color: #eb9400;\">Bannerannonsering V\u00e4ster\u00e5s<\/span><\/h2>\n<p>Att synas b\u00e4ttre online med digitala annonser \u00e4r lika viktigt idag som telefonkatalogen och tidningsannonsering var f\u00f6r 20 \u00e5r sedan. Vi skapar effektiva displayannonser f\u00f6r Googles Display Network (GDN) f\u00f6r ditt f\u00f6retag i V\u00e4ster\u00e5s. N\u00e4tverket best\u00e5r av miljontals sajter och n\u00e5r ca 90 procent av alla internetanv\u00e4ndare. Detta \u00e4r ett mycket effektivt s\u00e4tt att n\u00e5 ut med information och erbjudanden eller f\u00f6r att bygga ditt varum\u00e4rke i V\u00e4ster\u00e5s.<\/p>\n<h2><span style=\"color: #eb9400;\">Targeting \/ Retargeting V\u00e4ster\u00e5s<\/span><\/h2>\n<p>Vill ert f\u00f6retag i V\u00e4ster\u00e5s synas mot en specifika m\u00e5lgrupp? Att anpassa annonserna mot just er m\u00e5lgrupp baserat p\u00e5 vem den \u00e4r, vart hen befinner sig, n\u00e4r du vill n\u00e5 den och hur mycket ni kan t\u00e4nka er att betala f\u00f6r varje unika exponering av hemsidan \u00e4r en del av arbetet vi utf\u00f6r i V\u00e4ster\u00e5s. En stor f\u00f6rdel med retargeting annonsering \u00e4r att kunna exponera ett specifikt budskap d\u00e4r m\u00e5lgruppen sp\u00e5ras fr\u00e5n olika sidor p\u00e5 internet,\u00a0 detta \u00e4r mycket bra i riktade kampanjer, du n\u00e5r d\u00e5 ut med din produkt eller tj\u00e4nst mot en m\u00e5lgrupp som \u00e4r intresserad och k\u00f6pberedd.<\/p>\n<p><a href=\"https:\/\/annonspartner.se\/en\/vara-tjanster\/\">Se v\u00e5ra tj\u00e4nster<\/a><\/p>\n<p><a href=\"https:\/\/annonspartner.se\/en\/kontakt\/\">Kontakta oss<\/a><\/p>","protected":false},"excerpt":{"rendered":"<p>Annonsering Google V\u00e4ster\u00e5s Hur hamnar man h\u00f6gst upp i Googles s\u00f6k? Vi hj\u00e4lper ditt f\u00f6retag i V\u00e4ster\u00e5s att synas f\u00f6r kunder n\u00e4r de s\u00f6ker p\u00e5 Google och i Google Maps. Du betalar bara f\u00f6r resultat, som n\u00e4r n\u00e5gon klickar f\u00f6r att bes\u00f6ka din webbplats eller ringer till ditt f\u00f6retag. Vi st\u00e4mmer av detta l\u00f6pande tillsammans [&hellip;]<\/p>","protected":false},"author":4,"featured_media":0,"parent":700,"menu_order":0,"comment_status":"closed","ping_status":"closed","template":"","meta":{"_acf_changed":false,"footnotes":""},"class_list":["post-1333","page","type-page","status-publish","hentry"],"acf":[],"yoast_head":"<!-- This site is optimized with the Yoast SEO plugin v26.8 - https:\/\/yoast.com\/product\/yoast-seo-wordpress\/ -->\n<title>Annonsering Google V\u00e4ster\u00e5s - Annonspartner Sverige AB<\/title>\n<meta name=\"description\" content=\"Beh\u00f6ver du hj\u00e4lp med annonsering p\u00e5 Google i V\u00e4ster\u00e5s? Vi hanterar Google Ads, Facebook-annonsering, mediaplanering och mer. Kontakta oss!&quot;\" \/>\n<meta name=\"robots\" content=\"index, follow, max-snippet:-1, max-image-preview:large, max-video-preview:-1\" \/>\n<link rel=\"canonical\" href=\"https:\/\/annonspartner.se\/en\/vara-tjanster\/annonsering-google-vasteras\/\" \/>\n<meta property=\"og:locale\" content=\"en_US\" \/>\n<meta property=\"og:type\" content=\"article\" \/>\n<meta property=\"og:title\" content=\"Annonsering Google V\u00e4ster\u00e5s - Annonspartner Sverige AB\" \/>\n<meta property=\"og:description\" content=\"Beh\u00f6ver du hj\u00e4lp med annonsering p\u00e5 Google i V\u00e4ster\u00e5s? Vi hanterar Google Ads, Facebook-annonsering, mediaplanering och mer. Kontakta oss!&quot;\" \/>\n<meta property=\"og:url\" content=\"https:\/\/annonspartner.se\/en\/vara-tjanster\/annonsering-google-vasteras\/\" \/>\n<meta property=\"og:site_name\" content=\"Annonspartner Sverige AB\" \/>\n<meta property=\"article:modified_time\" content=\"2026-02-10T11:56:19+00:00\" \/>\n<meta name=\"twitter:card\" content=\"summary_large_image\" \/>\n<meta name=\"twitter:label1\" content=\"Est. reading time\" \/>\n\t<meta name=\"twitter:data1\" content=\"2 minutes\" \/>\n<script type=\"application\/ld+json\" class=\"yoast-schema-graph\">{\"@context\":\"https:\/\/schema.org\",\"@graph\":[{\"@type\":\"WebPage\",\"@id\":\"https:\/\/annonspartner.se\/vara-tjanster\/annonsering-google-vasteras\/\",\"url\":\"https:\/\/annonspartner.se\/vara-tjanster\/annonsering-google-vasteras\/\",\"name\":\"Annonsering Google V\u00e4ster\u00e5s - Annonspartner Sverige AB\",\"isPartOf\":{\"@id\":\"https:\/\/annonspartner.se\/#website\"},\"datePublished\":\"2026-01-23T09:11:40+00:00\",\"dateModified\":\"2026-02-10T11:56:19+00:00\",\"description\":\"Beh\u00f6ver du hj\u00e4lp med annonsering p\u00e5 Google i V\u00e4ster\u00e5s? Vi hanterar Google Ads, Facebook-annonsering, mediaplanering och mer. Kontakta oss!\\\"\",\"breadcrumb\":{\"@id\":\"https:\/\/annonspartner.se\/vara-tjanster\/annonsering-google-vasteras\/#breadcrumb\"},\"inLanguage\":\"en-US\",\"potentialAction\":[{\"@type\":\"ReadAction\",\"target\":[\"https:\/\/annonspartner.se\/vara-tjanster\/annonsering-google-vasteras\/\"]}]},{\"@type\":\"BreadcrumbList\",\"@id\":\"https:\/\/annonspartner.se\/vara-tjanster\/annonsering-google-vasteras\/#breadcrumb\",\"itemListElement\":[{\"@type\":\"ListItem\",\"position\":1,\"name\":\"Hem\",\"item\":\"https:\/\/annonspartner.se\/\"},{\"@type\":\"ListItem\",\"position\":2,\"name\":\"V\u00e5ra tj\u00e4nster\",\"item\":\"https:\/\/annonspartner.se\/vara-tjanster\/\"},{\"@type\":\"ListItem\",\"position\":3,\"name\":\"Annonsering Google V\u00e4ster\u00e5s\"}]},{\"@type\":\"WebSite\",\"@id\":\"https:\/\/annonspartner.se\/#website\",\"url\":\"https:\/\/annonspartner.se\/\",\"name\":\"Annonspartner Sverige AB\",\"description\":\"Reklambyr\u00e5\",\"potentialAction\":[{\"@type\":\"SearchAction\",\"target\":{\"@type\":\"EntryPoint\",\"urlTemplate\":\"https:\/\/annonspartner.se\/?s={search_term_string}\"},\"query-input\":{\"@type\":\"PropertyValueSpecification\",\"valueRequired\":true,\"valueName\":\"search_term_string\"}}],\"inLanguage\":\"en-US\"}]}<\/script>\n<!-- \/ Yoast SEO plugin. -->","yoast_head_json":{"title":"Annonsering Google V\u00e4ster\u00e5s - Annonspartner Sverige AB","description":"Beh\u00f6ver du hj\u00e4lp med annonsering p\u00e5 Google i V\u00e4ster\u00e5s? Vi hanterar Google Ads, Facebook-annonsering, mediaplanering och mer. Kontakta oss!\"","robots":{"index":"index","follow":"follow","max-snippet":"max-snippet:-1","max-image-preview":"max-image-preview:large","max-video-preview":"max-video-preview:-1"},"canonical":"https:\/\/annonspartner.se\/en\/vara-tjanster\/annonsering-google-vasteras\/","og_locale":"en_US","og_type":"article","og_title":"Annonsering Google V\u00e4ster\u00e5s - Annonspartner Sverige AB","og_description":"Beh\u00f6ver du hj\u00e4lp med annonsering p\u00e5 Google i V\u00e4ster\u00e5s? Vi hanterar Google Ads, Facebook-annonsering, mediaplanering och mer. Kontakta oss!\"","og_url":"https:\/\/annonspartner.se\/en\/vara-tjanster\/annonsering-google-vasteras\/","og_site_name":"Annonspartner Sverige AB","article_modified_time":"2026-02-10T11:56:19+00:00","twitter_card":"summary_large_image","twitter_misc":{"Est. reading time":"2 minutes"},"schema":{"@context":"https:\/\/schema.org","@graph":[{"@type":"WebPage","@id":"https:\/\/annonspartner.se\/vara-tjanster\/annonsering-google-vasteras\/","url":"https:\/\/annonspartner.se\/vara-tjanster\/annonsering-google-vasteras\/","name":"Annonsering Google V\u00e4ster\u00e5s - Annonspartner Sverige AB","isPartOf":{"@id":"https:\/\/annonspartner.se\/#website"},"datePublished":"2026-01-23T09:11:40+00:00","dateModified":"2026-02-10T11:56:19+00:00","description":"Beh\u00f6ver du hj\u00e4lp med annonsering p\u00e5 Google i V\u00e4ster\u00e5s? Vi hanterar Google Ads, Facebook-annonsering, mediaplanering och mer. Kontakta oss!\"","breadcrumb":{"@id":"https:\/\/annonspartner.se\/vara-tjanster\/annonsering-google-vasteras\/#breadcrumb"},"inLanguage":"en-US","potentialAction":[{"@type":"ReadAction","target":["https:\/\/annonspartner.se\/vara-tjanster\/annonsering-google-vasteras\/"]}]},{"@type":"BreadcrumbList","@id":"https:\/\/annonspartner.se\/vara-tjanster\/annonsering-google-vasteras\/#breadcrumb","itemListElement":[{"@type":"ListItem","position":1,"name":"Hem","item":"https:\/\/annonspartner.se\/"},{"@type":"ListItem","position":2,"name":"V\u00e5ra tj\u00e4nster","item":"https:\/\/annonspartner.se\/vara-tjanster\/"},{"@type":"ListItem","position":3,"name":"Annonsering Google V\u00e4ster\u00e5s"}]},{"@type":"WebSite","@id":"https:\/\/annonspartner.se\/#website","url":"https:\/\/annonspartner.se\/","name":"Advertising Partner","description":"Reklambyr\u00e5","potentialAction":[{"@type":"SearchAction","target":{"@type":"EntryPoint","urlTemplate":"https:\/\/annonspartner.se\/?s={search_term_string}"},"query-input":{"@type":"PropertyValueSpecification","valueRequired":true,"valueName":"search_term_string"}}],"inLanguage":"en-US"}]}},"_links":{"self":[{"href":"https:\/\/annonspartner.se\/en\/wp-json\/wp\/v2\/pages\/1333","targetHints":{"allow":["GET"]}}],"collection":[{"href":"https:\/\/annonspartner.se\/en\/wp-json\/wp\/v2\/pages"}],"about":[{"href":"https:\/\/annonspartner.se\/en\/wp-json\/wp\/v2\/types\/page"}],"author":[{"embeddable":true,"href":"https:\/\/annonspartner.se\/en\/wp-json\/wp\/v2\/users\/4"}],"replies":[{"embeddable":true,"href":"https:\/\/annonspartner.se\/en\/wp-json\/wp\/v2\/comments?post=1333"}],"version-history":[{"count":3,"href":"https:\/\/annonspartner.se\/en\/wp-json\/wp\/v2\/pages\/1333\/revisions"}],"predecessor-version":[{"id":1562,"href":"https:\/\/annonspartner.se\/en\/wp-json\/wp\/v2\/pages\/1333\/revisions\/1562"}],"up":[{"embeddable":true,"href":"https:\/\/annonspartner.se\/en\/wp-json\/wp\/v2\/pages\/700"}],"wp:attachment":[{"href":"https:\/\/annonspartner.se\/en\/wp-json\/wp\/v2\/media?parent=1333"}],"curies":[{"name":"wp","href":"https:\/\/api.w.org\/{rel}","templated":true}]}}