{"id":1398,"date":"2026-02-10T12:37:11","date_gmt":"2026-02-10T11:37:11","guid":{"rendered":"https:\/\/annonspartner.se\/?page_id=1398"},"modified":"2026-03-13T08:19:26","modified_gmt":"2026-03-13T07:19:26","slug":"digital-marknadsforing-hassleholm","status":"publish","type":"page","link":"https:\/\/annonspartner.se\/en\/vara-tjanster\/digital-marknadsforing-hassleholm\/","title":{"rendered":"Digital marknadsf\u00f6ring H\u00e4ssleholm | SEO, ADS &#038; SEM"},"content":{"rendered":"<pre class=\"ti-widget\" style=\"display: none\"><template id=\"trustindex-google-widget-html\"><div class=\"ti-widget  ti-goog ti-review-text-mode-readmore ti-text-align-left\" data-no-translation=\"true\" data-time-locale=\"%d %s sedan|i dag|dag|dagar|vecka|veckor|m\u00e5nad|m\u00e5nader|\u00e5r|\u00e5r\" data-plugin-version=\"13.2.7\" data-layout-id=\"97\" data-layout-category=\"badge, top-rated-badge\" data-set-id=\"ligth-border\" data-pid=\"\" data-language=\"sv\" data-close-locale=\"St\u00e4nga\" data-css-version=\"2\" data-size=\"1\"> <div class=\"ti-widget-container\"> <div class=\"ti-header source-Google\"> <div class=\"ti-profile-details\"> <div class=\"ti-large-logo\"> <div class=\"ti-v-center\"> <trustindex-image class=\"ti-logo-fb\" data-imgurl=\"https:\/\/cdn.trustindex.io\/assets\/platform\/Google\/logo.svg\" width=\"150\" height=\"25\" loading=\"lazy\" alt=\"Google\"><\/trustindex-image> <\/div> <\/div> <div class=\"ti-stars\"><trustindex-image class=\"ti-star\" data-imgurl=\"https:\/\/cdn.trustindex.io\/assets\/platform\/Google\/star\/f.svg\" alt=\"Google\" width=\"17\" height=\"17\" loading=\"lazy\"><\/trustindex-image><trustindex-image class=\"ti-star\" data-imgurl=\"https:\/\/cdn.trustindex.io\/assets\/platform\/Google\/star\/f.svg\" alt=\"Google\" width=\"17\" height=\"17\" loading=\"lazy\"><\/trustindex-image><trustindex-image class=\"ti-star\" data-imgurl=\"https:\/\/cdn.trustindex.io\/assets\/platform\/Google\/star\/f.svg\" alt=\"Google\" width=\"17\" height=\"17\" loading=\"lazy\"><\/trustindex-image><trustindex-image class=\"ti-star\" data-imgurl=\"https:\/\/cdn.trustindex.io\/assets\/platform\/Google\/star\/f.svg\" alt=\"Google\" width=\"17\" height=\"17\" loading=\"lazy\"><\/trustindex-image><trustindex-image class=\"ti-star\" data-imgurl=\"https:\/\/cdn.trustindex.io\/assets\/platform\/Google\/star\/f.svg\" alt=\"Google\" width=\"17\" height=\"17\" loading=\"lazy\"><\/trustindex-image><\/div> <span class=\"ti-rating\">5.0<\/span> <\/div> <div class=\"ti-top-rated-title\">Topprankad  tj\u00e4nst 2026<\/div> <div class=\"ti-verified-by\">verifierad av: Trustindex <span class=\"ti-info-icon\"><\/span><\/div> <div class=\"ti-disclaimer\">Trustindex verifierar att f\u00f6retaget har en recensionsbetyg \u00f6ver 4.5, baserat p\u00e5 recensioner som samlats in p\u00e5 Google under de senaste 12 m\u00e5naderna, vilket kvalificerar det f\u00f6r att f\u00e5 det <a href=\"https:\/\/www.trustindex.io\/?a=sys&amp;c=wp-top-rated-badge&amp;url=\/the-trustindex-verified-badge\/\" target=\"_blank\">h\u00f6gst betygsatta certifikatet<\/a>.<\/div> <\/div> <\/div> <\/div> <\/template><\/pre><div data-src=\"https:\/\/cdn.trustindex.io\/loader.js?wp-widget\" data-template-id=\"trustindex-google-widget-html\" data-css-url=\"https:\/\/annonspartner.se\/wp-content\/uploads\/trustindex-google-widget.css?1770717049\"><\/div>\n<h1><span style=\"color: #eb9400;\">Digital marknadsf\u00f6ring H\u00e4ssleholm<\/span><\/h1>\n<p dir=\"auto\">Med digital marknadsf\u00f6ring i H\u00e4ssleholm hj\u00e4lper vi dig att n\u00e5 r\u00e4tt kunder snabbt och effektivt.<br \/>\nVi hanterar allt fr\u00e5n Google Ads och Facebook-annonser till SEO, mediaplanering och hemsidor f\u00f6r f\u00f6retag i H\u00e4ssleholm. D\u00e4rmed betalar du bara f\u00f6r resultat, som klick, samtal eller leads. Vi arbetar personligt med f\u00f6retag i hela omr\u00e5det.<\/p>\n<p dir=\"auto\">F\u00e5 gratis offert p\u00e5 digital marknadsf\u00f6ring: Ring 010-33 00 513 eller maila <a href=\"mailto:info@annonspartner.se\" target=\"_blank\" rel=\"noopener noreferrer nofollow\">hello@advertisingpartnernyc.com<\/a> idag!<\/p>\n<h2><span style=\"color: #eb9400;\">S\u00e5 ser marknaden ut i H\u00e4ssleholm<\/span><\/h2>\n<p data-start=\"66\" data-end=\"440\">H\u00e4ssleholm pr\u00e4glas av m\u00e5nga sm\u00e5 och medelstora f\u00f6retag inom bygg, transport, handel, fastighet och lokala tj\u00e4nster. Aff\u00e4rerna har traditionellt drivits genom personliga relationer och \u00e5terkommande kunder, men k\u00f6pbeteendet f\u00f6r\u00e4ndras snabbt. Allt fler privatpersoner och f\u00f6retag b\u00f6rjar idag sin process med en digital s\u00f6kning f\u00f6r att j\u00e4mf\u00f6ra alternativ innan de tar kontakt.<\/p>\n<p data-start=\"442\" data-end=\"822\">Det g\u00f6r att f\u00f6retag som arbetar aktivt med SEO, Google-annonsering och tydliga digitala erbjudanden kan ta en stark position \u00e4ven p\u00e5 en lokal marknad. Konkurrensen online \u00e4r fortfarande mer \u00f6versk\u00e5dlig \u00e4n i st\u00f6rre st\u00e4der, vilket inneb\u00e4r att r\u00e4tt digital strategi kan ge snabb synlighet, fler relevanta f\u00f6rfr\u00e5gningar och l\u00e5ngsiktig tillv\u00e4xt utan att kr\u00e4va stora marknadsbudgetar.<\/p>\n<h2><span style=\"color: #eb9400;\">Varf\u00f6r v\u00e4lja digital marknadsf\u00f6ring hos oss i H\u00e4ssleholm?<\/span><\/h2>\n<ul dir=\"auto\">\n<li>Betala f\u00f6r resultat \u2013 PPC-modell: Du betalar bara n\u00e4r n\u00e5gon klickar, ringer eller konverterar.<\/li>\n<li>Snabb effekt \u2013 Google Ads och sociala medier ger synlighet inom dagar, vilket \u00e4r perfekt f\u00f6r lokala f\u00f6retag.<\/li>\n<li>Lokal expertis \u2013 Vi k\u00e4nner H\u00e4ssleholm-marknaden och riktar annonser mot kunder i ditt omr\u00e5de.<\/li>\n<li>Helhetsgrepp \u2013 Kombinera Google Ads, Facebook\/Instagram, SEO, display och retargeting.<\/li>\n<li>Personlig service \u2013 Lokalt team \u2013 inga stora byr\u00e5er med callcenter och vi st\u00e4mmer av l\u00f6pande med dig.<\/li>\n<li>M\u00e4tbart &amp; transparent \u2013 M\u00e5nadsrapporter med ROI, klick, leads och kostnad per konvertering.<\/li>\n<\/ul>\n<h2><span style=\"color: #eb9400;\">Hur \u00f6kar vi din synlighet i H\u00e4ssleholm?<\/span><\/h2>\n<p dir=\"auto\">Digital marknadsf\u00f6ring i H\u00e4ssleholm handlar om att matcha dina erbjudanden med vad folk s\u00f6ker. Till exempel hj\u00e4lper vi ofta f\u00f6retag med:<\/p>\n<ol>\n<li>Google Ads \u2013 Syns h\u00f6gst upp n\u00e4r kunder s\u00f6ker &#8220;tandl\u00e4kare H\u00e4ssleholm&#8221;, &#8220;bilverkstad H\u00e4ssleholm&#8221; eller &#8220;hantverkare H\u00e4ssleholm&#8221;<\/li>\n<li>Facebook &amp; Instagram-annonser, d\u00e4r vi riktar mot lokala m\u00e5lgrupper (\u00e5lder, intressen, bostadsort i H\u00e4ssleholm).<\/li>\n<li>SEO \u2013 F\u00e5r din hemsida h\u00f6gre upp organiskt f\u00f6r s\u00f6kningar p\u00e5 Google och fler konverteringar.<\/li>\n<li>Retargeting \u2013 P\u00e5minn bes\u00f6kare som varit p\u00e5 din sajt eftersom detta \u00f6kar konverteringar rej\u00e4lt.<\/li>\n<li>Medieplanering \u2013 Budget och strategi f\u00f6r hela \u00e5ret\u00a0 d\u00e4r vi optimerar l\u00f6pande.<\/li>\n<\/ol>\n<p dir=\"auto\"><strong>Steg-f\u00f6r-steg med oss:<\/strong><\/p>\n<p dir=\"auto\">F\u00f6r det f\u00f6rsta g\u00f6r vi en gratis analys \u2013 vi granskar din nuvarande synlighet och konkurrenter i H\u00e4ssleholm. D\u00e4refter bygger vi strategi och setup \u2013 vi s\u00e4tter upp kampanjer med r\u00e4tt nyckelord, annonstexter och m\u00e5lgrupp. D\u00e4refter lanserar vi och optimerar \u2013 annonser g\u00e5r live snabbt och vi justerar dagligen f\u00f6r b\u00e4sta resultat. Slutligen rapporterar vi tydligt varje m\u00e5nad.<\/p>\n<h2><span style=\"color: #eb9400;\">Exempel p\u00e5 resultat vi skapat i H\u00e4ssleholm<\/span><\/h2>\n<p data-start=\"76\" data-end=\"357\">Ett lokalt tj\u00e4nstef\u00f6retag hade tidigare en oj\u00e4mn tillstr\u00f6mning av kunder och var i stor utstr\u00e4ckning beroende av rekommendationer och \u00e5terkommande uppdrag. De syntes knappt i digitala s\u00f6kningar, vilket gjorde att nya kunder ofta valde konkurrenter som var enklare att hitta online.<\/p>\n<p data-start=\"359\" data-end=\"647\">Genom en kombination av riktad Google-annonsering (SEM\/PPC) och s\u00f6kmotoroptimering (SEO)\u00a0 b\u00f6rjade f\u00f6retaget synas n\u00e4r efterfr\u00e5gan faktiskt uppstod. Vi arbetade \u00e4ven med tydligare budskap, lokal s\u00f6kstrategi och l\u00f6pande optimering baserat p\u00e5 data.<\/p>\n<p data-start=\"649\" data-end=\"951\">Resultatet blev en stabil \u00f6kning av kvalificerade f\u00f6rfr\u00e5gningar redan under de f\u00f6rsta m\u00e5naderna. F\u00f6retaget gick fr\u00e5n att \u201cv\u00e4nta p\u00e5 aff\u00e4rer\u201d till att kontinuerligt f\u00e5 in nya kunder via digitala kanaler.<\/p>\n<h2><span style=\"color: #eb9400;\">Services <\/span><span style=\"color: #eb9400;\">inom digital marknadsf\u00f6ring i H\u00e4ssleholm<\/span><\/h2>\n<ul>\n<li>Google Ads &amp; s\u00f6kannonser<\/li>\n<li>Facebook &amp; Instagram-annonser<\/li>\n<li>SEO &amp; s\u00f6kmotoroptimering<\/li>\n<li>Display &amp; bannerannonser (Google Display Network)<\/li>\n<li>Retargeting &amp; remarketing<\/li>\n<li>Medieplanering &amp; budgetr\u00e5dgivning<\/li>\n<li>Hemsidor &amp; landningssidor som konverterar<\/li>\n<\/ul>\n<p dir=\"auto\">L\u00e4s mer om v\u00e5ra Google Ads-tj\u00e4nster eller SEO i H\u00e4ssleholm.<\/p>\n<h2><span style=\"color: #eb9400;\">Vad v\u00e5ra kunder s\u00e4ger om oss<br \/>\n<\/span><\/h2>\n<p><em class=\"eujQNb\" data-complete=\"true\" aria-owns=\"action-menu-parent-container\">&#8220;Vi \u00e4r stolta \u00f6ver att hj\u00e4lpa f\u00f6retag att v\u00e4xa och n\u00e5 sina m\u00e5l, d\u00e4rf\u00f6r\u00a0har vi samlat n\u00e5gra omd\u00f6men fr\u00e5n v\u00e5ra n\u00f6jda kunder h\u00e4r nedan.&#8221;<\/em><\/p>\n<div class=\"Y3BBE\" data-sfc-cp=\"\" data-hveid=\"CAEIBRAA\" data-complete=\"true\">\u2b50\u2b50\u2b50\u2b50\u2b50\u00a0<strong class=\"Yjhzub\" data-complete=\"true\">Ulla-Kajsa Karlsson &#8211; Mycket n\u00f6jd med v\u00e5ra tj\u00e4nster<br \/>\n<\/strong><\/div>\n<div data-sfc-cp=\"\" data-hveid=\"CAEIBRAA\" data-complete=\"true\">\n<hr \/>\n<\/div>\n<div class=\"Y3BBE\" data-sfc-cp=\"\" data-hveid=\"CAEIBRAB\" data-complete=\"true\">\n<p><span class=\"T286Pc\" data-sfc-cp=\"\" data-complete=\"true\" aria-owns=\"action-menu-parent-container\"><strong class=\"Yjhzub\" data-complete=\"true\">Lennart Karlsson<\/strong> gav oss h\u00f6gsta betyg: \u2b50\u2b50\u2b50\u2b50\u2b50<br \/>\n<\/span><\/p>\n<\/div>\n<div data-sfc-cp=\"\" data-hveid=\"CAEIBRAC\" data-complete=\"true\">\n<hr \/>\n<\/div>\n<div class=\"Y3BBE\" data-sfc-cp=\"\" data-hveid=\"CAEIBRAC\" data-complete=\"true\">\u2b50\u2b50\u2b50\u2b50\u2b50\u00a0<strong class=\"Yjhzub\" data-complete=\"true\">Elin Baglien \u2013 En av v\u00e5ra n\u00f6jda kunder<br \/>\n<\/strong><\/div>\n<div data-sfc-cp=\"\" data-hveid=\"CAEIBRAC\" data-complete=\"true\">\n<hr \/>\n<\/div>\n<div data-sfc-cp=\"\" data-hveid=\"CAEIBRAC\" data-complete=\"true\">\n<p><strong class=\"Yjhzub\" data-complete=\"true\">Anders Sandstr\u00f6m<\/strong> rekommenderar v\u00e5ra tj\u00e4nster: \u2b50\u2b50\u2b50\u2b50\u2b50<\/p>\n<hr \/>\n<p>\u2b50\u2b50\u2b50\u2b50\u2b50 <strong>Daniel Karlsson<\/strong> \u2013 &#8220;Tack f\u00f6r fantastiska resultat under 2025!&#8221;<\/p>\n<p><em class=\"eujQNb\" data-complete=\"true\">Dessa omd\u00f6men \u00e4r verifierade via v\u00e5ra f\u00f6retagsprofiler p\u00e5 Google och d\u00e4rmed autentiska.<\/em><\/p>\n<\/div>\n<h2><span style=\"color: #eb9400;\">Vanliga fr\u00e5gor om digital marknadsf\u00f6ring i H\u00e4ssleholm<\/span><\/h2>\n<p dir=\"auto\"><strong>Hur snabbt ser jag resultat?<\/strong> Google Ads och sociala medier ger ofta leads inom 1\u20132 veckor. D\u00e4remot tar SEO l\u00e4ngre tid men ger l\u00e5ngsiktiga resultat.<\/p>\n<p dir=\"auto\"><strong>Fungerar det f\u00f6r sm\u00e5 lokala f\u00f6retag?<\/strong> Ja! M\u00e5nga av v\u00e5ra kunder i H\u00e4ssleholm \u00e4r sm\u00e5 butiker, hantverkare och tj\u00e4nstef\u00f6retag.<\/p>\n<p dir=\"auto\"><strong>Jobbar ni \u00e4ven med st\u00f6rre kedjor?<\/strong> Ja, vi arbetar tillsammans med flera kedjor i Sverige och Norden.<\/p>\n<p dir=\"auto\"><strong>\u00c4r ni lokala?<\/strong> Ja \u2013 vi arbetar n\u00e4ra v\u00e5ra kunder i H\u00e4ssleholm-omr\u00e5det.<\/p>\n<p dir=\"auto\">Boka m\u00f6te f\u00f6r hj\u00e4lp med digital marknadsf\u00f6ring idag och l\u00e5t oss hj\u00e4lpa ditt f\u00f6retag att v\u00e4xa online. Dessutom erbjuder vi alltid en kostnadsfri genomg\u00e5ng av din digitala n\u00e4rvaro.<\/p>\n<p dir=\"auto\"><strong>Telefon:<\/strong> 010-33 00 513 <strong>E-post:<\/strong> <a href=\"mailto:info@annonspartner.se\" target=\"_blank\" rel=\"noopener noreferrer nofollow\">hello@advertisingpartnernyc.com<\/a><\/p>\n<p dir=\"auto\"><strong>F\u00e5 gratis offert \u2013 digital marknadsf\u00f6ring H\u00e4ssleholm<\/strong><\/p>\n<p dir=\"auto\"><a href=\"https:\/\/annonspartner.se\/en\/vara-tjanster\/\">Se v\u00e5ra tj\u00e4nster<\/a><\/p>\n<p dir=\"auto\"><a href=\"https:\/\/annonspartner.se\/en\/faq_media\/\">Fr\u00e5gor och svar<\/a><\/p>\n<p dir=\"auto\"><strong>Vi hj\u00e4lper \u00e4ven f\u00f6retag med digital marknadsf\u00f6ring i n\u00e4rliggande orter:<\/strong><\/p>\n<ul data-start=\"264\" data-end=\"550\">\n<li data-start=\"264\" data-end=\"362\">\n<p data-start=\"266\" data-end=\"362\"><a class=\"decorated-link cursor-pointer\" href=\"https:\/\/annonspartner.se\/en\/digital-marknadsforing-helsingborg\/\" target=\"_new\" rel=\"noopener\" data-start=\"266\" data-end=\"360\">Digital marknadsf\u00f6ring i Helsingborg<\/a><\/p>\n<\/li>\n<li data-start=\"363\" data-end=\"459\">\n<p data-start=\"365\" data-end=\"459\"><a class=\"decorated-link cursor-pointer\" href=\"https:\/\/annonspartner.se\/en\/digital-marknadsforing-ljungby\/\" target=\"_new\" rel=\"noopener\" data-start=\"365\" data-end=\"457\">Digital marknadsf\u00f6ring i Ljungby<\/a><\/p>\n<\/li>\n<li data-start=\"460\" data-end=\"550\">\n<p data-start=\"462\" data-end=\"550\"><a class=\"decorated-link cursor-pointer\" href=\"https:\/\/annonspartner.se\/en\/digital-marknadsforing-malmo\/\" target=\"_new\" rel=\"noopener\" data-start=\"462\" data-end=\"548\">Digital marknadsf\u00f6ring i Malm\u00f6<\/a><\/p>\n<\/li>\n<\/ul>\n<p data-start=\"552\" data-end=\"698\">F\u00f6r nationell r\u00e4ckvidd kan du \u00e4ven se v\u00e5r sida f\u00f6r <a class=\"decorated-link cursor-pointer\" href=\"https:\/\/annonspartner.se\/en\/digital-marknadsforing-sverige\/\" target=\"_new\" rel=\"noopener\" data-start=\"603\" data-end=\"695\">Digital marknadsf\u00f6ring i Sverige<\/a><\/p>","protected":false},"excerpt":{"rendered":"<p>Digital marknadsf\u00f6ring H\u00e4ssleholm Med digital marknadsf\u00f6ring i H\u00e4ssleholm hj\u00e4lper vi dig att n\u00e5 r\u00e4tt kunder snabbt och effektivt. Vi hanterar allt fr\u00e5n Google Ads och Facebook-annonser till SEO, mediaplanering och hemsidor f\u00f6r f\u00f6retag i H\u00e4ssleholm. D\u00e4rmed betalar du bara f\u00f6r resultat, som klick, samtal eller leads. Vi arbetar personligt med f\u00f6retag i hela omr\u00e5det. F\u00e5 [&hellip;]<\/p>","protected":false},"author":4,"featured_media":0,"parent":700,"menu_order":0,"comment_status":"closed","ping_status":"closed","template":"","meta":{"_acf_changed":false,"footnotes":""},"class_list":["post-1398","page","type-page","status-publish","hentry"],"acf":[],"yoast_head":"<!-- This site is optimized with the Yoast SEO plugin v26.8 - https:\/\/yoast.com\/product\/yoast-seo-wordpress\/ -->\n<title>Digital marknadsf\u00f6ring H\u00e4ssleholm | SEO, ADS &amp; SEM - Annonspartner Sverige AB<\/title>\n<meta name=\"description\" content=\"Beh\u00f6ver du hj\u00e4lp med digital marknadsf\u00f6ring i H\u00e4ssleholm? Vi hanterar Google Ads, Facebook-annonsering, mediaplanering och mer. Kontakta oss!\" \/>\n<meta name=\"robots\" content=\"index, follow, max-snippet:-1, max-image-preview:large, max-video-preview:-1\" \/>\n<link rel=\"canonical\" href=\"https:\/\/annonspartner.se\/en\/vara-tjanster\/digital-marknadsforing-hassleholm\/\" \/>\n<meta property=\"og:locale\" content=\"en_US\" \/>\n<meta property=\"og:type\" content=\"article\" \/>\n<meta property=\"og:title\" content=\"Digital marknadsf\u00f6ring H\u00e4ssleholm | SEO, ADS &amp; SEM - Annonspartner Sverige AB\" \/>\n<meta property=\"og:description\" content=\"Beh\u00f6ver du hj\u00e4lp med digital marknadsf\u00f6ring i H\u00e4ssleholm? Vi hanterar Google Ads, Facebook-annonsering, mediaplanering och mer. Kontakta oss!\" \/>\n<meta property=\"og:url\" content=\"https:\/\/annonspartner.se\/en\/vara-tjanster\/digital-marknadsforing-hassleholm\/\" \/>\n<meta property=\"og:site_name\" content=\"Annonspartner Sverige AB\" \/>\n<meta property=\"article:modified_time\" content=\"2026-03-13T07:19:26+00:00\" \/>\n<meta name=\"twitter:card\" content=\"summary_large_image\" \/>\n<meta name=\"twitter:label1\" content=\"Est. reading time\" \/>\n\t<meta name=\"twitter:data1\" content=\"5 minutes\" \/>\n<script type=\"application\/ld+json\" class=\"yoast-schema-graph\">{\"@context\":\"https:\/\/schema.org\",\"@graph\":[{\"@type\":\"WebPage\",\"@id\":\"https:\/\/annonspartner.se\/vara-tjanster\/digital-marknadsforing-hassleholm\/\",\"url\":\"https:\/\/annonspartner.se\/vara-tjanster\/digital-marknadsforing-hassleholm\/\",\"name\":\"Digital marknadsf\u00f6ring H\u00e4ssleholm | SEO, ADS & SEM - Annonspartner Sverige AB\",\"isPartOf\":{\"@id\":\"https:\/\/annonspartner.se\/#website\"},\"datePublished\":\"2026-02-10T11:37:11+00:00\",\"dateModified\":\"2026-03-13T07:19:26+00:00\",\"description\":\"Beh\u00f6ver du hj\u00e4lp med digital marknadsf\u00f6ring i H\u00e4ssleholm? Vi hanterar Google Ads, Facebook-annonsering, mediaplanering och mer. Kontakta oss!\",\"breadcrumb\":{\"@id\":\"https:\/\/annonspartner.se\/vara-tjanster\/digital-marknadsforing-hassleholm\/#breadcrumb\"},\"inLanguage\":\"en-US\",\"potentialAction\":[{\"@type\":\"ReadAction\",\"target\":[\"https:\/\/annonspartner.se\/vara-tjanster\/digital-marknadsforing-hassleholm\/\"]}]},{\"@type\":\"BreadcrumbList\",\"@id\":\"https:\/\/annonspartner.se\/vara-tjanster\/digital-marknadsforing-hassleholm\/#breadcrumb\",\"itemListElement\":[{\"@type\":\"ListItem\",\"position\":1,\"name\":\"Hem\",\"item\":\"https:\/\/annonspartner.se\/\"},{\"@type\":\"ListItem\",\"position\":2,\"name\":\"V\u00e5ra tj\u00e4nster\",\"item\":\"https:\/\/annonspartner.se\/vara-tjanster\/\"},{\"@type\":\"ListItem\",\"position\":3,\"name\":\"Digital marknadsf\u00f6ring H\u00e4ssleholm | SEO, ADS &#038; SEM\"}]},{\"@type\":\"WebSite\",\"@id\":\"https:\/\/annonspartner.se\/#website\",\"url\":\"https:\/\/annonspartner.se\/\",\"name\":\"Annonspartner Sverige AB\",\"description\":\"Reklambyr\u00e5\",\"potentialAction\":[{\"@type\":\"SearchAction\",\"target\":{\"@type\":\"EntryPoint\",\"urlTemplate\":\"https:\/\/annonspartner.se\/?s={search_term_string}\"},\"query-input\":{\"@type\":\"PropertyValueSpecification\",\"valueRequired\":true,\"valueName\":\"search_term_string\"}}],\"inLanguage\":\"en-US\"}]}<\/script>\n<!-- \/ Yoast SEO plugin. -->","yoast_head_json":{"title":"Digital marknadsf\u00f6ring H\u00e4ssleholm | SEO, ADS & SEM - Annonspartner Sverige AB","description":"Beh\u00f6ver du hj\u00e4lp med digital marknadsf\u00f6ring i H\u00e4ssleholm? Vi hanterar Google Ads, Facebook-annonsering, mediaplanering och mer. Kontakta oss!","robots":{"index":"index","follow":"follow","max-snippet":"max-snippet:-1","max-image-preview":"max-image-preview:large","max-video-preview":"max-video-preview:-1"},"canonical":"https:\/\/annonspartner.se\/en\/vara-tjanster\/digital-marknadsforing-hassleholm\/","og_locale":"en_US","og_type":"article","og_title":"Digital marknadsf\u00f6ring H\u00e4ssleholm | SEO, ADS & SEM - Annonspartner Sverige AB","og_description":"Beh\u00f6ver du hj\u00e4lp med digital marknadsf\u00f6ring i H\u00e4ssleholm? Vi hanterar Google Ads, Facebook-annonsering, mediaplanering och mer. Kontakta oss!","og_url":"https:\/\/annonspartner.se\/en\/vara-tjanster\/digital-marknadsforing-hassleholm\/","og_site_name":"Annonspartner Sverige AB","article_modified_time":"2026-03-13T07:19:26+00:00","twitter_card":"summary_large_image","twitter_misc":{"Est. reading time":"5 minutes"},"schema":{"@context":"https:\/\/schema.org","@graph":[{"@type":"WebPage","@id":"https:\/\/annonspartner.se\/vara-tjanster\/digital-marknadsforing-hassleholm\/","url":"https:\/\/annonspartner.se\/vara-tjanster\/digital-marknadsforing-hassleholm\/","name":"Digital marknadsf\u00f6ring H\u00e4ssleholm | SEO, ADS & SEM - Annonspartner Sverige AB","isPartOf":{"@id":"https:\/\/annonspartner.se\/#website"},"datePublished":"2026-02-10T11:37:11+00:00","dateModified":"2026-03-13T07:19:26+00:00","description":"Beh\u00f6ver du hj\u00e4lp med digital marknadsf\u00f6ring i H\u00e4ssleholm? Vi hanterar Google Ads, Facebook-annonsering, mediaplanering och mer. Kontakta oss!","breadcrumb":{"@id":"https:\/\/annonspartner.se\/vara-tjanster\/digital-marknadsforing-hassleholm\/#breadcrumb"},"inLanguage":"en-US","potentialAction":[{"@type":"ReadAction","target":["https:\/\/annonspartner.se\/vara-tjanster\/digital-marknadsforing-hassleholm\/"]}]},{"@type":"BreadcrumbList","@id":"https:\/\/annonspartner.se\/vara-tjanster\/digital-marknadsforing-hassleholm\/#breadcrumb","itemListElement":[{"@type":"ListItem","position":1,"name":"Hem","item":"https:\/\/annonspartner.se\/"},{"@type":"ListItem","position":2,"name":"V\u00e5ra tj\u00e4nster","item":"https:\/\/annonspartner.se\/vara-tjanster\/"},{"@type":"ListItem","position":3,"name":"Digital marknadsf\u00f6ring H\u00e4ssleholm | SEO, ADS &#038; SEM"}]},{"@type":"WebSite","@id":"https:\/\/annonspartner.se\/#website","url":"https:\/\/annonspartner.se\/","name":"Advertising Partner","description":"Reklambyr\u00e5","potentialAction":[{"@type":"SearchAction","target":{"@type":"EntryPoint","urlTemplate":"https:\/\/annonspartner.se\/?s={search_term_string}"},"query-input":{"@type":"PropertyValueSpecification","valueRequired":true,"valueName":"search_term_string"}}],"inLanguage":"en-US"}]}},"_links":{"self":[{"href":"https:\/\/annonspartner.se\/en\/wp-json\/wp\/v2\/pages\/1398","targetHints":{"allow":["GET"]}}],"collection":[{"href":"https:\/\/annonspartner.se\/en\/wp-json\/wp\/v2\/pages"}],"about":[{"href":"https:\/\/annonspartner.se\/en\/wp-json\/wp\/v2\/types\/page"}],"author":[{"embeddable":true,"href":"https:\/\/annonspartner.se\/en\/wp-json\/wp\/v2\/users\/4"}],"replies":[{"embeddable":true,"href":"https:\/\/annonspartner.se\/en\/wp-json\/wp\/v2\/comments?post=1398"}],"version-history":[{"count":5,"href":"https:\/\/annonspartner.se\/en\/wp-json\/wp\/v2\/pages\/1398\/revisions"}],"predecessor-version":[{"id":2055,"href":"https:\/\/annonspartner.se\/en\/wp-json\/wp\/v2\/pages\/1398\/revisions\/2055"}],"up":[{"embeddable":true,"href":"https:\/\/annonspartner.se\/en\/wp-json\/wp\/v2\/pages\/700"}],"wp:attachment":[{"href":"https:\/\/annonspartner.se\/en\/wp-json\/wp\/v2\/media?parent=1398"}],"curies":[{"name":"wp","href":"https:\/\/api.w.org\/{rel}","templated":true}]}}