{"id":349,"date":"2017-09-21T15:31:51","date_gmt":"2017-09-21T13:31:51","guid":{"rendered":"https:\/\/annonspartner.se\/?page_id=349"},"modified":"2026-02-24T18:05:25","modified_gmt":"2026-02-24T17:05:25","slug":"din-reklambyra","status":"publish","type":"page","link":"https:\/\/annonspartner.se\/en\/","title":{"rendered":"Home"},"content":{"rendered":"<h1 style=\"text-align: center;\">Advertising Partner<\/h1>\n<div style=\"text-align: center;\">\n<p><em>Kvalit\u00e9t &#8211; Trygghet &#8211; Smidighet<br \/>\n<\/em><\/p>\n<hr \/>\n<p><strong class=\"Yjhzub\"><strong><span style=\"color: #ffffff;\"><span style=\"color: #ffffff;\"><b><\/b>G\u00f6ran Stenfelt\u00a0&#8211; Utm\u00e4rkt bra service<\/span> \u2b50\u2b50\u2b50\u2b50\u2b50<br \/>\n<\/span><\/strong><\/strong><\/p>\n<hr \/>\n<p><strong class=\"Yjhzub\"><br \/>\n<strong><span style=\"color: #ffffff;\"><span style=\"color: #ffffff;\"><b><\/b> Nils-Erik \u00d6brink &#8211; Trevlig personal och bra bem\u00f6tande! <\/span> \u2b50\u2b50\u2b50\u2b50\u2b50<br \/>\n<\/span><\/strong><\/strong><\/p>\n<hr \/>\n<p><strong class=\"Yjhzub\"><br \/>\n<strong><span style=\"color: #ffffff;\"><span style=\"color: #ffffff;\"><b><\/b>Elin Baglien \u2013 En av v\u00e5ra n\u00f6jda kunder<\/span> \u2b50\u2b50\u2b50\u2b50\u2b50<br \/>\n<\/span><\/strong><\/strong><\/p>\n<hr \/>\n<p><strong class=\"Yjhzub\"><br \/>\n<strong><span style=\"color: #ffffff;\"><span style=\"color: #ffffff;\"><b><\/b>Anders Sandstr\u00f6m rekommenderar v\u00e5ra tj\u00e4nster<\/span> \u2b50\u2b50\u2b50\u2b50\u2b50<br \/>\n<\/span><\/strong><\/strong><\/p>\n<hr \/>\n<p><strong class=\"Yjhzub\"><br \/>\n<strong><span style=\"color: #ffffff;\"><span style=\"color: #ffffff;\"><b><\/b>Daniel Karlsson \u2013 Tack f\u00f6r fantastiska resultat under 2025!<\/span> \u2b50\u2b50\u2b50\u2b50\u2b50<br \/>\n<\/span><\/strong><\/strong><\/p>\n<hr \/>\n<\/div>","protected":false},"excerpt":{"rendered":"<p>Annonspartner Sverige AB Kvalit\u00e9t &#8211; Trygghet &#8211; Smidighet G\u00f6ran Stenfelt\u00a0&#8211; Utm\u00e4rkt bra service \u2b50\u2b50\u2b50\u2b50\u2b50 Nils-Erik \u00d6brink &#8211; Trevlig personal och bra bem\u00f6tande! \u2b50\u2b50\u2b50\u2b50\u2b50 Elin Baglien \u2013 En av v\u00e5ra n\u00f6jda kunder \u2b50\u2b50\u2b50\u2b50\u2b50 Anders Sandstr\u00f6m rekommenderar v\u00e5ra tj\u00e4nster \u2b50\u2b50\u2b50\u2b50\u2b50 Daniel Karlsson \u2013 Tack f\u00f6r fantastiska resultat under 2025! \u2b50\u2b50\u2b50\u2b50\u2b50<\/p>","protected":false},"author":2,"featured_media":0,"parent":0,"menu_order":0,"comment_status":"closed","ping_status":"closed","template":"frontpage.php","meta":{"_acf_changed":false,"footnotes":""},"class_list":["post-349","page","type-page","status-publish","hentry"],"acf":[],"yoast_head":"<!-- This site is optimized with the Yoast SEO plugin v26.8 - https:\/\/yoast.com\/product\/yoast-seo-wordpress\/ -->\n<title>Start - Annonspartner Sverige AB<\/title>\n<meta name=\"description\" content=\"Vi hj\u00e4lper er med hemsidor, hosting, annonsering p\u00e5 Google och Facebook, hantering av telefonf\u00f6rs\u00e4ljare, mediastrategi och planering.\" \/>\n<meta name=\"robots\" content=\"index, follow, max-snippet:-1, max-image-preview:large, max-video-preview:-1\" \/>\n<link rel=\"canonical\" href=\"https:\/\/annonspartner.se\/en\/\" \/>\n<meta property=\"og:locale\" content=\"en_US\" \/>\n<meta property=\"og:type\" content=\"article\" \/>\n<meta property=\"og:title\" content=\"Start - Annonspartner Sverige AB\" \/>\n<meta property=\"og:description\" content=\"Vi hj\u00e4lper er med hemsidor, hosting, annonsering p\u00e5 Google och Facebook, hantering av telefonf\u00f6rs\u00e4ljare, mediastrategi och planering.\" \/>\n<meta property=\"og:url\" content=\"https:\/\/annonspartner.se\/en\/\" \/>\n<meta property=\"og:site_name\" content=\"Annonspartner Sverige AB\" \/>\n<meta property=\"article:modified_time\" content=\"2026-02-24T17:05:25+00:00\" \/>\n<meta name=\"twitter:card\" content=\"summary_large_image\" \/>\n<meta name=\"twitter:label1\" content=\"Est. reading time\" \/>\n\t<meta name=\"twitter:data1\" content=\"1 minute\" \/>\n<script type=\"application\/ld+json\" class=\"yoast-schema-graph\">{\"@context\":\"https:\/\/schema.org\",\"@graph\":[{\"@type\":\"WebPage\",\"@id\":\"https:\/\/annonspartner.se\/\",\"url\":\"https:\/\/annonspartner.se\/\",\"name\":\"Start - Annonspartner Sverige AB\",\"isPartOf\":{\"@id\":\"https:\/\/annonspartner.se\/#website\"},\"datePublished\":\"2017-09-21T13:31:51+00:00\",\"dateModified\":\"2026-02-24T17:05:25+00:00\",\"description\":\"Vi hj\u00e4lper er med hemsidor, hosting, annonsering p\u00e5 Google och Facebook, hantering av telefonf\u00f6rs\u00e4ljare, mediastrategi och planering.\",\"breadcrumb\":{\"@id\":\"https:\/\/annonspartner.se\/#breadcrumb\"},\"inLanguage\":\"en-US\",\"potentialAction\":[{\"@type\":\"ReadAction\",\"target\":[\"https:\/\/annonspartner.se\/\"]}]},{\"@type\":\"BreadcrumbList\",\"@id\":\"https:\/\/annonspartner.se\/#breadcrumb\",\"itemListElement\":[{\"@type\":\"ListItem\",\"position\":1,\"name\":\"Hem\",\"item\":\"https:\/\/annonspartner.se\/\"},{\"@type\":\"ListItem\",\"position\":2,\"name\":\"Start\"}]},{\"@type\":\"WebSite\",\"@id\":\"https:\/\/annonspartner.se\/#website\",\"url\":\"https:\/\/annonspartner.se\/\",\"name\":\"Annonspartner Sverige AB\",\"description\":\"Reklambyr\u00e5\",\"potentialAction\":[{\"@type\":\"SearchAction\",\"target\":{\"@type\":\"EntryPoint\",\"urlTemplate\":\"https:\/\/annonspartner.se\/?s={search_term_string}\"},\"query-input\":{\"@type\":\"PropertyValueSpecification\",\"valueRequired\":true,\"valueName\":\"search_term_string\"}}],\"inLanguage\":\"en-US\"}]}<\/script>\n<!-- \/ Yoast SEO plugin. -->","yoast_head_json":{"title":"Start - Annonspartner Sverige AB","description":"Vi hj\u00e4lper er med hemsidor, hosting, annonsering p\u00e5 Google och Facebook, hantering av telefonf\u00f6rs\u00e4ljare, mediastrategi och planering.","robots":{"index":"index","follow":"follow","max-snippet":"max-snippet:-1","max-image-preview":"max-image-preview:large","max-video-preview":"max-video-preview:-1"},"canonical":"https:\/\/annonspartner.se\/en\/","og_locale":"en_US","og_type":"article","og_title":"Start - Annonspartner Sverige AB","og_description":"Vi hj\u00e4lper er med hemsidor, hosting, annonsering p\u00e5 Google och Facebook, hantering av telefonf\u00f6rs\u00e4ljare, mediastrategi och planering.","og_url":"https:\/\/annonspartner.se\/en\/","og_site_name":"Annonspartner Sverige AB","article_modified_time":"2026-02-24T17:05:25+00:00","twitter_card":"summary_large_image","twitter_misc":{"Est. reading time":"1 minute"},"schema":{"@context":"https:\/\/schema.org","@graph":[{"@type":"WebPage","@id":"https:\/\/annonspartner.se\/","url":"https:\/\/annonspartner.se\/","name":"Start - Annonspartner Sverige AB","isPartOf":{"@id":"https:\/\/annonspartner.se\/#website"},"datePublished":"2017-09-21T13:31:51+00:00","dateModified":"2026-02-24T17:05:25+00:00","description":"Vi hj\u00e4lper er med hemsidor, hosting, annonsering p\u00e5 Google och Facebook, hantering av telefonf\u00f6rs\u00e4ljare, mediastrategi och planering.","breadcrumb":{"@id":"https:\/\/annonspartner.se\/#breadcrumb"},"inLanguage":"en-US","potentialAction":[{"@type":"ReadAction","target":["https:\/\/annonspartner.se\/"]}]},{"@type":"BreadcrumbList","@id":"https:\/\/annonspartner.se\/#breadcrumb","itemListElement":[{"@type":"ListItem","position":1,"name":"Hem","item":"https:\/\/annonspartner.se\/"},{"@type":"ListItem","position":2,"name":"Start"}]},{"@type":"WebSite","@id":"https:\/\/annonspartner.se\/#website","url":"https:\/\/annonspartner.se\/","name":"Advertising Partner","description":"Reklambyr\u00e5","potentialAction":[{"@type":"SearchAction","target":{"@type":"EntryPoint","urlTemplate":"https:\/\/annonspartner.se\/?s={search_term_string}"},"query-input":{"@type":"PropertyValueSpecification","valueRequired":true,"valueName":"search_term_string"}}],"inLanguage":"en-US"}]}},"_links":{"self":[{"href":"https:\/\/annonspartner.se\/en\/wp-json\/wp\/v2\/pages\/349","targetHints":{"allow":["GET"]}}],"collection":[{"href":"https:\/\/annonspartner.se\/en\/wp-json\/wp\/v2\/pages"}],"about":[{"href":"https:\/\/annonspartner.se\/en\/wp-json\/wp\/v2\/types\/page"}],"author":[{"embeddable":true,"href":"https:\/\/annonspartner.se\/en\/wp-json\/wp\/v2\/users\/2"}],"replies":[{"embeddable":true,"href":"https:\/\/annonspartner.se\/en\/wp-json\/wp\/v2\/comments?post=349"}],"version-history":[{"count":5,"href":"https:\/\/annonspartner.se\/en\/wp-json\/wp\/v2\/pages\/349\/revisions"}],"predecessor-version":[{"id":2011,"href":"https:\/\/annonspartner.se\/en\/wp-json\/wp\/v2\/pages\/349\/revisions\/2011"}],"wp:attachment":[{"href":"https:\/\/annonspartner.se\/en\/wp-json\/wp\/v2\/media?parent=349"}],"curies":[{"name":"wp","href":"https:\/\/api.w.org\/{rel}","templated":true}]}}