{"id":460,"date":"2018-05-14T15:38:01","date_gmt":"2018-05-14T13:38:01","guid":{"rendered":"https:\/\/annonspartner.se\/?page_id=460"},"modified":"2026-02-24T17:21:13","modified_gmt":"2026-02-24T16:21:13","slug":"om-oss","status":"publish","type":"page","link":"https:\/\/annonspartner.se\/en\/om-oss\/","title":{"rendered":"About us"},"content":{"rendered":"<p>&nbsp;<\/p>\n<h1 style=\"text-align: center;\"><span style=\"color: #eb9400;\"><br \/>\nAnnonspartner Sverige AB \u00e4r din mediabyr\u00e5<\/span><\/h1>\n<p style=\"text-align: center;\">Digital media agency from Sweden that works with everything in marketing: SEO, SEM, PPC, websites, graphic design, hosting, development of business systems, negotiations and much more!<br \/>\nVi har l\u00e5ng erfarenhet av digital marknadsf\u00f6ring och sammanf\u00f6r k\u00f6pare och s\u00e4ljare. Med hj\u00e4lp av oss kan du enkelt hitta trygga leverant\u00f6rer och kunder.<br \/>\nFrom graphic profile to websites, advertising and budgeting. We tailor solutions to your specific needs.<\/p>\n<p style=\"text-align: center;\"><img loading=\"lazy\" decoding=\"async\" class=\"no-border wp-image-947 size-medium aligncenter\" src=\"https:\/\/annonspartner.se\/wp-content\/uploads\/2024\/09\/logga-Advertising-Partner.png\" alt=\"\" width=\"300\" height=\"193\" srcset=\"https:\/\/annonspartner.se\/wp-content\/uploads\/2024\/09\/logga-Advertising-Partner.png 782w, https:\/\/annonspartner.se\/wp-content\/uploads\/2024\/09\/logga-Advertising-Partner-300x295.png 300w, https:\/\/annonspartner.se\/wp-content\/uploads\/2024\/09\/logga-Advertising-Partner-768x754.png 768w, https:\/\/annonspartner.se\/wp-content\/uploads\/2024\/09\/logga-Advertising-Partner-12x12.png 12w\" sizes=\"auto, (max-width: 300px) 100vw, 300px\" \/><\/p>\n<h2 style=\"text-align: center;\"><span style=\"color: #eb9400;\">Vi \u00e4r en privat exklusiv mediabyr\u00e5 som erbjuder ett brett urval av tj\u00e4nster inom omr\u00e5det marknadsf\u00f6ring.<\/span><\/h2>\n<p style=\"text-align: center;\">Our watchwords are \u201cquality, security, flexibility\u201d<br \/>\nV\u00e5ra kunder finns idag utspridda i Sverige, Norden och USA. Vi v\u00e4lkomnar alla kunder oavsett bransch.<br \/>\nWe always go the extra mile for you as a customer and the security is reflected in more than 20 years in the industry<br \/>\nWith us, you always get a personal contact and never a chatbot or auto-reply.<br \/>\nWe are always available to you as a customer for all types of matters. We make it efficient, flexible and easy for you as a customer<br \/>\nand you can focus your time on what you do best, and we focus on what we do best. We help you to be seen in the right places at the right prices.<\/p>","protected":false},"excerpt":{"rendered":"<p>&nbsp; Annonspartner Sverige AB \u00e4r din mediabyr\u00e5 PR Byr\u00e5 som arbetar med allt inom marknadsf\u00f6ring, SEO, SEM, PPC, hemsidor, grafisk design, hosting, utveckling av aff\u00e4rssystem, f\u00f6rhandlingar och mycket mer! Vi har l\u00e5ng erfarenhet av digital marknadsf\u00f6ring och sammanf\u00f6r k\u00f6pare och s\u00e4ljare. Med hj\u00e4lp av oss kan du enkelt hitta trygga leverant\u00f6rer och kunder. Fr\u00e5n grafisk [&hellip;]<\/p>","protected":false},"author":2,"featured_media":0,"parent":0,"menu_order":0,"comment_status":"closed","ping_status":"closed","template":"","meta":{"_acf_changed":false,"footnotes":""},"class_list":["post-460","page","type-page","status-publish","hentry"],"acf":[],"yoast_head":"<!-- This site is optimized with the Yoast SEO plugin v26.8 - https:\/\/yoast.com\/product\/yoast-seo-wordpress\/ -->\n<title>Om oss - Annonspartner Sverige AB<\/title>\n<meta name=\"description\" content=\"Vi har l\u00e5ng erfarenhet av marknadsf\u00f6ring och sammanf\u00f6ra k\u00f6pare och s\u00e4ljare. Vi \u00e4r en privat exklusiv mediebyr\u00e5.\" \/>\n<meta name=\"robots\" content=\"index, follow, max-snippet:-1, max-image-preview:large, max-video-preview:-1\" \/>\n<link rel=\"canonical\" href=\"https:\/\/annonspartner.se\/en\/om-oss\/\" \/>\n<meta property=\"og:locale\" content=\"en_US\" \/>\n<meta property=\"og:type\" content=\"article\" \/>\n<meta property=\"og:title\" content=\"Om oss - Annonspartner Sverige AB\" \/>\n<meta property=\"og:description\" content=\"Vi har l\u00e5ng erfarenhet av marknadsf\u00f6ring och sammanf\u00f6ra k\u00f6pare och s\u00e4ljare. Vi \u00e4r en privat exklusiv mediebyr\u00e5.\" \/>\n<meta property=\"og:url\" content=\"https:\/\/annonspartner.se\/en\/om-oss\/\" \/>\n<meta property=\"og:site_name\" content=\"Annonspartner Sverige AB\" \/>\n<meta property=\"article:modified_time\" content=\"2026-02-24T16:21:13+00:00\" \/>\n<meta property=\"og:image\" content=\"https:\/\/annonspartner.se\/wp-content\/uploads\/2020\/02\/Logotyp_Annonspartner_RGB_svart_72DPI.png\" \/>\n\t<meta property=\"og:image:width\" content=\"1196\" \/>\n\t<meta property=\"og:image:height\" content=\"770\" \/>\n\t<meta property=\"og:image:type\" content=\"image\/png\" \/>\n<meta name=\"twitter:card\" content=\"summary_large_image\" \/>\n<meta name=\"twitter:label1\" content=\"Est. reading time\" \/>\n\t<meta name=\"twitter:data1\" content=\"2 minutes\" \/>\n<script type=\"application\/ld+json\" class=\"yoast-schema-graph\">{\"@context\":\"https:\/\/schema.org\",\"@graph\":[{\"@type\":\"WebPage\",\"@id\":\"https:\/\/annonspartner.se\/om-oss\/\",\"url\":\"https:\/\/annonspartner.se\/om-oss\/\",\"name\":\"Om oss - Annonspartner Sverige AB\",\"isPartOf\":{\"@id\":\"https:\/\/annonspartner.se\/#website\"},\"primaryImageOfPage\":{\"@id\":\"https:\/\/annonspartner.se\/om-oss\/#primaryimage\"},\"image\":{\"@id\":\"https:\/\/annonspartner.se\/om-oss\/#primaryimage\"},\"thumbnailUrl\":\"https:\/\/annonspartner.se\/wp-content\/uploads\/2020\/02\/Logotyp_Annonspartner_RGB_svart_72DPI-300x193.png\",\"datePublished\":\"2018-05-14T13:38:01+00:00\",\"dateModified\":\"2026-02-24T16:21:13+00:00\",\"description\":\"Vi har l\u00e5ng erfarenhet av marknadsf\u00f6ring och sammanf\u00f6ra k\u00f6pare och s\u00e4ljare. Vi \u00e4r en privat exklusiv mediebyr\u00e5.\",\"breadcrumb\":{\"@id\":\"https:\/\/annonspartner.se\/om-oss\/#breadcrumb\"},\"inLanguage\":\"en-US\",\"potentialAction\":[{\"@type\":\"ReadAction\",\"target\":[\"https:\/\/annonspartner.se\/om-oss\/\"]}]},{\"@type\":\"ImageObject\",\"inLanguage\":\"en-US\",\"@id\":\"https:\/\/annonspartner.se\/om-oss\/#primaryimage\",\"url\":\"https:\/\/annonspartner.se\/wp-content\/uploads\/2020\/02\/Logotyp_Annonspartner_RGB_svart_72DPI-300x193.png\",\"contentUrl\":\"https:\/\/annonspartner.se\/wp-content\/uploads\/2020\/02\/Logotyp_Annonspartner_RGB_svart_72DPI-300x193.png\"},{\"@type\":\"BreadcrumbList\",\"@id\":\"https:\/\/annonspartner.se\/om-oss\/#breadcrumb\",\"itemListElement\":[{\"@type\":\"ListItem\",\"position\":1,\"name\":\"Hem\",\"item\":\"https:\/\/annonspartner.se\/\"},{\"@type\":\"ListItem\",\"position\":2,\"name\":\"Om oss\"}]},{\"@type\":\"WebSite\",\"@id\":\"https:\/\/annonspartner.se\/#website\",\"url\":\"https:\/\/annonspartner.se\/\",\"name\":\"Annonspartner Sverige AB\",\"description\":\"Reklambyr\u00e5\",\"potentialAction\":[{\"@type\":\"SearchAction\",\"target\":{\"@type\":\"EntryPoint\",\"urlTemplate\":\"https:\/\/annonspartner.se\/?s={search_term_string}\"},\"query-input\":{\"@type\":\"PropertyValueSpecification\",\"valueRequired\":true,\"valueName\":\"search_term_string\"}}],\"inLanguage\":\"en-US\"}]}<\/script>\n<!-- \/ Yoast SEO plugin. -->","yoast_head_json":{"title":"Om oss - Annonspartner Sverige AB","description":"Vi har l\u00e5ng erfarenhet av marknadsf\u00f6ring och sammanf\u00f6ra k\u00f6pare och s\u00e4ljare. Vi \u00e4r en privat exklusiv mediebyr\u00e5.","robots":{"index":"index","follow":"follow","max-snippet":"max-snippet:-1","max-image-preview":"max-image-preview:large","max-video-preview":"max-video-preview:-1"},"canonical":"https:\/\/annonspartner.se\/en\/om-oss\/","og_locale":"en_US","og_type":"article","og_title":"Om oss - Annonspartner Sverige AB","og_description":"Vi har l\u00e5ng erfarenhet av marknadsf\u00f6ring och sammanf\u00f6ra k\u00f6pare och s\u00e4ljare. Vi \u00e4r en privat exklusiv mediebyr\u00e5.","og_url":"https:\/\/annonspartner.se\/en\/om-oss\/","og_site_name":"Annonspartner Sverige AB","article_modified_time":"2026-02-24T16:21:13+00:00","og_image":[{"width":1196,"height":770,"url":"https:\/\/annonspartner.se\/wp-content\/uploads\/2020\/02\/Logotyp_Annonspartner_RGB_svart_72DPI.png","type":"image\/png"}],"twitter_card":"summary_large_image","twitter_misc":{"Est. reading time":"2 minutes"},"schema":{"@context":"https:\/\/schema.org","@graph":[{"@type":"WebPage","@id":"https:\/\/annonspartner.se\/om-oss\/","url":"https:\/\/annonspartner.se\/om-oss\/","name":"Om oss - Annonspartner Sverige AB","isPartOf":{"@id":"https:\/\/annonspartner.se\/#website"},"primaryImageOfPage":{"@id":"https:\/\/annonspartner.se\/om-oss\/#primaryimage"},"image":{"@id":"https:\/\/annonspartner.se\/om-oss\/#primaryimage"},"thumbnailUrl":"https:\/\/annonspartner.se\/wp-content\/uploads\/2020\/02\/Logotyp_Annonspartner_RGB_svart_72DPI-300x193.png","datePublished":"2018-05-14T13:38:01+00:00","dateModified":"2026-02-24T16:21:13+00:00","description":"Vi har l\u00e5ng erfarenhet av marknadsf\u00f6ring och sammanf\u00f6ra k\u00f6pare och s\u00e4ljare. Vi \u00e4r en privat exklusiv mediebyr\u00e5.","breadcrumb":{"@id":"https:\/\/annonspartner.se\/om-oss\/#breadcrumb"},"inLanguage":"en-US","potentialAction":[{"@type":"ReadAction","target":["https:\/\/annonspartner.se\/om-oss\/"]}]},{"@type":"ImageObject","inLanguage":"en-US","@id":"https:\/\/annonspartner.se\/om-oss\/#primaryimage","url":"https:\/\/annonspartner.se\/wp-content\/uploads\/2020\/02\/Logotyp_Annonspartner_RGB_svart_72DPI-300x193.png","contentUrl":"https:\/\/annonspartner.se\/wp-content\/uploads\/2020\/02\/Logotyp_Annonspartner_RGB_svart_72DPI-300x193.png"},{"@type":"BreadcrumbList","@id":"https:\/\/annonspartner.se\/om-oss\/#breadcrumb","itemListElement":[{"@type":"ListItem","position":1,"name":"Hem","item":"https:\/\/annonspartner.se\/"},{"@type":"ListItem","position":2,"name":"Om oss"}]},{"@type":"WebSite","@id":"https:\/\/annonspartner.se\/#website","url":"https:\/\/annonspartner.se\/","name":"Advertising Partner","description":"Reklambyr\u00e5","potentialAction":[{"@type":"SearchAction","target":{"@type":"EntryPoint","urlTemplate":"https:\/\/annonspartner.se\/?s={search_term_string}"},"query-input":{"@type":"PropertyValueSpecification","valueRequired":true,"valueName":"search_term_string"}}],"inLanguage":"en-US"}]}},"_links":{"self":[{"href":"https:\/\/annonspartner.se\/en\/wp-json\/wp\/v2\/pages\/460","targetHints":{"allow":["GET"]}}],"collection":[{"href":"https:\/\/annonspartner.se\/en\/wp-json\/wp\/v2\/pages"}],"about":[{"href":"https:\/\/annonspartner.se\/en\/wp-json\/wp\/v2\/types\/page"}],"author":[{"embeddable":true,"href":"https:\/\/annonspartner.se\/en\/wp-json\/wp\/v2\/users\/2"}],"replies":[{"embeddable":true,"href":"https:\/\/annonspartner.se\/en\/wp-json\/wp\/v2\/comments?post=460"}],"version-history":[{"count":5,"href":"https:\/\/annonspartner.se\/en\/wp-json\/wp\/v2\/pages\/460\/revisions"}],"predecessor-version":[{"id":2000,"href":"https:\/\/annonspartner.se\/en\/wp-json\/wp\/v2\/pages\/460\/revisions\/2000"}],"wp:attachment":[{"href":"https:\/\/annonspartner.se\/en\/wp-json\/wp\/v2\/media?parent=460"}],"curies":[{"name":"wp","href":"https:\/\/api.w.org\/{rel}","templated":true}]}}