{"id":462,"date":"2018-05-14T15:38:09","date_gmt":"2018-05-14T13:38:09","guid":{"rendered":"https:\/\/annonspartner.se\/?page_id=462"},"modified":"2026-02-24T19:08:26","modified_gmt":"2026-02-24T18:08:26","slug":"kontakt","status":"publish","type":"page","link":"https:\/\/annonspartner.se\/en\/kontakt\/","title":{"rendered":"Get in touch"},"content":{"rendered":"<p><strong>Office: +46723048855<\/strong>: (+46) 010-33 00 513<br \/>\n<strong>Say hi!<\/strong>:\u00a0<a href=\"mailto:info@annonspartner.se\">hello@advertisingpartnernyc.com<\/a><\/p>\n<p><img loading=\"lazy\" decoding=\"async\" class=\"alignnone size-medium wp-image-999\" src=\"https:\/\/annonspartner.se\/wp-content\/uploads\/2020\/09\/emma-2-kopiera-300x298.jpg\" alt=\"\" width=\"300\" height=\"298\" srcset=\"https:\/\/annonspartner.se\/wp-content\/uploads\/2020\/09\/emma-2-kopiera-300x298.jpg 300w, https:\/\/annonspartner.se\/wp-content\/uploads\/2020\/09\/emma-2-kopiera.jpg 750w\" sizes=\"auto, (max-width: 300px) 100vw, 300px\" \/>\u00a0 \u00a0 <img loading=\"lazy\" decoding=\"async\" class=\"alignnone size-medium wp-image-1150\" src=\"https:\/\/annonspartner.se\/wp-content\/uploads\/2023\/10\/Kontakt-300x298.jpg\" alt=\"\" width=\"300\" height=\"298\" srcset=\"https:\/\/annonspartner.se\/wp-content\/uploads\/2023\/10\/Kontakt-300x298.jpg 300w, https:\/\/annonspartner.se\/wp-content\/uploads\/2023\/10\/Kontakt.jpg 750w\" sizes=\"auto, (max-width: 300px) 100vw, 300px\" \/><\/p>\n<div class='content-column one_half'><h2><span style=\"color: #808080;\">Emma Sandstr\u00f6m<\/span><\/h2>\n<p><em><strong><span style=\"color: #eb9400;\">AD<\/span><\/strong><\/em><br \/>\nDirect: (+46) 076-808 75 97<br \/>\nemma@advertisingpartnernyc.com<\/p><\/div><div class='content-column one_half last_column'><h2><span style=\"color: #808080;\">Mikael Karlsson<\/span><\/h2>\n<p><em><strong><span style=\"color: #eb9400;\">Head of Sales<\/span><\/strong><\/em><br \/>\nDirekt: (+46) 072 304 88 55<br \/>\nmikael@advertisingpartnernyc.com<\/p><\/div><div class='clear_column'><\/div><\/p>","protected":false},"excerpt":{"rendered":"<p>Telefon: (+46) 010-33 00 513 Epost:\u00a0info@annonspartner.se \u00a0 \u00a0<\/p>","protected":false},"author":2,"featured_media":0,"parent":0,"menu_order":0,"comment_status":"closed","ping_status":"closed","template":"contactpage.php","meta":{"_acf_changed":false,"footnotes":""},"class_list":["post-462","page","type-page","status-publish","hentry"],"acf":[],"yoast_head":"<!-- This site is optimized with the Yoast SEO plugin v26.8 - https:\/\/yoast.com\/product\/yoast-seo-wordpress\/ -->\n<title>Kontakt - Annonspartner Sverige AB<\/title>\n<meta name=\"description\" content=\"Beh\u00f6ver du hj\u00e4lp med din annonsering och hemsida? Vi l\u00e4gger stor vikt vid att bygga trygga och l\u00e5ngsiktiga relationer med v\u00e5ra kunder.\" \/>\n<meta name=\"robots\" content=\"index, follow, max-snippet:-1, max-image-preview:large, max-video-preview:-1\" \/>\n<link rel=\"canonical\" href=\"https:\/\/annonspartner.se\/en\/kontakt\/\" \/>\n<meta property=\"og:locale\" content=\"en_US\" \/>\n<meta property=\"og:type\" content=\"article\" \/>\n<meta property=\"og:title\" content=\"Kontakt - Annonspartner Sverige AB\" \/>\n<meta property=\"og:description\" content=\"Beh\u00f6ver du hj\u00e4lp med din annonsering och hemsida? Vi l\u00e4gger stor vikt vid att bygga trygga och l\u00e5ngsiktiga relationer med v\u00e5ra kunder.\" \/>\n<meta property=\"og:url\" content=\"https:\/\/annonspartner.se\/en\/kontakt\/\" \/>\n<meta property=\"og:site_name\" content=\"Annonspartner Sverige AB\" \/>\n<meta property=\"article:modified_time\" content=\"2026-02-24T18:08:26+00:00\" \/>\n<meta property=\"og:image\" content=\"https:\/\/annonspartner.se\/wp-content\/uploads\/2020\/09\/emma-2-kopiera.jpg\" \/>\n\t<meta property=\"og:image:width\" content=\"750\" \/>\n\t<meta property=\"og:image:height\" content=\"745\" \/>\n\t<meta property=\"og:image:type\" content=\"image\/jpeg\" \/>\n<meta name=\"twitter:card\" content=\"summary_large_image\" \/>\n<meta name=\"twitter:label1\" content=\"Est. reading time\" \/>\n\t<meta name=\"twitter:data1\" content=\"1 minute\" \/>\n<script type=\"application\/ld+json\" class=\"yoast-schema-graph\">{\"@context\":\"https:\/\/schema.org\",\"@graph\":[{\"@type\":\"WebPage\",\"@id\":\"https:\/\/annonspartner.se\/kontakt\/\",\"url\":\"https:\/\/annonspartner.se\/kontakt\/\",\"name\":\"Kontakt - Annonspartner Sverige AB\",\"isPartOf\":{\"@id\":\"https:\/\/annonspartner.se\/#website\"},\"primaryImageOfPage\":{\"@id\":\"https:\/\/annonspartner.se\/kontakt\/#primaryimage\"},\"image\":{\"@id\":\"https:\/\/annonspartner.se\/kontakt\/#primaryimage\"},\"thumbnailUrl\":\"https:\/\/annonspartner.se\/wp-content\/uploads\/2020\/09\/emma-2-kopiera-300x298.jpg\",\"datePublished\":\"2018-05-14T13:38:09+00:00\",\"dateModified\":\"2026-02-24T18:08:26+00:00\",\"description\":\"Beh\u00f6ver du hj\u00e4lp med din annonsering och hemsida? Vi l\u00e4gger stor vikt vid att bygga trygga och l\u00e5ngsiktiga relationer med v\u00e5ra kunder.\",\"breadcrumb\":{\"@id\":\"https:\/\/annonspartner.se\/kontakt\/#breadcrumb\"},\"inLanguage\":\"en-US\",\"potentialAction\":[{\"@type\":\"ReadAction\",\"target\":[\"https:\/\/annonspartner.se\/kontakt\/\"]}]},{\"@type\":\"ImageObject\",\"inLanguage\":\"en-US\",\"@id\":\"https:\/\/annonspartner.se\/kontakt\/#primaryimage\",\"url\":\"https:\/\/annonspartner.se\/wp-content\/uploads\/2020\/09\/emma-2-kopiera-300x298.jpg\",\"contentUrl\":\"https:\/\/annonspartner.se\/wp-content\/uploads\/2020\/09\/emma-2-kopiera-300x298.jpg\"},{\"@type\":\"BreadcrumbList\",\"@id\":\"https:\/\/annonspartner.se\/kontakt\/#breadcrumb\",\"itemListElement\":[{\"@type\":\"ListItem\",\"position\":1,\"name\":\"Hem\",\"item\":\"https:\/\/annonspartner.se\/\"},{\"@type\":\"ListItem\",\"position\":2,\"name\":\"Kontakt\"}]},{\"@type\":\"WebSite\",\"@id\":\"https:\/\/annonspartner.se\/#website\",\"url\":\"https:\/\/annonspartner.se\/\",\"name\":\"Annonspartner Sverige AB\",\"description\":\"Reklambyr\u00e5\",\"potentialAction\":[{\"@type\":\"SearchAction\",\"target\":{\"@type\":\"EntryPoint\",\"urlTemplate\":\"https:\/\/annonspartner.se\/?s={search_term_string}\"},\"query-input\":{\"@type\":\"PropertyValueSpecification\",\"valueRequired\":true,\"valueName\":\"search_term_string\"}}],\"inLanguage\":\"en-US\"}]}<\/script>\n<!-- \/ Yoast SEO plugin. -->","yoast_head_json":{"title":"Kontakt - Annonspartner Sverige AB","description":"Beh\u00f6ver du hj\u00e4lp med din annonsering och hemsida? Vi l\u00e4gger stor vikt vid att bygga trygga och l\u00e5ngsiktiga relationer med v\u00e5ra kunder.","robots":{"index":"index","follow":"follow","max-snippet":"max-snippet:-1","max-image-preview":"max-image-preview:large","max-video-preview":"max-video-preview:-1"},"canonical":"https:\/\/annonspartner.se\/en\/kontakt\/","og_locale":"en_US","og_type":"article","og_title":"Kontakt - Annonspartner Sverige AB","og_description":"Beh\u00f6ver du hj\u00e4lp med din annonsering och hemsida? Vi l\u00e4gger stor vikt vid att bygga trygga och l\u00e5ngsiktiga relationer med v\u00e5ra kunder.","og_url":"https:\/\/annonspartner.se\/en\/kontakt\/","og_site_name":"Annonspartner Sverige AB","article_modified_time":"2026-02-24T18:08:26+00:00","og_image":[{"width":750,"height":745,"url":"https:\/\/annonspartner.se\/wp-content\/uploads\/2020\/09\/emma-2-kopiera.jpg","type":"image\/jpeg"}],"twitter_card":"summary_large_image","twitter_misc":{"Est. reading time":"1 minute"},"schema":{"@context":"https:\/\/schema.org","@graph":[{"@type":"WebPage","@id":"https:\/\/annonspartner.se\/kontakt\/","url":"https:\/\/annonspartner.se\/kontakt\/","name":"Kontakt - Annonspartner Sverige AB","isPartOf":{"@id":"https:\/\/annonspartner.se\/#website"},"primaryImageOfPage":{"@id":"https:\/\/annonspartner.se\/kontakt\/#primaryimage"},"image":{"@id":"https:\/\/annonspartner.se\/kontakt\/#primaryimage"},"thumbnailUrl":"https:\/\/annonspartner.se\/wp-content\/uploads\/2020\/09\/emma-2-kopiera-300x298.jpg","datePublished":"2018-05-14T13:38:09+00:00","dateModified":"2026-02-24T18:08:26+00:00","description":"Beh\u00f6ver du hj\u00e4lp med din annonsering och hemsida? Vi l\u00e4gger stor vikt vid att bygga trygga och l\u00e5ngsiktiga relationer med v\u00e5ra kunder.","breadcrumb":{"@id":"https:\/\/annonspartner.se\/kontakt\/#breadcrumb"},"inLanguage":"en-US","potentialAction":[{"@type":"ReadAction","target":["https:\/\/annonspartner.se\/kontakt\/"]}]},{"@type":"ImageObject","inLanguage":"en-US","@id":"https:\/\/annonspartner.se\/kontakt\/#primaryimage","url":"https:\/\/annonspartner.se\/wp-content\/uploads\/2020\/09\/emma-2-kopiera-300x298.jpg","contentUrl":"https:\/\/annonspartner.se\/wp-content\/uploads\/2020\/09\/emma-2-kopiera-300x298.jpg"},{"@type":"BreadcrumbList","@id":"https:\/\/annonspartner.se\/kontakt\/#breadcrumb","itemListElement":[{"@type":"ListItem","position":1,"name":"Hem","item":"https:\/\/annonspartner.se\/"},{"@type":"ListItem","position":2,"name":"Kontakt"}]},{"@type":"WebSite","@id":"https:\/\/annonspartner.se\/#website","url":"https:\/\/annonspartner.se\/","name":"Advertising Partner","description":"Reklambyr\u00e5","potentialAction":[{"@type":"SearchAction","target":{"@type":"EntryPoint","urlTemplate":"https:\/\/annonspartner.se\/?s={search_term_string}"},"query-input":{"@type":"PropertyValueSpecification","valueRequired":true,"valueName":"search_term_string"}}],"inLanguage":"en-US"}]}},"_links":{"self":[{"href":"https:\/\/annonspartner.se\/en\/wp-json\/wp\/v2\/pages\/462","targetHints":{"allow":["GET"]}}],"collection":[{"href":"https:\/\/annonspartner.se\/en\/wp-json\/wp\/v2\/pages"}],"about":[{"href":"https:\/\/annonspartner.se\/en\/wp-json\/wp\/v2\/types\/page"}],"author":[{"embeddable":true,"href":"https:\/\/annonspartner.se\/en\/wp-json\/wp\/v2\/users\/2"}],"replies":[{"embeddable":true,"href":"https:\/\/annonspartner.se\/en\/wp-json\/wp\/v2\/comments?post=462"}],"version-history":[{"count":5,"href":"https:\/\/annonspartner.se\/en\/wp-json\/wp\/v2\/pages\/462\/revisions"}],"predecessor-version":[{"id":2003,"href":"https:\/\/annonspartner.se\/en\/wp-json\/wp\/v2\/pages\/462\/revisions\/2003"}],"wp:attachment":[{"href":"https:\/\/annonspartner.se\/en\/wp-json\/wp\/v2\/media?parent=462"}],"curies":[{"name":"wp","href":"https:\/\/api.w.org\/{rel}","templated":true}]}}