{"id":670,"date":"2019-08-30T17:57:54","date_gmt":"2019-08-30T15:57:54","guid":{"rendered":"https:\/\/annonspartner.se\/?page_id=670"},"modified":"2026-01-24T19:16:52","modified_gmt":"2026-01-24T18:16:52","slug":"sokoptimering-google","status":"publish","type":"page","link":"https:\/\/annonspartner.se\/en\/vara-tjanster\/sokoptimering-google\/","title":{"rendered":"SEO"},"content":{"rendered":"<h1><span style=\"color: #eb9400;\">SEO - Search Engine Optimization<\/span><\/h1>\n<p>Do you want help to be seen better on Google? We help you with search engine optimization (SEO). A search engine always tries to provide as relevant answers as possible to relevant searches. The search engine's algorithms rank the answers according to several different parameters. The work with SEO involves ongoing work to improve your website for relevant searches. This can be everything from the website's structure to images and information. Today, Google is very hard on website structure, relevant texts and headings, broken links, structure and mobile adaptation. You should also think about being active with your website and being available on social media. If you are active online and help your customers, Google likes you.<\/p>\n<h2><span style=\"color: #eb9400;\">The website is easier to find<\/span><\/h2>\n<p>With the help of search engine optimization (SEO), the page is found more easily for more relevant searches. In working with SEO, we create strategies together with you as a customer based on the needs analysis. We measure traffic for each keyword and location. We often combine the work with Google Ads (purchased ads) on Google, all to make it easier for your customers to find your services and products.<\/p>","protected":false},"excerpt":{"rendered":"<p>SEO &#8211; S\u00f6koptimering Vill du ha hj\u00e4lp att synas b\u00e4ttre p\u00e5 Google? Vi hj\u00e4lper er med s\u00f6kmotoroptimering (SEO). En s\u00f6kmotor f\u00f6rs\u00f6ker alltid att ge s\u00e5 relevanta svar som m\u00f6jligt till relevanta s\u00f6kningar. S\u00f6kmotorns algoritmer rangordnar svaren efter flera olika parametrar. Arbetet med SEO inneb\u00e4r ett l\u00f6pande arbete med att f\u00f6rb\u00e4ttra er hemsida mot relevanta s\u00f6kningar. [&hellip;]<\/p>","protected":false},"author":4,"featured_media":0,"parent":700,"menu_order":0,"comment_status":"closed","ping_status":"closed","template":"","meta":{"_acf_changed":false,"footnotes":""},"class_list":["post-670","page","type-page","status-publish","hentry"],"acf":[],"yoast_head":"<!-- This site is optimized with the Yoast SEO plugin v26.8 - https:\/\/yoast.com\/product\/yoast-seo-wordpress\/ -->\n<title>S\u00f6koptimering Google - Annonspartner Sverige AB<\/title>\n<meta name=\"description\" content=\"Arbetet med SEO inneb\u00e4r ett l\u00f6pande arbete med att f\u00f6rb\u00e4ttra er hemsida mot relevanta s\u00f6kningar. Vi g\u00f6r dig aktiv online.\" \/>\n<meta name=\"robots\" content=\"index, follow, max-snippet:-1, max-image-preview:large, max-video-preview:-1\" \/>\n<link rel=\"canonical\" href=\"https:\/\/annonspartner.se\/en\/vara-tjanster\/sokoptimering-google\/\" \/>\n<meta property=\"og:locale\" content=\"en_US\" \/>\n<meta property=\"og:type\" content=\"article\" \/>\n<meta property=\"og:title\" content=\"S\u00f6koptimering Google - Annonspartner Sverige AB\" \/>\n<meta property=\"og:description\" content=\"Arbetet med SEO inneb\u00e4r ett l\u00f6pande arbete med att f\u00f6rb\u00e4ttra er hemsida mot relevanta s\u00f6kningar. Vi g\u00f6r dig aktiv online.\" \/>\n<meta property=\"og:url\" content=\"https:\/\/annonspartner.se\/en\/vara-tjanster\/sokoptimering-google\/\" \/>\n<meta property=\"og:site_name\" content=\"Annonspartner Sverige AB\" \/>\n<meta property=\"article:modified_time\" content=\"2026-01-24T18:16:52+00:00\" \/>\n<meta name=\"twitter:card\" content=\"summary_large_image\" \/>\n<meta name=\"twitter:label1\" content=\"Est. reading time\" \/>\n\t<meta name=\"twitter:data1\" content=\"1 minute\" \/>\n<script type=\"application\/ld+json\" class=\"yoast-schema-graph\">{\"@context\":\"https:\/\/schema.org\",\"@graph\":[{\"@type\":\"WebPage\",\"@id\":\"https:\/\/annonspartner.se\/vara-tjanster\/sokoptimering-google\/\",\"url\":\"https:\/\/annonspartner.se\/vara-tjanster\/sokoptimering-google\/\",\"name\":\"S\u00f6koptimering Google - Annonspartner Sverige AB\",\"isPartOf\":{\"@id\":\"https:\/\/annonspartner.se\/#website\"},\"datePublished\":\"2019-08-30T15:57:54+00:00\",\"dateModified\":\"2026-01-24T18:16:52+00:00\",\"description\":\"Arbetet med SEO inneb\u00e4r ett l\u00f6pande arbete med att f\u00f6rb\u00e4ttra er hemsida mot relevanta s\u00f6kningar. Vi g\u00f6r dig aktiv online.\",\"breadcrumb\":{\"@id\":\"https:\/\/annonspartner.se\/vara-tjanster\/sokoptimering-google\/#breadcrumb\"},\"inLanguage\":\"en-US\",\"potentialAction\":[{\"@type\":\"ReadAction\",\"target\":[\"https:\/\/annonspartner.se\/vara-tjanster\/sokoptimering-google\/\"]}]},{\"@type\":\"BreadcrumbList\",\"@id\":\"https:\/\/annonspartner.se\/vara-tjanster\/sokoptimering-google\/#breadcrumb\",\"itemListElement\":[{\"@type\":\"ListItem\",\"position\":1,\"name\":\"Hem\",\"item\":\"https:\/\/annonspartner.se\/\"},{\"@type\":\"ListItem\",\"position\":2,\"name\":\"V\u00e5ra tj\u00e4nster\",\"item\":\"https:\/\/annonspartner.se\/vara-tjanster\/\"},{\"@type\":\"ListItem\",\"position\":3,\"name\":\"S\u00f6koptimering Google\"}]},{\"@type\":\"WebSite\",\"@id\":\"https:\/\/annonspartner.se\/#website\",\"url\":\"https:\/\/annonspartner.se\/\",\"name\":\"Annonspartner Sverige AB\",\"description\":\"Reklambyr\u00e5\",\"potentialAction\":[{\"@type\":\"SearchAction\",\"target\":{\"@type\":\"EntryPoint\",\"urlTemplate\":\"https:\/\/annonspartner.se\/?s={search_term_string}\"},\"query-input\":{\"@type\":\"PropertyValueSpecification\",\"valueRequired\":true,\"valueName\":\"search_term_string\"}}],\"inLanguage\":\"en-US\"}]}<\/script>\n<!-- \/ Yoast SEO plugin. -->","yoast_head_json":{"title":"S\u00f6koptimering Google - Annonspartner Sverige AB","description":"Arbetet med SEO inneb\u00e4r ett l\u00f6pande arbete med att f\u00f6rb\u00e4ttra er hemsida mot relevanta s\u00f6kningar. Vi g\u00f6r dig aktiv online.","robots":{"index":"index","follow":"follow","max-snippet":"max-snippet:-1","max-image-preview":"max-image-preview:large","max-video-preview":"max-video-preview:-1"},"canonical":"https:\/\/annonspartner.se\/en\/vara-tjanster\/sokoptimering-google\/","og_locale":"en_US","og_type":"article","og_title":"S\u00f6koptimering Google - Annonspartner Sverige AB","og_description":"Arbetet med SEO inneb\u00e4r ett l\u00f6pande arbete med att f\u00f6rb\u00e4ttra er hemsida mot relevanta s\u00f6kningar. Vi g\u00f6r dig aktiv online.","og_url":"https:\/\/annonspartner.se\/en\/vara-tjanster\/sokoptimering-google\/","og_site_name":"Annonspartner Sverige AB","article_modified_time":"2026-01-24T18:16:52+00:00","twitter_card":"summary_large_image","twitter_misc":{"Est. reading time":"1 minute"},"schema":{"@context":"https:\/\/schema.org","@graph":[{"@type":"WebPage","@id":"https:\/\/annonspartner.se\/vara-tjanster\/sokoptimering-google\/","url":"https:\/\/annonspartner.se\/vara-tjanster\/sokoptimering-google\/","name":"S\u00f6koptimering Google - Annonspartner Sverige AB","isPartOf":{"@id":"https:\/\/annonspartner.se\/#website"},"datePublished":"2019-08-30T15:57:54+00:00","dateModified":"2026-01-24T18:16:52+00:00","description":"Arbetet med SEO inneb\u00e4r ett l\u00f6pande arbete med att f\u00f6rb\u00e4ttra er hemsida mot relevanta s\u00f6kningar. Vi g\u00f6r dig aktiv online.","breadcrumb":{"@id":"https:\/\/annonspartner.se\/vara-tjanster\/sokoptimering-google\/#breadcrumb"},"inLanguage":"en-US","potentialAction":[{"@type":"ReadAction","target":["https:\/\/annonspartner.se\/vara-tjanster\/sokoptimering-google\/"]}]},{"@type":"BreadcrumbList","@id":"https:\/\/annonspartner.se\/vara-tjanster\/sokoptimering-google\/#breadcrumb","itemListElement":[{"@type":"ListItem","position":1,"name":"Hem","item":"https:\/\/annonspartner.se\/"},{"@type":"ListItem","position":2,"name":"V\u00e5ra tj\u00e4nster","item":"https:\/\/annonspartner.se\/vara-tjanster\/"},{"@type":"ListItem","position":3,"name":"S\u00f6koptimering Google"}]},{"@type":"WebSite","@id":"https:\/\/annonspartner.se\/#website","url":"https:\/\/annonspartner.se\/","name":"Advertising Partner","description":"Reklambyr\u00e5","potentialAction":[{"@type":"SearchAction","target":{"@type":"EntryPoint","urlTemplate":"https:\/\/annonspartner.se\/?s={search_term_string}"},"query-input":{"@type":"PropertyValueSpecification","valueRequired":true,"valueName":"search_term_string"}}],"inLanguage":"en-US"}]}},"_links":{"self":[{"href":"https:\/\/annonspartner.se\/en\/wp-json\/wp\/v2\/pages\/670","targetHints":{"allow":["GET"]}}],"collection":[{"href":"https:\/\/annonspartner.se\/en\/wp-json\/wp\/v2\/pages"}],"about":[{"href":"https:\/\/annonspartner.se\/en\/wp-json\/wp\/v2\/types\/page"}],"author":[{"embeddable":true,"href":"https:\/\/annonspartner.se\/en\/wp-json\/wp\/v2\/users\/4"}],"replies":[{"embeddable":true,"href":"https:\/\/annonspartner.se\/en\/wp-json\/wp\/v2\/comments?post=670"}],"version-history":[{"count":1,"href":"https:\/\/annonspartner.se\/en\/wp-json\/wp\/v2\/pages\/670\/revisions"}],"predecessor-version":[{"id":1219,"href":"https:\/\/annonspartner.se\/en\/wp-json\/wp\/v2\/pages\/670\/revisions\/1219"}],"up":[{"embeddable":true,"href":"https:\/\/annonspartner.se\/en\/wp-json\/wp\/v2\/pages\/700"}],"wp:attachment":[{"href":"https:\/\/annonspartner.se\/en\/wp-json\/wp\/v2\/media?parent=670"}],"curies":[{"name":"wp","href":"https:\/\/api.w.org\/{rel}","templated":true}]}}