{"id":672,"date":"2019-08-30T17:59:27","date_gmt":"2019-08-30T15:59:27","guid":{"rendered":"https:\/\/annonspartner.se\/?page_id=672"},"modified":"2026-02-10T12:59:15","modified_gmt":"2026-02-10T11:59:15","slug":"annonser-google","status":"publish","type":"page","link":"https:\/\/annonspartner.se\/en\/vara-tjanster\/annonser-google\/","title":{"rendered":"Advertising on Google"},"content":{"rendered":"<h1><span style=\"color: #eb9400;\">Google Ads<\/span><\/h1>\n<p>Hur hamnar man h\u00f6gst upp i Googles s\u00f6k?\u00a0 Beh\u00f6ver du hj\u00e4lp med annonsering p\u00e5 Google? Vi hj\u00e4lper er att synas f\u00f6r kunder n\u00e4r de s\u00f6ker p\u00e5 Google och i Google Maps. Dessutom betalar du bara f\u00f6r resultat, som n\u00e4r n\u00e5gon klickar f\u00f6r att bes\u00f6ka din webbplats eller ringer till ditt f\u00f6retag och vi st\u00e4mmer av detta l\u00f6pande tillsammans med dig som kund.<\/p>\n<h2><span style=\"color: #eb9400;\">SEO &amp; SEM<\/span><\/h2>\n<p>Does your business need to rank better on Google? Over 90 percent of the people in The U.S today use Google as a search engine, and endless searches are carried out every day. By right, the totality of the work is keyword advertising (SEM). We make sure to match your offers and information with specific searches. We measure and analyze the search volume in your particular area on an ongoing basis. The old classic \"If you don't see it, you don't find it\" fits well here.<\/p>\n<h2><span style=\"color: #eb9400;\">Banner advertising<\/span><\/h2>\n<p>Getting better visibility online with digital ads is as important today as phone directory and newspaper advertising was 20 years ago. We create effective display ads for Google's Display Network (GDN). The network consists of millions of sites and reaches approximately 90 percent of all internet users. This is a very effective way to reach out with information and offers or to build your brand.<\/p>\n<h2><span style=\"color: #eb9400;\">Targeting \/ Retargeting<\/span><\/h2>\n<p>Do you want to be visible to your specific target group? Adapting the ads to your target group based on who it is, where it is, when you want to reach it and how much you can imagine paying for each unique exposure of the website is part of the work we do. A big advantage of retargeting advertising is being able to expose a specific message where the target group is tracked from different pages on the internet, this is very good in targeted campaigns, you then reach out with your product or service to a target group that is interested and ready to buy.<\/p>\n<p><a href=\"https:\/\/annonspartner.se\/en\/vara-tjanster\/\">Se v\u00e5ra tj\u00e4nster<\/a><\/p>\n<p><a href=\"https:\/\/annonspartner.se\/en\/kontakt\/\">Kontakta oss<\/a><\/p>","protected":false},"excerpt":{"rendered":"<p>Google Ads Hur hamnar man h\u00f6gst upp i Googles s\u00f6k?\u00a0 Beh\u00f6ver du hj\u00e4lp med annonsering p\u00e5 Google? Vi hj\u00e4lper er att synas f\u00f6r kunder n\u00e4r de s\u00f6ker p\u00e5 Google och i Google Maps. Dessutom betalar du bara f\u00f6r resultat, som n\u00e4r n\u00e5gon klickar f\u00f6r att bes\u00f6ka din webbplats eller ringer till ditt f\u00f6retag och vi [&hellip;]<\/p>","protected":false},"author":4,"featured_media":0,"parent":700,"menu_order":0,"comment_status":"closed","ping_status":"closed","template":"","meta":{"_acf_changed":false,"footnotes":""},"class_list":["post-672","page","type-page","status-publish","hentry"],"acf":[],"yoast_head":"<!-- This site is optimized with the Yoast SEO plugin v26.8 - https:\/\/yoast.com\/product\/yoast-seo-wordpress\/ -->\n<title>Annonsering p\u00e5 Google - Annonspartner Sverige AB<\/title>\n<meta name=\"description\" content=\"Vi hj\u00e4lper er med hemsidor, annonsering p\u00e5 Google och Facebook, hantering av telefonf\u00f6rs\u00e4ljare, mediastrategi och planering.\" \/>\n<meta name=\"robots\" content=\"index, follow, max-snippet:-1, max-image-preview:large, max-video-preview:-1\" \/>\n<link rel=\"canonical\" href=\"https:\/\/annonspartner.se\/en\/vara-tjanster\/annonser-google\/\" \/>\n<meta property=\"og:locale\" content=\"en_US\" \/>\n<meta property=\"og:type\" content=\"article\" \/>\n<meta property=\"og:title\" content=\"Annonsering p\u00e5 Google - Annonspartner Sverige AB\" \/>\n<meta property=\"og:description\" content=\"Vi hj\u00e4lper er med hemsidor, annonsering p\u00e5 Google och Facebook, hantering av telefonf\u00f6rs\u00e4ljare, mediastrategi och planering.\" \/>\n<meta property=\"og:url\" content=\"https:\/\/annonspartner.se\/en\/vara-tjanster\/annonser-google\/\" \/>\n<meta property=\"og:site_name\" content=\"Annonspartner Sverige AB\" \/>\n<meta property=\"article:modified_time\" content=\"2026-02-10T11:59:15+00:00\" \/>\n<meta name=\"twitter:card\" content=\"summary_large_image\" \/>\n<meta name=\"twitter:label1\" content=\"Est. reading time\" \/>\n\t<meta name=\"twitter:data1\" content=\"2 minutes\" \/>\n<script type=\"application\/ld+json\" class=\"yoast-schema-graph\">{\"@context\":\"https:\/\/schema.org\",\"@graph\":[{\"@type\":\"WebPage\",\"@id\":\"https:\/\/annonspartner.se\/vara-tjanster\/annonser-google\/\",\"url\":\"https:\/\/annonspartner.se\/vara-tjanster\/annonser-google\/\",\"name\":\"Annonsering p\u00e5 Google - Annonspartner Sverige AB\",\"isPartOf\":{\"@id\":\"https:\/\/annonspartner.se\/#website\"},\"datePublished\":\"2019-08-30T15:59:27+00:00\",\"dateModified\":\"2026-02-10T11:59:15+00:00\",\"description\":\"Vi hj\u00e4lper er med hemsidor, annonsering p\u00e5 Google och Facebook, hantering av telefonf\u00f6rs\u00e4ljare, mediastrategi och planering.\",\"breadcrumb\":{\"@id\":\"https:\/\/annonspartner.se\/vara-tjanster\/annonser-google\/#breadcrumb\"},\"inLanguage\":\"en-US\",\"potentialAction\":[{\"@type\":\"ReadAction\",\"target\":[\"https:\/\/annonspartner.se\/vara-tjanster\/annonser-google\/\"]}]},{\"@type\":\"BreadcrumbList\",\"@id\":\"https:\/\/annonspartner.se\/vara-tjanster\/annonser-google\/#breadcrumb\",\"itemListElement\":[{\"@type\":\"ListItem\",\"position\":1,\"name\":\"Hem\",\"item\":\"https:\/\/annonspartner.se\/\"},{\"@type\":\"ListItem\",\"position\":2,\"name\":\"V\u00e5ra tj\u00e4nster\",\"item\":\"https:\/\/annonspartner.se\/vara-tjanster\/\"},{\"@type\":\"ListItem\",\"position\":3,\"name\":\"Annonsering p\u00e5 Google\"}]},{\"@type\":\"WebSite\",\"@id\":\"https:\/\/annonspartner.se\/#website\",\"url\":\"https:\/\/annonspartner.se\/\",\"name\":\"Annonspartner Sverige AB\",\"description\":\"Reklambyr\u00e5\",\"potentialAction\":[{\"@type\":\"SearchAction\",\"target\":{\"@type\":\"EntryPoint\",\"urlTemplate\":\"https:\/\/annonspartner.se\/?s={search_term_string}\"},\"query-input\":{\"@type\":\"PropertyValueSpecification\",\"valueRequired\":true,\"valueName\":\"search_term_string\"}}],\"inLanguage\":\"en-US\"}]}<\/script>\n<!-- \/ Yoast SEO plugin. -->","yoast_head_json":{"title":"Annonsering p\u00e5 Google - Annonspartner Sverige AB","description":"Vi hj\u00e4lper er med hemsidor, annonsering p\u00e5 Google och Facebook, hantering av telefonf\u00f6rs\u00e4ljare, mediastrategi och planering.","robots":{"index":"index","follow":"follow","max-snippet":"max-snippet:-1","max-image-preview":"max-image-preview:large","max-video-preview":"max-video-preview:-1"},"canonical":"https:\/\/annonspartner.se\/en\/vara-tjanster\/annonser-google\/","og_locale":"en_US","og_type":"article","og_title":"Annonsering p\u00e5 Google - Annonspartner Sverige AB","og_description":"Vi hj\u00e4lper er med hemsidor, annonsering p\u00e5 Google och Facebook, hantering av telefonf\u00f6rs\u00e4ljare, mediastrategi och planering.","og_url":"https:\/\/annonspartner.se\/en\/vara-tjanster\/annonser-google\/","og_site_name":"Annonspartner Sverige AB","article_modified_time":"2026-02-10T11:59:15+00:00","twitter_card":"summary_large_image","twitter_misc":{"Est. reading time":"2 minutes"},"schema":{"@context":"https:\/\/schema.org","@graph":[{"@type":"WebPage","@id":"https:\/\/annonspartner.se\/vara-tjanster\/annonser-google\/","url":"https:\/\/annonspartner.se\/vara-tjanster\/annonser-google\/","name":"Annonsering p\u00e5 Google - Annonspartner Sverige AB","isPartOf":{"@id":"https:\/\/annonspartner.se\/#website"},"datePublished":"2019-08-30T15:59:27+00:00","dateModified":"2026-02-10T11:59:15+00:00","description":"Vi hj\u00e4lper er med hemsidor, annonsering p\u00e5 Google och Facebook, hantering av telefonf\u00f6rs\u00e4ljare, mediastrategi och planering.","breadcrumb":{"@id":"https:\/\/annonspartner.se\/vara-tjanster\/annonser-google\/#breadcrumb"},"inLanguage":"en-US","potentialAction":[{"@type":"ReadAction","target":["https:\/\/annonspartner.se\/vara-tjanster\/annonser-google\/"]}]},{"@type":"BreadcrumbList","@id":"https:\/\/annonspartner.se\/vara-tjanster\/annonser-google\/#breadcrumb","itemListElement":[{"@type":"ListItem","position":1,"name":"Hem","item":"https:\/\/annonspartner.se\/"},{"@type":"ListItem","position":2,"name":"V\u00e5ra tj\u00e4nster","item":"https:\/\/annonspartner.se\/vara-tjanster\/"},{"@type":"ListItem","position":3,"name":"Annonsering p\u00e5 Google"}]},{"@type":"WebSite","@id":"https:\/\/annonspartner.se\/#website","url":"https:\/\/annonspartner.se\/","name":"Advertising Partner","description":"Reklambyr\u00e5","potentialAction":[{"@type":"SearchAction","target":{"@type":"EntryPoint","urlTemplate":"https:\/\/annonspartner.se\/?s={search_term_string}"},"query-input":{"@type":"PropertyValueSpecification","valueRequired":true,"valueName":"search_term_string"}}],"inLanguage":"en-US"}]}},"_links":{"self":[{"href":"https:\/\/annonspartner.se\/en\/wp-json\/wp\/v2\/pages\/672","targetHints":{"allow":["GET"]}}],"collection":[{"href":"https:\/\/annonspartner.se\/en\/wp-json\/wp\/v2\/pages"}],"about":[{"href":"https:\/\/annonspartner.se\/en\/wp-json\/wp\/v2\/types\/page"}],"author":[{"embeddable":true,"href":"https:\/\/annonspartner.se\/en\/wp-json\/wp\/v2\/users\/4"}],"replies":[{"embeddable":true,"href":"https:\/\/annonspartner.se\/en\/wp-json\/wp\/v2\/comments?post=672"}],"version-history":[{"count":3,"href":"https:\/\/annonspartner.se\/en\/wp-json\/wp\/v2\/pages\/672\/revisions"}],"predecessor-version":[{"id":1564,"href":"https:\/\/annonspartner.se\/en\/wp-json\/wp\/v2\/pages\/672\/revisions\/1564"}],"up":[{"embeddable":true,"href":"https:\/\/annonspartner.se\/en\/wp-json\/wp\/v2\/pages\/700"}],"wp:attachment":[{"href":"https:\/\/annonspartner.se\/en\/wp-json\/wp\/v2\/media?parent=672"}],"curies":[{"name":"wp","href":"https:\/\/api.w.org\/{rel}","templated":true}]}}