{"id":705,"date":"2019-10-08T21:26:56","date_gmt":"2019-10-08T19:26:56","guid":{"rendered":"https:\/\/annonspartner.se\/?page_id=705"},"modified":"2026-03-13T08:33:46","modified_gmt":"2026-03-13T07:33:46","slug":"ny-hemsida","status":"publish","type":"page","link":"https:\/\/annonspartner.se\/en\/vara-tjanster\/ny-hemsida\/","title":{"rendered":"Website"},"content":{"rendered":"<h1><span style=\"color: #eb9400;\">Do you need a new website?<\/span><\/h1>\n<p>We take care of everything related to your new website, from start to finish. If you need a new mobile-friendly website for your company, association or business, we are your website provider. We have over 20 years of experience in graphic design, web development and programming. We give you a design proposal, manage the structure, review website performance and offer domain and hosting for your website.<\/p>\n<h2><span style=\"color: #eb9400;\">Web development<\/span><\/h2>\n<p>Vi utvecklar din nya hemsida inom 30 dagar. V\u00e5r webbproduktion finns i S\u00f6derhamn, Stockholm, G\u00e4vle och Link\u00f6ping. Vill du ha en personlig kontakt och ett m\u00f6te f\u00f6r att veta mer s\u00e5 kontakta g\u00e4rna oss! Vi gillar att ses \u00f6ver en kopp kaffe och kommer ut till dig. Beh\u00f6ver du ocks\u00e5 marknadsf\u00f6ra din nya hemsida har vi helhetsl\u00f6sningar f\u00f6r annonsering. Se mer h\u00e4r! <a href=\"https:\/\/annonspartner.se\/en\/vara-tjanster\/\"><em><strong>Services<\/strong><\/em><\/a><\/p>\n<h2><span style=\"color: #eb9400;\">Webdesign<\/span><\/h2>\n<p>In web design, the trends are constantly changing, building on a modern platform and taking into account UI\/UX are important aspects when we build your new website. Tailor-made website to match today's requirements. You get a sketch based on your graphic profile and business or develop your existing website. We create a smart and appealing layout that reflects the company's profile. We are also available if you need help with your logo or other advertising in the company.<\/p>\n<h2><span style=\"color: #eb9400;\">Hemsida i WordPress<\/span><\/h2>\n<p>To be able to easily update the website yourself? We have a smart solution as we build the website in WordPress, which is a simple system to maintain and update. All the websites we produce are responsive, which means they work equally well on computers, mobiles and tablets. If websites and control panels feel like a jungle or if you simply don't have time, we have favorable support agreements. We offer ongoing support, operation and updates so you can focus on the business and easily send us your corrections.<\/p>\n<h2><span style=\"color: #eb9400;\">SSL Certificate<\/span><\/h2>\n<p>An SSL Certificate is an extra security service for your website that ensures that all information that your visitors fill in on your website, such as usernames, passwords and credit details, is forwarded to your database or invoicing system safely and encrypted. It is an important addition to have on your website so that your visitors feel safe. Google also \u201clikes\u201d secure websites with SSL, which makes you rank higher than a competitor that does not have SSL.<\/p>\n<h2>See some of our websites here:<\/h2>","protected":false},"excerpt":{"rendered":"<p>Beh\u00f6ver du ny hemsida? Vi tar hand om allt som r\u00f6r din nya hemsida, fr\u00e5n ax till limpa. Beh\u00f6ver ni en ny mobilanpassad hemsida till ert f\u00f6retag, f\u00f6rening eller verksamhet s\u00e5 \u00e4r vi din leverant\u00f6r av hemsida. Vi har \u00f6ver 20 \u00e5rs erfarenhet av grafisk design, webbutveckling och programmering. Vi ger dig ett designf\u00f6rslag, sk\u00f6ter [&hellip;]<\/p>","protected":false},"author":4,"featured_media":0,"parent":700,"menu_order":0,"comment_status":"closed","ping_status":"closed","template":"","meta":{"_acf_changed":false,"footnotes":""},"class_list":["post-705","page","type-page","status-publish","hentry"],"acf":[],"yoast_head":"<!-- This site is optimized with the Yoast SEO plugin v26.8 - https:\/\/yoast.com\/product\/yoast-seo-wordpress\/ -->\n<title>Hemsida - Annonspartner Sverige AB<\/title>\n<meta name=\"description\" content=\"Vi hj\u00e4lper er med hemsidor, annonsering p\u00e5 Google och Facebook, hantering av telefonf\u00f6rs\u00e4ljare, mediastrategi och planering. En modern mediabyr\u00e5 med koll!\" \/>\n<meta name=\"robots\" content=\"index, follow, max-snippet:-1, max-image-preview:large, max-video-preview:-1\" \/>\n<link rel=\"canonical\" href=\"https:\/\/annonspartner.se\/en\/vara-tjanster\/ny-hemsida\/\" \/>\n<meta property=\"og:locale\" content=\"en_US\" \/>\n<meta property=\"og:type\" content=\"article\" \/>\n<meta property=\"og:title\" content=\"Hemsida - Annonspartner Sverige AB\" \/>\n<meta property=\"og:description\" content=\"Vi hj\u00e4lper er med hemsidor, annonsering p\u00e5 Google och Facebook, hantering av telefonf\u00f6rs\u00e4ljare, mediastrategi och planering. En modern mediabyr\u00e5 med koll!\" \/>\n<meta property=\"og:url\" content=\"https:\/\/annonspartner.se\/en\/vara-tjanster\/ny-hemsida\/\" \/>\n<meta property=\"og:site_name\" content=\"Annonspartner Sverige AB\" \/>\n<meta property=\"article:modified_time\" content=\"2026-03-13T07:33:46+00:00\" \/>\n<meta name=\"twitter:card\" content=\"summary_large_image\" \/>\n<meta name=\"twitter:label1\" content=\"Est. reading time\" \/>\n\t<meta name=\"twitter:data1\" content=\"2 minutes\" \/>\n<script type=\"application\/ld+json\" class=\"yoast-schema-graph\">{\"@context\":\"https:\/\/schema.org\",\"@graph\":[{\"@type\":\"WebPage\",\"@id\":\"https:\/\/annonspartner.se\/vara-tjanster\/ny-hemsida\/\",\"url\":\"https:\/\/annonspartner.se\/vara-tjanster\/ny-hemsida\/\",\"name\":\"Hemsida - Annonspartner Sverige AB\",\"isPartOf\":{\"@id\":\"https:\/\/annonspartner.se\/#website\"},\"datePublished\":\"2019-10-08T19:26:56+00:00\",\"dateModified\":\"2026-03-13T07:33:46+00:00\",\"description\":\"Vi hj\u00e4lper er med hemsidor, annonsering p\u00e5 Google och Facebook, hantering av telefonf\u00f6rs\u00e4ljare, mediastrategi och planering. En modern mediabyr\u00e5 med koll!\",\"breadcrumb\":{\"@id\":\"https:\/\/annonspartner.se\/vara-tjanster\/ny-hemsida\/#breadcrumb\"},\"inLanguage\":\"en-US\",\"potentialAction\":[{\"@type\":\"ReadAction\",\"target\":[\"https:\/\/annonspartner.se\/vara-tjanster\/ny-hemsida\/\"]}]},{\"@type\":\"BreadcrumbList\",\"@id\":\"https:\/\/annonspartner.se\/vara-tjanster\/ny-hemsida\/#breadcrumb\",\"itemListElement\":[{\"@type\":\"ListItem\",\"position\":1,\"name\":\"Hem\",\"item\":\"https:\/\/annonspartner.se\/\"},{\"@type\":\"ListItem\",\"position\":2,\"name\":\"V\u00e5ra tj\u00e4nster\",\"item\":\"https:\/\/annonspartner.se\/vara-tjanster\/\"},{\"@type\":\"ListItem\",\"position\":3,\"name\":\"Hemsida\"}]},{\"@type\":\"WebSite\",\"@id\":\"https:\/\/annonspartner.se\/#website\",\"url\":\"https:\/\/annonspartner.se\/\",\"name\":\"Annonspartner Sverige AB\",\"description\":\"Reklambyr\u00e5\",\"potentialAction\":[{\"@type\":\"SearchAction\",\"target\":{\"@type\":\"EntryPoint\",\"urlTemplate\":\"https:\/\/annonspartner.se\/?s={search_term_string}\"},\"query-input\":{\"@type\":\"PropertyValueSpecification\",\"valueRequired\":true,\"valueName\":\"search_term_string\"}}],\"inLanguage\":\"en-US\"}]}<\/script>\n<!-- \/ Yoast SEO plugin. -->","yoast_head_json":{"title":"Hemsida - Annonspartner Sverige AB","description":"Vi hj\u00e4lper er med hemsidor, annonsering p\u00e5 Google och Facebook, hantering av telefonf\u00f6rs\u00e4ljare, mediastrategi och planering. En modern mediabyr\u00e5 med koll!","robots":{"index":"index","follow":"follow","max-snippet":"max-snippet:-1","max-image-preview":"max-image-preview:large","max-video-preview":"max-video-preview:-1"},"canonical":"https:\/\/annonspartner.se\/en\/vara-tjanster\/ny-hemsida\/","og_locale":"en_US","og_type":"article","og_title":"Hemsida - Annonspartner Sverige AB","og_description":"Vi hj\u00e4lper er med hemsidor, annonsering p\u00e5 Google och Facebook, hantering av telefonf\u00f6rs\u00e4ljare, mediastrategi och planering. En modern mediabyr\u00e5 med koll!","og_url":"https:\/\/annonspartner.se\/en\/vara-tjanster\/ny-hemsida\/","og_site_name":"Annonspartner Sverige AB","article_modified_time":"2026-03-13T07:33:46+00:00","twitter_card":"summary_large_image","twitter_misc":{"Est. reading time":"2 minutes"},"schema":{"@context":"https:\/\/schema.org","@graph":[{"@type":"WebPage","@id":"https:\/\/annonspartner.se\/vara-tjanster\/ny-hemsida\/","url":"https:\/\/annonspartner.se\/vara-tjanster\/ny-hemsida\/","name":"Hemsida - Annonspartner Sverige AB","isPartOf":{"@id":"https:\/\/annonspartner.se\/#website"},"datePublished":"2019-10-08T19:26:56+00:00","dateModified":"2026-03-13T07:33:46+00:00","description":"Vi hj\u00e4lper er med hemsidor, annonsering p\u00e5 Google och Facebook, hantering av telefonf\u00f6rs\u00e4ljare, mediastrategi och planering. En modern mediabyr\u00e5 med koll!","breadcrumb":{"@id":"https:\/\/annonspartner.se\/vara-tjanster\/ny-hemsida\/#breadcrumb"},"inLanguage":"en-US","potentialAction":[{"@type":"ReadAction","target":["https:\/\/annonspartner.se\/vara-tjanster\/ny-hemsida\/"]}]},{"@type":"BreadcrumbList","@id":"https:\/\/annonspartner.se\/vara-tjanster\/ny-hemsida\/#breadcrumb","itemListElement":[{"@type":"ListItem","position":1,"name":"Hem","item":"https:\/\/annonspartner.se\/"},{"@type":"ListItem","position":2,"name":"V\u00e5ra tj\u00e4nster","item":"https:\/\/annonspartner.se\/vara-tjanster\/"},{"@type":"ListItem","position":3,"name":"Hemsida"}]},{"@type":"WebSite","@id":"https:\/\/annonspartner.se\/#website","url":"https:\/\/annonspartner.se\/","name":"Advertising Partner","description":"Reklambyr\u00e5","potentialAction":[{"@type":"SearchAction","target":{"@type":"EntryPoint","urlTemplate":"https:\/\/annonspartner.se\/?s={search_term_string}"},"query-input":{"@type":"PropertyValueSpecification","valueRequired":true,"valueName":"search_term_string"}}],"inLanguage":"en-US"}]}},"_links":{"self":[{"href":"https:\/\/annonspartner.se\/en\/wp-json\/wp\/v2\/pages\/705","targetHints":{"allow":["GET"]}}],"collection":[{"href":"https:\/\/annonspartner.se\/en\/wp-json\/wp\/v2\/pages"}],"about":[{"href":"https:\/\/annonspartner.se\/en\/wp-json\/wp\/v2\/types\/page"}],"author":[{"embeddable":true,"href":"https:\/\/annonspartner.se\/en\/wp-json\/wp\/v2\/users\/4"}],"replies":[{"embeddable":true,"href":"https:\/\/annonspartner.se\/en\/wp-json\/wp\/v2\/comments?post=705"}],"version-history":[{"count":5,"href":"https:\/\/annonspartner.se\/en\/wp-json\/wp\/v2\/pages\/705\/revisions"}],"predecessor-version":[{"id":2069,"href":"https:\/\/annonspartner.se\/en\/wp-json\/wp\/v2\/pages\/705\/revisions\/2069"}],"up":[{"embeddable":true,"href":"https:\/\/annonspartner.se\/en\/wp-json\/wp\/v2\/pages\/700"}],"wp:attachment":[{"href":"https:\/\/annonspartner.se\/en\/wp-json\/wp\/v2\/media?parent=705"}],"curies":[{"name":"wp","href":"https:\/\/api.w.org\/{rel}","templated":true}]}}