{"id":709,"date":"2019-10-08T21:29:18","date_gmt":"2019-10-08T19:29:18","guid":{"rendered":"https:\/\/annonspartner.se\/?page_id=709"},"modified":"2026-02-24T17:52:37","modified_gmt":"2026-02-24T16:52:37","slug":"mediaradgivning","status":"publish","type":"page","link":"https:\/\/annonspartner.se\/en\/vara-tjanster\/mediaradgivning\/","title":{"rendered":"Media consultancy"},"content":{"rendered":"<h1><span style=\"color: #eb9400;\">Marketing plan<\/span><\/h1>\n<p>We design a marketing plan together with you as a customer, where we get a good overview of all investments in different media. We then set up strategies to improve exposure to your customers based on your specific needs. We help you to be seen where your customers are looking!<\/p>\n<h2><span style=\"color: #eb9400;\">Counseling<\/span><\/h2>\n<p>We offer help with media and marketing advice. We do analysis based on your company and its needs and goals. We have over 20 years of experience in improving communication with your customers and the market you want to reach.<\/p>\n<h2><span style=\"color: #eb9400;\">Management of Sellers\/Negotiations<\/span><\/h2>\n<p>Do you want help managing sellers? We help you manage all sellers according to agreement and all meetings with them. Based on our expertise, we then assess whether or not this could be interesting for your particular company. You save time and money by avoiding all meetings plus telephone contacts. We handle all negotiations with all actors you wish.<\/p>","protected":false},"excerpt":{"rendered":"<p>Marknadsf\u00f6ringsplan Vi utformar en marknadsf\u00f6ringsplan tillsammans med dig som kund d\u00e4r vi f\u00e5r en bra \u00f6verblick \u00f6ver samtliga investeringar i olika media. Vi l\u00e4gger sedan upp strategier f\u00f6r att f\u00f6rb\u00e4ttra exponeringen mot era kunder utifr\u00e5n era specifika behov. Vi hj\u00e4lper er att synas d\u00e4r era kunder s\u00f6ker! R\u00e5dgivning Vi erbjuder hj\u00e4lp med r\u00e5dgivning inom media [&hellip;]<\/p>","protected":false},"author":4,"featured_media":0,"parent":700,"menu_order":0,"comment_status":"closed","ping_status":"closed","template":"","meta":{"_acf_changed":false,"footnotes":""},"class_list":["post-709","page","type-page","status-publish","hentry"],"acf":[],"yoast_head":"<!-- This site is optimized with the Yoast SEO plugin v26.8 - https:\/\/yoast.com\/product\/yoast-seo-wordpress\/ -->\n<title>Mediar\u00e5dgivning - Annonspartner Sverige AB<\/title>\n<meta name=\"description\" content=\"Vi utformar en marknadsf\u00f6ringsplan tillsammans med dig som kund d\u00e4r vi f\u00e5r en bra \u00f6verblick \u00f6ver samtliga investeringar i olika media.\" \/>\n<meta name=\"robots\" content=\"index, follow, max-snippet:-1, max-image-preview:large, max-video-preview:-1\" \/>\n<link rel=\"canonical\" href=\"https:\/\/annonspartner.se\/en\/vara-tjanster\/mediaradgivning\/\" \/>\n<meta property=\"og:locale\" content=\"en_US\" \/>\n<meta property=\"og:type\" content=\"article\" \/>\n<meta property=\"og:title\" content=\"Mediar\u00e5dgivning - Annonspartner Sverige AB\" \/>\n<meta property=\"og:description\" content=\"Vi utformar en marknadsf\u00f6ringsplan tillsammans med dig som kund d\u00e4r vi f\u00e5r en bra \u00f6verblick \u00f6ver samtliga investeringar i olika media.\" \/>\n<meta property=\"og:url\" content=\"https:\/\/annonspartner.se\/en\/vara-tjanster\/mediaradgivning\/\" \/>\n<meta property=\"og:site_name\" content=\"Annonspartner Sverige AB\" \/>\n<meta property=\"article:modified_time\" content=\"2026-02-24T16:52:37+00:00\" \/>\n<meta name=\"twitter:card\" content=\"summary_large_image\" \/>\n<meta name=\"twitter:label1\" content=\"Est. reading time\" \/>\n\t<meta name=\"twitter:data1\" content=\"1 minute\" \/>\n<script type=\"application\/ld+json\" class=\"yoast-schema-graph\">{\"@context\":\"https:\/\/schema.org\",\"@graph\":[{\"@type\":\"WebPage\",\"@id\":\"https:\/\/annonspartner.se\/vara-tjanster\/mediaradgivning\/\",\"url\":\"https:\/\/annonspartner.se\/vara-tjanster\/mediaradgivning\/\",\"name\":\"Mediar\u00e5dgivning - Annonspartner Sverige AB\",\"isPartOf\":{\"@id\":\"https:\/\/annonspartner.se\/#website\"},\"datePublished\":\"2019-10-08T19:29:18+00:00\",\"dateModified\":\"2026-02-24T16:52:37+00:00\",\"description\":\"Vi utformar en marknadsf\u00f6ringsplan tillsammans med dig som kund d\u00e4r vi f\u00e5r en bra \u00f6verblick \u00f6ver samtliga investeringar i olika media.\",\"breadcrumb\":{\"@id\":\"https:\/\/annonspartner.se\/vara-tjanster\/mediaradgivning\/#breadcrumb\"},\"inLanguage\":\"en-US\",\"potentialAction\":[{\"@type\":\"ReadAction\",\"target\":[\"https:\/\/annonspartner.se\/vara-tjanster\/mediaradgivning\/\"]}]},{\"@type\":\"BreadcrumbList\",\"@id\":\"https:\/\/annonspartner.se\/vara-tjanster\/mediaradgivning\/#breadcrumb\",\"itemListElement\":[{\"@type\":\"ListItem\",\"position\":1,\"name\":\"Hem\",\"item\":\"https:\/\/annonspartner.se\/\"},{\"@type\":\"ListItem\",\"position\":2,\"name\":\"V\u00e5ra tj\u00e4nster\",\"item\":\"https:\/\/annonspartner.se\/vara-tjanster\/\"},{\"@type\":\"ListItem\",\"position\":3,\"name\":\"Mediar\u00e5dgivning\"}]},{\"@type\":\"WebSite\",\"@id\":\"https:\/\/annonspartner.se\/#website\",\"url\":\"https:\/\/annonspartner.se\/\",\"name\":\"Annonspartner Sverige AB\",\"description\":\"Reklambyr\u00e5\",\"potentialAction\":[{\"@type\":\"SearchAction\",\"target\":{\"@type\":\"EntryPoint\",\"urlTemplate\":\"https:\/\/annonspartner.se\/?s={search_term_string}\"},\"query-input\":{\"@type\":\"PropertyValueSpecification\",\"valueRequired\":true,\"valueName\":\"search_term_string\"}}],\"inLanguage\":\"en-US\"}]}<\/script>\n<!-- \/ Yoast SEO plugin. -->","yoast_head_json":{"title":"Mediar\u00e5dgivning - Annonspartner Sverige AB","description":"Vi utformar en marknadsf\u00f6ringsplan tillsammans med dig som kund d\u00e4r vi f\u00e5r en bra \u00f6verblick \u00f6ver samtliga investeringar i olika media.","robots":{"index":"index","follow":"follow","max-snippet":"max-snippet:-1","max-image-preview":"max-image-preview:large","max-video-preview":"max-video-preview:-1"},"canonical":"https:\/\/annonspartner.se\/en\/vara-tjanster\/mediaradgivning\/","og_locale":"en_US","og_type":"article","og_title":"Mediar\u00e5dgivning - Annonspartner Sverige AB","og_description":"Vi utformar en marknadsf\u00f6ringsplan tillsammans med dig som kund d\u00e4r vi f\u00e5r en bra \u00f6verblick \u00f6ver samtliga investeringar i olika media.","og_url":"https:\/\/annonspartner.se\/en\/vara-tjanster\/mediaradgivning\/","og_site_name":"Annonspartner Sverige AB","article_modified_time":"2026-02-24T16:52:37+00:00","twitter_card":"summary_large_image","twitter_misc":{"Est. reading time":"1 minute"},"schema":{"@context":"https:\/\/schema.org","@graph":[{"@type":"WebPage","@id":"https:\/\/annonspartner.se\/vara-tjanster\/mediaradgivning\/","url":"https:\/\/annonspartner.se\/vara-tjanster\/mediaradgivning\/","name":"Mediar\u00e5dgivning - Annonspartner Sverige AB","isPartOf":{"@id":"https:\/\/annonspartner.se\/#website"},"datePublished":"2019-10-08T19:29:18+00:00","dateModified":"2026-02-24T16:52:37+00:00","description":"Vi utformar en marknadsf\u00f6ringsplan tillsammans med dig som kund d\u00e4r vi f\u00e5r en bra \u00f6verblick \u00f6ver samtliga investeringar i olika media.","breadcrumb":{"@id":"https:\/\/annonspartner.se\/vara-tjanster\/mediaradgivning\/#breadcrumb"},"inLanguage":"en-US","potentialAction":[{"@type":"ReadAction","target":["https:\/\/annonspartner.se\/vara-tjanster\/mediaradgivning\/"]}]},{"@type":"BreadcrumbList","@id":"https:\/\/annonspartner.se\/vara-tjanster\/mediaradgivning\/#breadcrumb","itemListElement":[{"@type":"ListItem","position":1,"name":"Hem","item":"https:\/\/annonspartner.se\/"},{"@type":"ListItem","position":2,"name":"V\u00e5ra tj\u00e4nster","item":"https:\/\/annonspartner.se\/vara-tjanster\/"},{"@type":"ListItem","position":3,"name":"Mediar\u00e5dgivning"}]},{"@type":"WebSite","@id":"https:\/\/annonspartner.se\/#website","url":"https:\/\/annonspartner.se\/","name":"Advertising Partner","description":"Reklambyr\u00e5","potentialAction":[{"@type":"SearchAction","target":{"@type":"EntryPoint","urlTemplate":"https:\/\/annonspartner.se\/?s={search_term_string}"},"query-input":{"@type":"PropertyValueSpecification","valueRequired":true,"valueName":"search_term_string"}}],"inLanguage":"en-US"}]}},"_links":{"self":[{"href":"https:\/\/annonspartner.se\/en\/wp-json\/wp\/v2\/pages\/709","targetHints":{"allow":["GET"]}}],"collection":[{"href":"https:\/\/annonspartner.se\/en\/wp-json\/wp\/v2\/pages"}],"about":[{"href":"https:\/\/annonspartner.se\/en\/wp-json\/wp\/v2\/types\/page"}],"author":[{"embeddable":true,"href":"https:\/\/annonspartner.se\/en\/wp-json\/wp\/v2\/users\/4"}],"replies":[{"embeddable":true,"href":"https:\/\/annonspartner.se\/en\/wp-json\/wp\/v2\/comments?post=709"}],"version-history":[{"count":1,"href":"https:\/\/annonspartner.se\/en\/wp-json\/wp\/v2\/pages\/709\/revisions"}],"predecessor-version":[{"id":1218,"href":"https:\/\/annonspartner.se\/en\/wp-json\/wp\/v2\/pages\/709\/revisions\/1218"}],"up":[{"embeddable":true,"href":"https:\/\/annonspartner.se\/en\/wp-json\/wp\/v2\/pages\/700"}],"wp:attachment":[{"href":"https:\/\/annonspartner.se\/en\/wp-json\/wp\/v2\/media?parent=709"}],"curies":[{"name":"wp","href":"https:\/\/api.w.org\/{rel}","templated":true}]}}