{"id":711,"date":"2019-10-08T21:31:34","date_gmt":"2019-10-08T19:31:34","guid":{"rendered":"https:\/\/annonspartner.se\/?page_id=711"},"modified":"2020-01-22T14:47:55","modified_gmt":"2020-01-22T13:47:55","slug":"annonser-tidning-tryck","status":"publish","type":"page","link":"https:\/\/annonspartner.se\/en\/vara-tjanster\/annonser-tidning-tryck\/","title":{"rendered":"Advertising newspaper &amp; print"},"content":{"rendered":"<div class=\"panel-pane pane-page-title\">\n<div class=\"pane-content\">\n<h1><span style=\"color: #eb9400;\">Produce Ads<\/span><\/h1>\n<\/div>\n<\/div>\n<div class=\"field field-name-field-lu-page-lead field-type-text-long field-label-hidden\">\n<div class=\"field-items\">\n<div class=\"field-item even field-first field-last\">We help you design and produce ads that highlight your business's message, while clearly communicating your company's heart and profile. When we produce your ad, we also have to take into account the conditions that apply to the newspaper you are going to advertise in. We find out summary information about the printed matter, which elements should be included, technical advice and any links to uploading material.<\/div>\n<\/div>\n<\/div>\n<div class=\"field field-name-field-ns-page-body field-type-text-long field-label-hidden\">\n<div class=\"field-items\">\n<div class=\"field-item even field-first field-last\">\n<p>Are you going to advertise a job vacancy? For job advertisements, special rules may apply.<\/p>\n<h2><span style=\"color: #eb9400;\">Graphic design<\/span><\/h2>\n<p>If you want help with layout and production of originals, you can contact us. Print media often charge an extra fee to produce an ad (although they usually say it's included in the price). If you have our marketing service, help with the production of advertisements and submission of originals for printing is included.<\/p>\n<p>Our layout department helps you with both layout and ad originals at competitive prices.<\/p>\n<h2><span style=\"color: #eb9400;\">Planning of advertisement<\/span><\/h2>\n<p>Before we start designing your ad, we contact the newspaper to book insertion(s), agree on format, cost, deadline for materials and technical requirements. It gives you good conditions for a successful outcome of the targeting of the ad.<\/p>\n<h2><span style=\"color: #eb9400;\">Production phase<\/span><\/h2>\n<p>In our image and media bank we have most of what we need to produce ad originals: photos, layout template, logos, images and fonts. However, we would like you to contribute your own photos from your business. We ensure that your images are image edited to the best quality.<\/p>\n<h2><span style=\"color: #eb9400;\">Original work<\/span><\/h2>\n<p>When advertising in the daily press, you must always create an ad in the final size. That is, the format you have booked. By varying images and color choices, we find an expression that suits your business and target group - feel free to look at the examples that we show under references from other of our customers.<\/p>\n<p>In most advertisements, you should consider including:<\/p>\n<ul>\n<li><strong>Logotype<\/strong><br \/>\nIt must be clear who is the sender of the message in the ad.<\/li>\n<li><strong>Typeface<\/strong><br \/>\nTypography for headlines, body text, introduction and so on should follow your graphic profile.<\/li>\n<li><strong>Colors<\/strong><br \/>\nRemember that your profile colors should be used. These lay the foundation for your recognition in the media noise.<\/li>\n<\/ul>\n<h2><span style=\"color: #eb9400;\">Original delivery<\/span><\/h2>\n<p>Most daily newspapers in The U.S follow a standard for advertising management set by the industry organization. We make sure to collect the information we need when advertising. We then hand over a printable PDF.<\/p>\n<h3><span style=\"color: #eb9400;\">Complete pictures<\/span><\/h3>\n<p>If your ad contains images, they should be completed before delivery to print. This means, in addition to normal image processing such as setting black\/white point, shades, contrast, etc., that:<\/p>\n<ul>\n<li>The images must be resized (normally reduced) so that they have the correct effective resolution.<\/li>\n<li>Once the images are the right size and resolution, they should also be sharpened.<\/li>\n<li>The images should be converted to CMYK (separated) via a color profile (ICC\/ICM).<\/li>\n<li>ATTENTION! If you have received image material in CMYK, which has previously been used in print production, it is not certain that the images will work for daily newspaper printing. One should then convert the images to RGB and, after any adjustments, convert them to CMYK again. Daily press printing is extra sensitive because the paper of the daily newspapers cannot withstand a higher amount of ink than 240%. An image separated for printing on coated paper can have a color amount of over 300%, which results in smearing and incorrect color reproduction when printed in daily press.<\/li>\n<\/ul>\n<h2><span style=\"color: #eb9400;\">Checklist<\/span><\/h2>\n<ul>\n<li>What standard does the newspaper in question want the ad original in.<\/li>\n<\/ul>\n<ul>\n<li>Check current color profiles (ICC\/ICM) and job options to export a correct PDF.<\/li>\n<\/ul>\n<ul>\n<li>Check that images used are of sufficient resolution.<\/li>\n<\/ul>\n<ul>\n<li>Be out in time. All newspapers have fixed submission times for the different days of the week and special times for appendices.<\/li>\n<\/ul>\n<\/div>\n<\/div>\n<\/div>","protected":false},"excerpt":{"rendered":"<p>Producera annonser Vi hj\u00e4lper dig att utforma och producera annonser som lyfter fram din verksamhets budskap, samtidigt som ditt f\u00f6retags hj\u00e4rta och profil kommuniceras p\u00e5 ett tydligt s\u00e4tt. N\u00e4r vi producerar din annons m\u00e5ste vi dessutom ta h\u00e4nsyn till de f\u00f6ruts\u00e4ttningar som g\u00e4ller f\u00f6r den tidning du ska annonsera i. Vi tar reda p\u00e5 sammanfattande [&hellip;]<\/p>","protected":false},"author":4,"featured_media":0,"parent":700,"menu_order":0,"comment_status":"closed","ping_status":"closed","template":"","meta":{"_acf_changed":false,"footnotes":""},"class_list":["post-711","page","type-page","status-publish","hentry"],"acf":[],"yoast_head":"<!-- This site is optimized with the Yoast SEO plugin v26.8 - https:\/\/yoast.com\/product\/yoast-seo-wordpress\/ -->\n<title>Annonser tidning &amp; tryck - Annonspartner Sverige AB<\/title>\n<meta name=\"robots\" content=\"index, follow, max-snippet:-1, max-image-preview:large, max-video-preview:-1\" \/>\n<link rel=\"canonical\" href=\"https:\/\/annonspartner.se\/en\/vara-tjanster\/annonser-tidning-tryck\/\" \/>\n<meta property=\"og:locale\" content=\"en_US\" \/>\n<meta property=\"og:type\" content=\"article\" \/>\n<meta property=\"og:title\" content=\"Annonser tidning &amp; tryck - Annonspartner Sverige AB\" \/>\n<meta property=\"og:description\" content=\"Producera annonser Vi hj\u00e4lper dig att utforma och producera annonser som lyfter fram din verksamhets budskap, samtidigt som ditt f\u00f6retags hj\u00e4rta och profil kommuniceras p\u00e5 ett tydligt s\u00e4tt. N\u00e4r vi producerar din annons m\u00e5ste vi dessutom ta h\u00e4nsyn till de f\u00f6ruts\u00e4ttningar som g\u00e4ller f\u00f6r den tidning du ska annonsera i. Vi tar reda p\u00e5 sammanfattande [&hellip;]\" \/>\n<meta property=\"og:url\" content=\"https:\/\/annonspartner.se\/en\/vara-tjanster\/annonser-tidning-tryck\/\" \/>\n<meta property=\"og:site_name\" content=\"Annonspartner Sverige AB\" \/>\n<meta property=\"article:modified_time\" content=\"2020-01-22T13:47:55+00:00\" \/>\n<meta name=\"twitter:card\" content=\"summary_large_image\" \/>\n<meta name=\"twitter:label1\" content=\"Est. reading time\" \/>\n\t<meta name=\"twitter:data1\" content=\"3 minutes\" \/>\n<script type=\"application\/ld+json\" class=\"yoast-schema-graph\">{\"@context\":\"https:\/\/schema.org\",\"@graph\":[{\"@type\":\"WebPage\",\"@id\":\"https:\/\/annonspartner.se\/vara-tjanster\/annonser-tidning-tryck\/\",\"url\":\"https:\/\/annonspartner.se\/vara-tjanster\/annonser-tidning-tryck\/\",\"name\":\"Annonser tidning & tryck - Annonspartner Sverige AB\",\"isPartOf\":{\"@id\":\"https:\/\/annonspartner.se\/#website\"},\"datePublished\":\"2019-10-08T19:31:34+00:00\",\"dateModified\":\"2020-01-22T13:47:55+00:00\",\"breadcrumb\":{\"@id\":\"https:\/\/annonspartner.se\/vara-tjanster\/annonser-tidning-tryck\/#breadcrumb\"},\"inLanguage\":\"en-US\",\"potentialAction\":[{\"@type\":\"ReadAction\",\"target\":[\"https:\/\/annonspartner.se\/vara-tjanster\/annonser-tidning-tryck\/\"]}]},{\"@type\":\"BreadcrumbList\",\"@id\":\"https:\/\/annonspartner.se\/vara-tjanster\/annonser-tidning-tryck\/#breadcrumb\",\"itemListElement\":[{\"@type\":\"ListItem\",\"position\":1,\"name\":\"Hem\",\"item\":\"https:\/\/annonspartner.se\/\"},{\"@type\":\"ListItem\",\"position\":2,\"name\":\"V\u00e5ra tj\u00e4nster\",\"item\":\"https:\/\/annonspartner.se\/vara-tjanster\/\"},{\"@type\":\"ListItem\",\"position\":3,\"name\":\"Annonser tidning &#038; tryck\"}]},{\"@type\":\"WebSite\",\"@id\":\"https:\/\/annonspartner.se\/#website\",\"url\":\"https:\/\/annonspartner.se\/\",\"name\":\"Annonspartner Sverige AB\",\"description\":\"Reklambyr\u00e5\",\"potentialAction\":[{\"@type\":\"SearchAction\",\"target\":{\"@type\":\"EntryPoint\",\"urlTemplate\":\"https:\/\/annonspartner.se\/?s={search_term_string}\"},\"query-input\":{\"@type\":\"PropertyValueSpecification\",\"valueRequired\":true,\"valueName\":\"search_term_string\"}}],\"inLanguage\":\"en-US\"}]}<\/script>\n<!-- \/ Yoast SEO plugin. -->","yoast_head_json":{"title":"Annonser tidning & tryck - Annonspartner Sverige AB","robots":{"index":"index","follow":"follow","max-snippet":"max-snippet:-1","max-image-preview":"max-image-preview:large","max-video-preview":"max-video-preview:-1"},"canonical":"https:\/\/annonspartner.se\/en\/vara-tjanster\/annonser-tidning-tryck\/","og_locale":"en_US","og_type":"article","og_title":"Annonser tidning & tryck - Annonspartner Sverige AB","og_description":"Producera annonser Vi hj\u00e4lper dig att utforma och producera annonser som lyfter fram din verksamhets budskap, samtidigt som ditt f\u00f6retags hj\u00e4rta och profil kommuniceras p\u00e5 ett tydligt s\u00e4tt. N\u00e4r vi producerar din annons m\u00e5ste vi dessutom ta h\u00e4nsyn till de f\u00f6ruts\u00e4ttningar som g\u00e4ller f\u00f6r den tidning du ska annonsera i. Vi tar reda p\u00e5 sammanfattande [&hellip;]","og_url":"https:\/\/annonspartner.se\/en\/vara-tjanster\/annonser-tidning-tryck\/","og_site_name":"Annonspartner Sverige AB","article_modified_time":"2020-01-22T13:47:55+00:00","twitter_card":"summary_large_image","twitter_misc":{"Est. reading time":"3 minutes"},"schema":{"@context":"https:\/\/schema.org","@graph":[{"@type":"WebPage","@id":"https:\/\/annonspartner.se\/vara-tjanster\/annonser-tidning-tryck\/","url":"https:\/\/annonspartner.se\/vara-tjanster\/annonser-tidning-tryck\/","name":"Annonser tidning & tryck - Annonspartner Sverige AB","isPartOf":{"@id":"https:\/\/annonspartner.se\/#website"},"datePublished":"2019-10-08T19:31:34+00:00","dateModified":"2020-01-22T13:47:55+00:00","breadcrumb":{"@id":"https:\/\/annonspartner.se\/vara-tjanster\/annonser-tidning-tryck\/#breadcrumb"},"inLanguage":"en-US","potentialAction":[{"@type":"ReadAction","target":["https:\/\/annonspartner.se\/vara-tjanster\/annonser-tidning-tryck\/"]}]},{"@type":"BreadcrumbList","@id":"https:\/\/annonspartner.se\/vara-tjanster\/annonser-tidning-tryck\/#breadcrumb","itemListElement":[{"@type":"ListItem","position":1,"name":"Hem","item":"https:\/\/annonspartner.se\/"},{"@type":"ListItem","position":2,"name":"V\u00e5ra tj\u00e4nster","item":"https:\/\/annonspartner.se\/vara-tjanster\/"},{"@type":"ListItem","position":3,"name":"Annonser tidning &#038; tryck"}]},{"@type":"WebSite","@id":"https:\/\/annonspartner.se\/#website","url":"https:\/\/annonspartner.se\/","name":"Advertising Partner","description":"Reklambyr\u00e5","potentialAction":[{"@type":"SearchAction","target":{"@type":"EntryPoint","urlTemplate":"https:\/\/annonspartner.se\/?s={search_term_string}"},"query-input":{"@type":"PropertyValueSpecification","valueRequired":true,"valueName":"search_term_string"}}],"inLanguage":"en-US"}]}},"_links":{"self":[{"href":"https:\/\/annonspartner.se\/en\/wp-json\/wp\/v2\/pages\/711","targetHints":{"allow":["GET"]}}],"collection":[{"href":"https:\/\/annonspartner.se\/en\/wp-json\/wp\/v2\/pages"}],"about":[{"href":"https:\/\/annonspartner.se\/en\/wp-json\/wp\/v2\/types\/page"}],"author":[{"embeddable":true,"href":"https:\/\/annonspartner.se\/en\/wp-json\/wp\/v2\/users\/4"}],"replies":[{"embeddable":true,"href":"https:\/\/annonspartner.se\/en\/wp-json\/wp\/v2\/comments?post=711"}],"version-history":[{"count":0,"href":"https:\/\/annonspartner.se\/en\/wp-json\/wp\/v2\/pages\/711\/revisions"}],"up":[{"embeddable":true,"href":"https:\/\/annonspartner.se\/en\/wp-json\/wp\/v2\/pages\/700"}],"wp:attachment":[{"href":"https:\/\/annonspartner.se\/en\/wp-json\/wp\/v2\/media?parent=711"}],"curies":[{"name":"wp","href":"https:\/\/api.w.org\/{rel}","templated":true}]}}