{"id":718,"date":"2019-10-08T21:39:41","date_gmt":"2019-10-08T19:39:41","guid":{"rendered":"https:\/\/annonspartner.se\/?page_id=718"},"modified":"2021-02-03T13:49:31","modified_gmt":"2021-02-03T12:49:31","slug":"grafisk-design","status":"publish","type":"page","link":"https:\/\/annonspartner.se\/en\/vara-tjanster\/grafisk-design\/","title":{"rendered":"Graphic Design"},"content":{"rendered":"<h1><span style=\"color: #db901f;\">Forming And Design<\/span><\/h1>\n<p>Graphic design and design is our great interest! We help you with how a printed matter, packaging or graphics in digital media should look. How does your service, product or brand come to its full potential? Layout and design bring out the feeling you want to convey. The A and O of your graphic profile are logo, font, website and color palette. We make sure to keep the common thread from printed material to communication in social media.<\/p>","protected":false},"excerpt":{"rendered":"<p>Formgivning &amp; Design Grafisk design och formgivning \u00e4r v\u00e5rt stora intresse! Vi hj\u00e4lper dig med hur en trycksak, en f\u00f6rpackning eller grafik i digitala medier ska se ut. Hur kommer din tj\u00e4nst, produkt eller varum\u00e4rke till sin fulla r\u00e4tt? Layout och design tar fram den k\u00e4nsla du vill f\u00f6rmedla. A och O i din grafiska [&hellip;]<\/p>","protected":false},"author":4,"featured_media":0,"parent":700,"menu_order":0,"comment_status":"closed","ping_status":"closed","template":"","meta":{"_acf_changed":false,"footnotes":""},"class_list":["post-718","page","type-page","status-publish","hentry"],"acf":[],"yoast_head":"<!-- This site is optimized with the Yoast SEO plugin v26.8 - https:\/\/yoast.com\/product\/yoast-seo-wordpress\/ -->\n<title>Grafisk design - Annonspartner Sverige AB<\/title>\n<meta name=\"robots\" content=\"index, follow, max-snippet:-1, max-image-preview:large, max-video-preview:-1\" \/>\n<link rel=\"canonical\" href=\"https:\/\/annonspartner.se\/en\/vara-tjanster\/grafisk-design\/\" \/>\n<meta property=\"og:locale\" content=\"en_US\" \/>\n<meta property=\"og:type\" content=\"article\" \/>\n<meta property=\"og:title\" content=\"Grafisk design - Annonspartner Sverige AB\" \/>\n<meta property=\"og:description\" content=\"Formgivning &amp; Design Grafisk design och formgivning \u00e4r v\u00e5rt stora intresse! Vi hj\u00e4lper dig med hur en trycksak, en f\u00f6rpackning eller grafik i digitala medier ska se ut. Hur kommer din tj\u00e4nst, produkt eller varum\u00e4rke till sin fulla r\u00e4tt? Layout och design tar fram den k\u00e4nsla du vill f\u00f6rmedla. A och O i din grafiska [&hellip;]\" \/>\n<meta property=\"og:url\" content=\"https:\/\/annonspartner.se\/en\/vara-tjanster\/grafisk-design\/\" \/>\n<meta property=\"og:site_name\" content=\"Annonspartner Sverige AB\" \/>\n<meta property=\"article:modified_time\" content=\"2021-02-03T12:49:31+00:00\" \/>\n<meta name=\"twitter:card\" content=\"summary_large_image\" \/>\n<meta name=\"twitter:label1\" content=\"Est. reading time\" \/>\n\t<meta name=\"twitter:data1\" content=\"1 minute\" \/>\n<script type=\"application\/ld+json\" class=\"yoast-schema-graph\">{\"@context\":\"https:\/\/schema.org\",\"@graph\":[{\"@type\":\"WebPage\",\"@id\":\"https:\/\/annonspartner.se\/vara-tjanster\/grafisk-design\/\",\"url\":\"https:\/\/annonspartner.se\/vara-tjanster\/grafisk-design\/\",\"name\":\"Grafisk design - Annonspartner Sverige AB\",\"isPartOf\":{\"@id\":\"https:\/\/annonspartner.se\/#website\"},\"datePublished\":\"2019-10-08T19:39:41+00:00\",\"dateModified\":\"2021-02-03T12:49:31+00:00\",\"breadcrumb\":{\"@id\":\"https:\/\/annonspartner.se\/vara-tjanster\/grafisk-design\/#breadcrumb\"},\"inLanguage\":\"en-US\",\"potentialAction\":[{\"@type\":\"ReadAction\",\"target\":[\"https:\/\/annonspartner.se\/vara-tjanster\/grafisk-design\/\"]}]},{\"@type\":\"BreadcrumbList\",\"@id\":\"https:\/\/annonspartner.se\/vara-tjanster\/grafisk-design\/#breadcrumb\",\"itemListElement\":[{\"@type\":\"ListItem\",\"position\":1,\"name\":\"Hem\",\"item\":\"https:\/\/annonspartner.se\/\"},{\"@type\":\"ListItem\",\"position\":2,\"name\":\"V\u00e5ra tj\u00e4nster\",\"item\":\"https:\/\/annonspartner.se\/vara-tjanster\/\"},{\"@type\":\"ListItem\",\"position\":3,\"name\":\"Grafisk design\"}]},{\"@type\":\"WebSite\",\"@id\":\"https:\/\/annonspartner.se\/#website\",\"url\":\"https:\/\/annonspartner.se\/\",\"name\":\"Annonspartner Sverige AB\",\"description\":\"Reklambyr\u00e5\",\"potentialAction\":[{\"@type\":\"SearchAction\",\"target\":{\"@type\":\"EntryPoint\",\"urlTemplate\":\"https:\/\/annonspartner.se\/?s={search_term_string}\"},\"query-input\":{\"@type\":\"PropertyValueSpecification\",\"valueRequired\":true,\"valueName\":\"search_term_string\"}}],\"inLanguage\":\"en-US\"}]}<\/script>\n<!-- \/ Yoast SEO plugin. -->","yoast_head_json":{"title":"Grafisk design - Annonspartner Sverige AB","robots":{"index":"index","follow":"follow","max-snippet":"max-snippet:-1","max-image-preview":"max-image-preview:large","max-video-preview":"max-video-preview:-1"},"canonical":"https:\/\/annonspartner.se\/en\/vara-tjanster\/grafisk-design\/","og_locale":"en_US","og_type":"article","og_title":"Grafisk design - Annonspartner Sverige AB","og_description":"Formgivning &amp; Design Grafisk design och formgivning \u00e4r v\u00e5rt stora intresse! Vi hj\u00e4lper dig med hur en trycksak, en f\u00f6rpackning eller grafik i digitala medier ska se ut. Hur kommer din tj\u00e4nst, produkt eller varum\u00e4rke till sin fulla r\u00e4tt? Layout och design tar fram den k\u00e4nsla du vill f\u00f6rmedla. A och O i din grafiska [&hellip;]","og_url":"https:\/\/annonspartner.se\/en\/vara-tjanster\/grafisk-design\/","og_site_name":"Annonspartner Sverige AB","article_modified_time":"2021-02-03T12:49:31+00:00","twitter_card":"summary_large_image","twitter_misc":{"Est. reading time":"1 minute"},"schema":{"@context":"https:\/\/schema.org","@graph":[{"@type":"WebPage","@id":"https:\/\/annonspartner.se\/vara-tjanster\/grafisk-design\/","url":"https:\/\/annonspartner.se\/vara-tjanster\/grafisk-design\/","name":"Grafisk design - Annonspartner Sverige AB","isPartOf":{"@id":"https:\/\/annonspartner.se\/#website"},"datePublished":"2019-10-08T19:39:41+00:00","dateModified":"2021-02-03T12:49:31+00:00","breadcrumb":{"@id":"https:\/\/annonspartner.se\/vara-tjanster\/grafisk-design\/#breadcrumb"},"inLanguage":"en-US","potentialAction":[{"@type":"ReadAction","target":["https:\/\/annonspartner.se\/vara-tjanster\/grafisk-design\/"]}]},{"@type":"BreadcrumbList","@id":"https:\/\/annonspartner.se\/vara-tjanster\/grafisk-design\/#breadcrumb","itemListElement":[{"@type":"ListItem","position":1,"name":"Hem","item":"https:\/\/annonspartner.se\/"},{"@type":"ListItem","position":2,"name":"V\u00e5ra tj\u00e4nster","item":"https:\/\/annonspartner.se\/vara-tjanster\/"},{"@type":"ListItem","position":3,"name":"Grafisk design"}]},{"@type":"WebSite","@id":"https:\/\/annonspartner.se\/#website","url":"https:\/\/annonspartner.se\/","name":"Advertising Partner","description":"Reklambyr\u00e5","potentialAction":[{"@type":"SearchAction","target":{"@type":"EntryPoint","urlTemplate":"https:\/\/annonspartner.se\/?s={search_term_string}"},"query-input":{"@type":"PropertyValueSpecification","valueRequired":true,"valueName":"search_term_string"}}],"inLanguage":"en-US"}]}},"_links":{"self":[{"href":"https:\/\/annonspartner.se\/en\/wp-json\/wp\/v2\/pages\/718","targetHints":{"allow":["GET"]}}],"collection":[{"href":"https:\/\/annonspartner.se\/en\/wp-json\/wp\/v2\/pages"}],"about":[{"href":"https:\/\/annonspartner.se\/en\/wp-json\/wp\/v2\/types\/page"}],"author":[{"embeddable":true,"href":"https:\/\/annonspartner.se\/en\/wp-json\/wp\/v2\/users\/4"}],"replies":[{"embeddable":true,"href":"https:\/\/annonspartner.se\/en\/wp-json\/wp\/v2\/comments?post=718"}],"version-history":[{"count":0,"href":"https:\/\/annonspartner.se\/en\/wp-json\/wp\/v2\/pages\/718\/revisions"}],"up":[{"embeddable":true,"href":"https:\/\/annonspartner.se\/en\/wp-json\/wp\/v2\/pages\/700"}],"wp:attachment":[{"href":"https:\/\/annonspartner.se\/en\/wp-json\/wp\/v2\/media?parent=718"}],"curies":[{"name":"wp","href":"https:\/\/api.w.org\/{rel}","templated":true}]}}