{"id":722,"date":"2019-10-08T21:47:38","date_gmt":"2019-10-08T19:47:38","guid":{"rendered":"https:\/\/annonspartner.se\/?page_id=722"},"modified":"2020-01-22T14:49:02","modified_gmt":"2020-01-22T13:49:02","slug":"foretagsfilm","status":"publish","type":"page","link":"https:\/\/annonspartner.se\/en\/vara-tjanster\/foretagsfilm\/","title":{"rendered":"Corporate film"},"content":{"rendered":"<h1><span style=\"color: #eb9400;\">Youtube<\/span><\/h1>\n<p>Seen on Youtube? We help you make a presentation of your company on YouTube, etc. We create strategies together with you as a customer based on your specific business.<\/p>\n<h2><span style=\"color: #eb9400;\">Onlinevideo<\/span><\/h2>\n<p>Do you want to create a video about your company or product? We produce material for video advertising on the web. Video consumption is constantly increasing and the possibilities are enormous. We make sure that the film is based on demographics, geography and your target group.<\/p>\n<h2><span style=\"color: #eb9400;\">Commercial film<\/span><\/h2>\n<p>We help you create an advertising film based on what you want to expose in the company so that you reach the target group you wish to reach. The film can then also be used in other contexts such as presentation material, website, customer mailings, etc.<\/p>","protected":false},"excerpt":{"rendered":"<p>Youtube Synas p\u00e5 Youtube? Vi hj\u00e4lper er att g\u00f6ra en presentation av ert f\u00f6retag p\u00e5 Youtube mm. Vi l\u00e4gger strategier tillsammans med dig som kund utifr\u00e5n just er verksamhet. Onlinevideo Vill ni skapa en video om ert f\u00f6retag eller produkt? Vi producerar material f\u00f6r videoannonsering p\u00e5 webben. Videokonsumtionen \u00f6kar st\u00e4ndigt och m\u00f6jligheterna \u00e4r enorma. Vi [&hellip;]<\/p>","protected":false},"author":4,"featured_media":0,"parent":700,"menu_order":0,"comment_status":"closed","ping_status":"closed","template":"","meta":{"_acf_changed":false,"footnotes":""},"class_list":["post-722","page","type-page","status-publish","hentry"],"acf":[],"yoast_head":"<!-- This site is optimized with the Yoast SEO plugin v26.8 - https:\/\/yoast.com\/product\/yoast-seo-wordpress\/ -->\n<title>F\u00f6retagsfilm - Annonspartner Sverige AB<\/title>\n<meta name=\"robots\" content=\"index, follow, max-snippet:-1, max-image-preview:large, max-video-preview:-1\" \/>\n<link rel=\"canonical\" href=\"https:\/\/annonspartner.se\/en\/vara-tjanster\/foretagsfilm\/\" \/>\n<meta property=\"og:locale\" content=\"en_US\" \/>\n<meta property=\"og:type\" content=\"article\" \/>\n<meta property=\"og:title\" content=\"F\u00f6retagsfilm - Annonspartner Sverige AB\" \/>\n<meta property=\"og:description\" content=\"Youtube Synas p\u00e5 Youtube? Vi hj\u00e4lper er att g\u00f6ra en presentation av ert f\u00f6retag p\u00e5 Youtube mm. Vi l\u00e4gger strategier tillsammans med dig som kund utifr\u00e5n just er verksamhet. Onlinevideo Vill ni skapa en video om ert f\u00f6retag eller produkt? Vi producerar material f\u00f6r videoannonsering p\u00e5 webben. Videokonsumtionen \u00f6kar st\u00e4ndigt och m\u00f6jligheterna \u00e4r enorma. Vi [&hellip;]\" \/>\n<meta property=\"og:url\" content=\"https:\/\/annonspartner.se\/en\/vara-tjanster\/foretagsfilm\/\" \/>\n<meta property=\"og:site_name\" content=\"Annonspartner Sverige AB\" \/>\n<meta property=\"article:modified_time\" content=\"2020-01-22T13:49:02+00:00\" \/>\n<meta name=\"twitter:card\" content=\"summary_large_image\" \/>\n<meta name=\"twitter:label1\" content=\"Est. reading time\" \/>\n\t<meta name=\"twitter:data1\" content=\"1 minute\" \/>\n<script type=\"application\/ld+json\" class=\"yoast-schema-graph\">{\"@context\":\"https:\/\/schema.org\",\"@graph\":[{\"@type\":\"WebPage\",\"@id\":\"https:\/\/annonspartner.se\/vara-tjanster\/foretagsfilm\/\",\"url\":\"https:\/\/annonspartner.se\/vara-tjanster\/foretagsfilm\/\",\"name\":\"F\u00f6retagsfilm - Annonspartner Sverige AB\",\"isPartOf\":{\"@id\":\"https:\/\/annonspartner.se\/#website\"},\"datePublished\":\"2019-10-08T19:47:38+00:00\",\"dateModified\":\"2020-01-22T13:49:02+00:00\",\"breadcrumb\":{\"@id\":\"https:\/\/annonspartner.se\/vara-tjanster\/foretagsfilm\/#breadcrumb\"},\"inLanguage\":\"en-US\",\"potentialAction\":[{\"@type\":\"ReadAction\",\"target\":[\"https:\/\/annonspartner.se\/vara-tjanster\/foretagsfilm\/\"]}]},{\"@type\":\"BreadcrumbList\",\"@id\":\"https:\/\/annonspartner.se\/vara-tjanster\/foretagsfilm\/#breadcrumb\",\"itemListElement\":[{\"@type\":\"ListItem\",\"position\":1,\"name\":\"Hem\",\"item\":\"https:\/\/annonspartner.se\/\"},{\"@type\":\"ListItem\",\"position\":2,\"name\":\"V\u00e5ra tj\u00e4nster\",\"item\":\"https:\/\/annonspartner.se\/vara-tjanster\/\"},{\"@type\":\"ListItem\",\"position\":3,\"name\":\"F\u00f6retagsfilm\"}]},{\"@type\":\"WebSite\",\"@id\":\"https:\/\/annonspartner.se\/#website\",\"url\":\"https:\/\/annonspartner.se\/\",\"name\":\"Annonspartner Sverige AB\",\"description\":\"Reklambyr\u00e5\",\"potentialAction\":[{\"@type\":\"SearchAction\",\"target\":{\"@type\":\"EntryPoint\",\"urlTemplate\":\"https:\/\/annonspartner.se\/?s={search_term_string}\"},\"query-input\":{\"@type\":\"PropertyValueSpecification\",\"valueRequired\":true,\"valueName\":\"search_term_string\"}}],\"inLanguage\":\"en-US\"}]}<\/script>\n<!-- \/ Yoast SEO plugin. -->","yoast_head_json":{"title":"F\u00f6retagsfilm - Annonspartner Sverige AB","robots":{"index":"index","follow":"follow","max-snippet":"max-snippet:-1","max-image-preview":"max-image-preview:large","max-video-preview":"max-video-preview:-1"},"canonical":"https:\/\/annonspartner.se\/en\/vara-tjanster\/foretagsfilm\/","og_locale":"en_US","og_type":"article","og_title":"F\u00f6retagsfilm - Annonspartner Sverige AB","og_description":"Youtube Synas p\u00e5 Youtube? Vi hj\u00e4lper er att g\u00f6ra en presentation av ert f\u00f6retag p\u00e5 Youtube mm. Vi l\u00e4gger strategier tillsammans med dig som kund utifr\u00e5n just er verksamhet. Onlinevideo Vill ni skapa en video om ert f\u00f6retag eller produkt? Vi producerar material f\u00f6r videoannonsering p\u00e5 webben. Videokonsumtionen \u00f6kar st\u00e4ndigt och m\u00f6jligheterna \u00e4r enorma. Vi [&hellip;]","og_url":"https:\/\/annonspartner.se\/en\/vara-tjanster\/foretagsfilm\/","og_site_name":"Annonspartner Sverige AB","article_modified_time":"2020-01-22T13:49:02+00:00","twitter_card":"summary_large_image","twitter_misc":{"Est. reading time":"1 minute"},"schema":{"@context":"https:\/\/schema.org","@graph":[{"@type":"WebPage","@id":"https:\/\/annonspartner.se\/vara-tjanster\/foretagsfilm\/","url":"https:\/\/annonspartner.se\/vara-tjanster\/foretagsfilm\/","name":"F\u00f6retagsfilm - Annonspartner Sverige AB","isPartOf":{"@id":"https:\/\/annonspartner.se\/#website"},"datePublished":"2019-10-08T19:47:38+00:00","dateModified":"2020-01-22T13:49:02+00:00","breadcrumb":{"@id":"https:\/\/annonspartner.se\/vara-tjanster\/foretagsfilm\/#breadcrumb"},"inLanguage":"en-US","potentialAction":[{"@type":"ReadAction","target":["https:\/\/annonspartner.se\/vara-tjanster\/foretagsfilm\/"]}]},{"@type":"BreadcrumbList","@id":"https:\/\/annonspartner.se\/vara-tjanster\/foretagsfilm\/#breadcrumb","itemListElement":[{"@type":"ListItem","position":1,"name":"Hem","item":"https:\/\/annonspartner.se\/"},{"@type":"ListItem","position":2,"name":"V\u00e5ra tj\u00e4nster","item":"https:\/\/annonspartner.se\/vara-tjanster\/"},{"@type":"ListItem","position":3,"name":"F\u00f6retagsfilm"}]},{"@type":"WebSite","@id":"https:\/\/annonspartner.se\/#website","url":"https:\/\/annonspartner.se\/","name":"Advertising Partner","description":"Reklambyr\u00e5","potentialAction":[{"@type":"SearchAction","target":{"@type":"EntryPoint","urlTemplate":"https:\/\/annonspartner.se\/?s={search_term_string}"},"query-input":{"@type":"PropertyValueSpecification","valueRequired":true,"valueName":"search_term_string"}}],"inLanguage":"en-US"}]}},"_links":{"self":[{"href":"https:\/\/annonspartner.se\/en\/wp-json\/wp\/v2\/pages\/722","targetHints":{"allow":["GET"]}}],"collection":[{"href":"https:\/\/annonspartner.se\/en\/wp-json\/wp\/v2\/pages"}],"about":[{"href":"https:\/\/annonspartner.se\/en\/wp-json\/wp\/v2\/types\/page"}],"author":[{"embeddable":true,"href":"https:\/\/annonspartner.se\/en\/wp-json\/wp\/v2\/users\/4"}],"replies":[{"embeddable":true,"href":"https:\/\/annonspartner.se\/en\/wp-json\/wp\/v2\/comments?post=722"}],"version-history":[{"count":0,"href":"https:\/\/annonspartner.se\/en\/wp-json\/wp\/v2\/pages\/722\/revisions"}],"up":[{"embeddable":true,"href":"https:\/\/annonspartner.se\/en\/wp-json\/wp\/v2\/pages\/700"}],"wp:attachment":[{"href":"https:\/\/annonspartner.se\/en\/wp-json\/wp\/v2\/media?parent=722"}],"curies":[{"name":"wp","href":"https:\/\/api.w.org\/{rel}","templated":true}]}}