{"id":881,"date":"2020-01-23T13:42:28","date_gmt":"2020-01-23T12:42:28","guid":{"rendered":"https:\/\/annonspartner.se\/?page_id=881"},"modified":"2026-02-24T17:53:23","modified_gmt":"2026-02-24T16:53:23","slug":"pr-byra","status":"publish","type":"page","link":"https:\/\/annonspartner.se\/en\/pr-byra\/","title":{"rendered":"Mediabyr\u00e5"},"content":{"rendered":"<h2 style=\"text-align: center;\"><span style=\"color: #eb9400;\">Vi \u00e4r en privat exklusiv mediabyr\u00e5 som erbjuder ett brett urval av tj\u00e4nster inom omr\u00e5det marknadsf\u00f6ring. V\u00e5ra ledord \u00e4r kvalitet, trygghet, smidighet. <\/span><\/h2>\n<p style=\"text-align: center;\">V\u00e5ra kunder finns idag i Sverige, Norden och USA. Vi g\u00f6r alltid det lilla extra f\u00f6r dig som kund och tryggheten \u00e5terspeglar sig i mer \u00e4n 20 \u00e5r i branschen.<br \/>\nWith us, you always get a personal contact and never a chatbot or auto-reply.<br \/>\nWe are always available to you as a customer for all types of matters. We make it efficient, smooth and easy for you as a customer and you can focus your time on what you do best, so we focus on what we do best.<br \/>\nWe help you to be seen in the right places at the right prices.<\/p>","protected":false},"excerpt":{"rendered":"<p>Vi \u00e4r en privat exklusiv mediabyr\u00e5 som erbjuder ett brett urval av tj\u00e4nster inom omr\u00e5det marknadsf\u00f6ring. V\u00e5ra ledord \u00e4r kvalitet, trygghet, smidighet. V\u00e5ra kunder finns idag i Sverige, Norden och USA. Vi g\u00f6r alltid det lilla extra f\u00f6r dig som kund och tryggheten \u00e5terspeglar sig i mer \u00e4n 20 \u00e5r i branschen. Hos oss f\u00e5r [&hellip;]<\/p>","protected":false},"author":4,"featured_media":0,"parent":0,"menu_order":0,"comment_status":"closed","ping_status":"closed","template":"","meta":{"_acf_changed":false,"footnotes":""},"class_list":["post-881","page","type-page","status-publish","hentry"],"acf":[],"yoast_head":"<!-- This site is optimized with the Yoast SEO plugin v26.8 - https:\/\/yoast.com\/product\/yoast-seo-wordpress\/ -->\n<title>Mediabyr\u00e5 - Annonspartner Sverige AB<\/title>\n<meta name=\"description\" content=\"Vi \u00e4r en privat exklusiv mediebyr\u00e5 som erbjuder ett brett urval av tj\u00e4nster inom omr\u00e5det marknadsf\u00f6ring. Kvalitet, trygghet, smidighet.\" \/>\n<meta name=\"robots\" content=\"index, follow, max-snippet:-1, max-image-preview:large, max-video-preview:-1\" \/>\n<link rel=\"canonical\" href=\"https:\/\/annonspartner.se\/en\/pr-byra\/\" \/>\n<meta property=\"og:locale\" content=\"en_US\" \/>\n<meta property=\"og:type\" content=\"article\" \/>\n<meta property=\"og:title\" content=\"Mediabyr\u00e5 - Annonspartner Sverige AB\" \/>\n<meta property=\"og:description\" content=\"Vi \u00e4r en privat exklusiv mediebyr\u00e5 som erbjuder ett brett urval av tj\u00e4nster inom omr\u00e5det marknadsf\u00f6ring. Kvalitet, trygghet, smidighet.\" \/>\n<meta property=\"og:url\" content=\"https:\/\/annonspartner.se\/en\/pr-byra\/\" \/>\n<meta property=\"og:site_name\" content=\"Annonspartner Sverige AB\" \/>\n<meta property=\"article:modified_time\" content=\"2026-02-24T16:53:23+00:00\" \/>\n<meta name=\"twitter:card\" content=\"summary_large_image\" \/>\n<meta name=\"twitter:label1\" content=\"Est. reading time\" \/>\n\t<meta name=\"twitter:data1\" content=\"1 minute\" \/>\n<script type=\"application\/ld+json\" class=\"yoast-schema-graph\">{\"@context\":\"https:\/\/schema.org\",\"@graph\":[{\"@type\":\"WebPage\",\"@id\":\"https:\/\/annonspartner.se\/pr-byra\/\",\"url\":\"https:\/\/annonspartner.se\/pr-byra\/\",\"name\":\"Mediabyr\u00e5 - Annonspartner Sverige AB\",\"isPartOf\":{\"@id\":\"https:\/\/annonspartner.se\/#website\"},\"datePublished\":\"2020-01-23T12:42:28+00:00\",\"dateModified\":\"2026-02-24T16:53:23+00:00\",\"description\":\"Vi \u00e4r en privat exklusiv mediebyr\u00e5 som erbjuder ett brett urval av tj\u00e4nster inom omr\u00e5det marknadsf\u00f6ring. Kvalitet, trygghet, smidighet.\",\"breadcrumb\":{\"@id\":\"https:\/\/annonspartner.se\/pr-byra\/#breadcrumb\"},\"inLanguage\":\"en-US\",\"potentialAction\":[{\"@type\":\"ReadAction\",\"target\":[\"https:\/\/annonspartner.se\/pr-byra\/\"]}]},{\"@type\":\"BreadcrumbList\",\"@id\":\"https:\/\/annonspartner.se\/pr-byra\/#breadcrumb\",\"itemListElement\":[{\"@type\":\"ListItem\",\"position\":1,\"name\":\"Hem\",\"item\":\"https:\/\/annonspartner.se\/\"},{\"@type\":\"ListItem\",\"position\":2,\"name\":\"Mediabyr\u00e5\"}]},{\"@type\":\"WebSite\",\"@id\":\"https:\/\/annonspartner.se\/#website\",\"url\":\"https:\/\/annonspartner.se\/\",\"name\":\"Annonspartner Sverige AB\",\"description\":\"Reklambyr\u00e5\",\"potentialAction\":[{\"@type\":\"SearchAction\",\"target\":{\"@type\":\"EntryPoint\",\"urlTemplate\":\"https:\/\/annonspartner.se\/?s={search_term_string}\"},\"query-input\":{\"@type\":\"PropertyValueSpecification\",\"valueRequired\":true,\"valueName\":\"search_term_string\"}}],\"inLanguage\":\"en-US\"}]}<\/script>\n<!-- \/ Yoast SEO plugin. -->","yoast_head_json":{"title":"Mediabyr\u00e5 - Annonspartner Sverige AB","description":"Vi \u00e4r en privat exklusiv mediebyr\u00e5 som erbjuder ett brett urval av tj\u00e4nster inom omr\u00e5det marknadsf\u00f6ring. Kvalitet, trygghet, smidighet.","robots":{"index":"index","follow":"follow","max-snippet":"max-snippet:-1","max-image-preview":"max-image-preview:large","max-video-preview":"max-video-preview:-1"},"canonical":"https:\/\/annonspartner.se\/en\/pr-byra\/","og_locale":"en_US","og_type":"article","og_title":"Mediabyr\u00e5 - Annonspartner Sverige AB","og_description":"Vi \u00e4r en privat exklusiv mediebyr\u00e5 som erbjuder ett brett urval av tj\u00e4nster inom omr\u00e5det marknadsf\u00f6ring. Kvalitet, trygghet, smidighet.","og_url":"https:\/\/annonspartner.se\/en\/pr-byra\/","og_site_name":"Annonspartner Sverige AB","article_modified_time":"2026-02-24T16:53:23+00:00","twitter_card":"summary_large_image","twitter_misc":{"Est. reading time":"1 minute"},"schema":{"@context":"https:\/\/schema.org","@graph":[{"@type":"WebPage","@id":"https:\/\/annonspartner.se\/pr-byra\/","url":"https:\/\/annonspartner.se\/pr-byra\/","name":"Mediabyr\u00e5 - Annonspartner Sverige AB","isPartOf":{"@id":"https:\/\/annonspartner.se\/#website"},"datePublished":"2020-01-23T12:42:28+00:00","dateModified":"2026-02-24T16:53:23+00:00","description":"Vi \u00e4r en privat exklusiv mediebyr\u00e5 som erbjuder ett brett urval av tj\u00e4nster inom omr\u00e5det marknadsf\u00f6ring. Kvalitet, trygghet, smidighet.","breadcrumb":{"@id":"https:\/\/annonspartner.se\/pr-byra\/#breadcrumb"},"inLanguage":"en-US","potentialAction":[{"@type":"ReadAction","target":["https:\/\/annonspartner.se\/pr-byra\/"]}]},{"@type":"BreadcrumbList","@id":"https:\/\/annonspartner.se\/pr-byra\/#breadcrumb","itemListElement":[{"@type":"ListItem","position":1,"name":"Hem","item":"https:\/\/annonspartner.se\/"},{"@type":"ListItem","position":2,"name":"Mediabyr\u00e5"}]},{"@type":"WebSite","@id":"https:\/\/annonspartner.se\/#website","url":"https:\/\/annonspartner.se\/","name":"Advertising Partner","description":"Reklambyr\u00e5","potentialAction":[{"@type":"SearchAction","target":{"@type":"EntryPoint","urlTemplate":"https:\/\/annonspartner.se\/?s={search_term_string}"},"query-input":{"@type":"PropertyValueSpecification","valueRequired":true,"valueName":"search_term_string"}}],"inLanguage":"en-US"}]}},"_links":{"self":[{"href":"https:\/\/annonspartner.se\/en\/wp-json\/wp\/v2\/pages\/881","targetHints":{"allow":["GET"]}}],"collection":[{"href":"https:\/\/annonspartner.se\/en\/wp-json\/wp\/v2\/pages"}],"about":[{"href":"https:\/\/annonspartner.se\/en\/wp-json\/wp\/v2\/types\/page"}],"author":[{"embeddable":true,"href":"https:\/\/annonspartner.se\/en\/wp-json\/wp\/v2\/users\/4"}],"replies":[{"embeddable":true,"href":"https:\/\/annonspartner.se\/en\/wp-json\/wp\/v2\/comments?post=881"}],"version-history":[{"count":4,"href":"https:\/\/annonspartner.se\/en\/wp-json\/wp\/v2\/pages\/881\/revisions"}],"predecessor-version":[{"id":2007,"href":"https:\/\/annonspartner.se\/en\/wp-json\/wp\/v2\/pages\/881\/revisions\/2007"}],"wp:attachment":[{"href":"https:\/\/annonspartner.se\/en\/wp-json\/wp\/v2\/media?parent=881"}],"curies":[{"name":"wp","href":"https:\/\/api.w.org\/{rel}","templated":true}]}}